{"id":58492,"date":"2023-11-30T19:11:44","date_gmt":"2023-11-30T18:11:44","guid":{"rendered":"https:\/\/www.lespaillettesvertes.ch\/produit\/le-carre-washable-paper-towel-poya-by-corinne-karnstadt\/"},"modified":"2023-11-30T19:11:44","modified_gmt":"2023-11-30T18:11:44","slug":"le-carre-washable-paper-towel-poya-by-corinne-karnstadt","status":"publish","type":"product","link":"https:\/\/www.lespaillettesvertes.ch\/en\/produit\/le-carre-washable-paper-towel-poya-by-corinne-karnstadt\/","title":{"rendered":"&#8220;Le Carr\u00e9&#8221; washable paper towel &#8211; POYA by Corinne Karnst\u00e4dt"},"content":{"rendered":"<h3>&#8220;Le Carr\u00e9&#8221; washable paper towel &#8211; POYA by Corinne Karnst\u00e4dt by Les Paillettes Vertes<\/h3>\n<p><strong>&#8220;Le Carr\u00e9&#8221;<\/strong> is a highly <strong>absorbent, soft, reusable and eco-friendly<\/strong> terry <strong>towel<\/strong>.<\/p>\n<p>For <strong>absorbing liquids<\/strong>, <strong>cleaning<\/strong> the kitchen or bathroom, <strong>sponging <\/strong>your table,<strong> polishing<\/strong>windows, washing your children&#8217;s hands or wiping the dog&#8217;s paws, &#8220;Le Carr\u00e9&#8221; is <strong>ultra-versatile<\/strong>. Highly absorbent, it&#8217;s pleasantly soft and lint-free. <\/p>\n<p>When the need arises, simply run it through the <strong>washing machine<\/strong> or <strong>dishwasher<\/strong> (up to <strong>95\u00b0C<\/strong>!). To<strong> revive its color<\/strong>, bathe it in a warm solution of sodium percarbonate. <\/p>\n<p>As you can see, &#8220;Le Carr\u00e9&#8221; <strong>can be used again, and again, and again<\/strong>! It&#8217;ll <strong>last for months <\/strong>, and when it&#8217;s too worn, simply <strong>compost<\/strong> it.<\/p>\n<p>Made from <strong>100% natural fibers<\/strong> (70% wood cellulose \/ 30% cotton), &#8220;Le Carr\u00e9&#8221; is <strong>perfectly biodegradable<\/strong> and even <strong>compostable<\/strong>! In fact, it <strong>decomposes<\/strong> in your soil or compost <strong>in 24 weeks<\/strong>.<\/p>\n<p><strong>This new round Poya <\/strong>is made from<strong>paper cut<\/strong> by artist <strong>Corinne Karnst\u00e4dt. <\/strong>A native of the Pays d&#8217;En-Haut region, she practises <strong>the art of paper-cutting <\/strong>in her beautiful workshop in<strong> Ch\u00e2teau d&#8217;Oex<\/strong>.<\/p>\n<ul>\n<li>Dishwasher- and <strong>machine-washable<\/strong> up to <strong>300 times<\/strong><\/li>\n<li>70% Norwegian FSC wood pulp \/ 30% GOTS cotton.<\/li>\n<li>Water-soluble inks<\/li>\n<li>Fully <strong>compostable<\/strong> in 24 weeks<\/li>\n<li>Format: approx. 170 x 195 mm<\/li>\n<\/ul>\n<p><strong>Designed in Lausanne<\/strong>, manufactured and printed in <strong>Germany<\/strong><\/p>\n<p>While stocks last.<\/p>\n<h3>About the brand<\/h3>\n<p>Les Paillettes Vertes launch their own eco-responsible products!<\/p>\n<p>Our aim is to offer a range of<strong>sustainable, effective objects<\/strong> that provide<strong> healthy alternatives<\/strong> to mass-market products and enable consumers to take action on a daily basis for the good of the planet.<\/p>\n<p>Through our Le Carr\u00e9 project, we hope to be able to showcase <strong>local artists<\/strong>, to dress up Le Carr\u00e9 as an everyday object for a while, and <strong>bring color and poetry into our homes<\/strong>&#8230;<\/p>\n<p><strong>About us&#8230;<\/strong><\/p>\n<p>Corinne Karnst\u00e4dt &#8211; K&#8217;Creations<\/p>\n<p>Originally from<strong> Ch\u00e2teau d&#8217;Oex<\/strong>, Corinne Karnst\u00e4dt grew up on the shores of Lake Geneva and returned to the <strong>Pays d&#8217;En-Haut<\/strong> with her family, where she turned her attention to the art of <strong>paper decoupage<\/strong>.<\/p>\n<p>Self-taught, she is passionate about this evergreen art form, which is part of the<strong> living traditions of the canton of Vaud<\/strong>. In her beautiful workshop in Ch\u00e2teau d&#8217;Oex, Corinne tells stories, cutter in hand, and creates <strong>incredible works of paper lace<\/strong>. Her cut-outs are like <strong>paintings<\/strong>, transposed onto <strong>clocks, lamps, cards and announcements<\/strong>,<strong> in miniature<\/strong> or <strong>monumental format<\/strong>, like a wrought-iron gate!  <\/p>\n<p>We&#8217;re delighted to present the fruit of this new collaboration.<\/p>\n<p>Further information <a href=\"https:\/\/kcreation.ch\/\" target=\"_blank\" rel=\"noopener\"><strong>https:\/\/kcreation.ch\/<\/strong><\/a><\/p>\n<h3><\/h3>\n<p>&nbsp;<\/p>\n<p>&nbsp;<\/p>\n","protected":false},"excerpt":{"rendered":"<p><strong>Ultra-absorbent<\/strong>, 100% <strong>biodegradable<\/strong>, <strong>washable<\/strong> paper towels made from <strong>wood cellulose<\/strong> and <strong>cotton<\/strong>.<\/p>\n<p>Limited edition, <strong> Poya<\/strong> round cut-out<\/p>\n<p>&nbsp;<\/p>\n<p>&nbsp;<\/p>\n","protected":false},"featured_media":57649,"comment_status":"open","ping_status":"closed","template":"","meta":{"_acf_changed":false},"product_brand":[],"product_cat":[5186,5231,5187],"product_tag":[],"class_list":{"0":"post-58492","1":"product","2":"type-product","3":"status-publish","4":"has-post-thumbnail","6":"product_cat-household-accessories","7":"product_cat-good-deals","8":"product_cat-household-products","9":"product_shipping_class-dishes","11":"first","12":"instock","13":"sale","14":"purchasable","15":"product-type-variable"},"acf":[],"jetpack_sharing_enabled":true,"_links":{"self":[{"href":"https:\/\/www.lespaillettesvertes.ch\/en\/wp-json\/wp\/v2\/product\/58492","targetHints":{"allow":["GET"]}}],"collection":[{"href":"https:\/\/www.lespaillettesvertes.ch\/en\/wp-json\/wp\/v2\/product"}],"about":[{"href":"https:\/\/www.lespaillettesvertes.ch\/en\/wp-json\/wp\/v2\/types\/product"}],"replies":[{"embeddable":true,"href":"https:\/\/www.lespaillettesvertes.ch\/en\/wp-json\/wp\/v2\/comments?post=58492"}],"wp:featuredmedia":[{"embeddable":true,"href":"https:\/\/www.lespaillettesvertes.ch\/en\/wp-json\/wp\/v2\/media\/57649"}],"wp:attachment":[{"href":"https:\/\/www.lespaillettesvertes.ch\/en\/wp-json\/wp\/v2\/media?parent=58492"}],"wp:term":[{"taxonomy":"product_brand","embeddable":true,"href":"https:\/\/www.lespaillettesvertes.ch\/en\/wp-json\/wp\/v2\/product_brand?post=58492"},{"taxonomy":"product_cat","embeddable":true,"href":"https:\/\/www.lespaillettesvertes.ch\/en\/wp-json\/wp\/v2\/product_cat?post=58492"},{"taxonomy":"product_tag","embeddable":true,"href":"https:\/\/www.lespaillettesvertes.ch\/en\/wp-json\/wp\/v2\/product_tag?post=58492"}],"curies":[{"name":"wp","href":"https:\/\/api.w.org\/{rel}","templated":true}]}}