{"id":58551,"date":"2026-04-17T21:08:32","date_gmt":"2026-04-17T19:08:32","guid":{"rendered":"https:\/\/www.lespaillettesvertes.ch\/produit\/geschenkset-eclat-douceur\/"},"modified":"2026-04-17T21:39:29","modified_gmt":"2026-04-17T19:39:29","slug":"geschenkset-eclat-douceur","status":"publish","type":"product","link":"https:\/\/www.lespaillettesvertes.ch\/de\/produit\/geschenkset-eclat-douceur\/","title":{"rendered":"Geschenkset &#8211; \u00c9clat &amp; Douceur"},"content":{"rendered":"<h2 data-path-to-node=\"8\"><strong>  Geschenkset &#8211; \u00c9clat &amp; Douceur  <\/strong><\/h2>\n<p data-path-to-node=\"8\">G\u00f6nnen Sie Ihrem Gesicht einen Hauch von Frische mit diesem strahlenden Set, das speziell f\u00fcr die Regeneration, Beruhigung und Ausstrahlung Ihres Teints entwickelt wurde. Mit der Kraft von Pflanzen und Blumen verleiht dieses Set Ihrer Haut auf sanfte Weise neue Lebenskraft: <\/p>\n<ul data-path-to-node=\"9\">\n<li>\n<p data-path-to-node=\"9,0,0\"><a href=\"https:\/\/www.lespaillettesvertes.ch\/de\/produit\/natuerliche-reinigungsmaske-spirulina-und-tonerde\/\"><b data-path-to-node=\"9,0,0\" data-index-in-node=\"0\">Spirulina &amp; Tonerde Maske<\/b><\/a> Ein echter Vitamincocktail, der die nat\u00fcrliche Ausstrahlung erh\u00f6ht, die Haut regeneriert und ihr neue Vitalit\u00e4t verleiht.<\/p>\n<\/li>\n<li>\n<p data-path-to-node=\"9,1,0\"><a href=\"https:\/\/www.lespaillettesvertes.ch\/de\/produit\/entspannendes-badesalz-natuerlicher-rosenduft\/\"><b data-path-to-node=\"9,1,0\" data-index-in-node=\"0\">Entspannendes Rosenbad<\/b> <\/a>Umh\u00fcllt den K\u00f6rper mit einem zarten, beruhigenden Duft und bietet eine luxuri\u00f6se, blumige Sinneserfahrung.<\/p>\n<\/li>\n<\/ul>\n<p data-path-to-node=\"10\">Ein ideales Geschenkset f\u00fcr eine strahlende Haut oder als poetisches Geschenk f\u00fcr eine besondere Aufmerksamkeit. Schenken Sie Ihrer Haut das Strahlen, das sie verdient. \ud83c\udf3f<\/p>\n<p data-path-to-node=\"10\"><b data-path-to-node=\"10\" data-index-in-node=\"0\">Warum wir ihn zum Muttertag lieben?<\/b><\/p>\n<ul data-path-to-node=\"11\">\n<li>\n<p data-path-to-node=\"11,0,0\"><b data-path-to-node=\"11,0,0\" data-index-in-node=\"0\">Die Farben:<\/b> Das tiefe Gr\u00fcn der Spirulina und das zarte Rosa der Bl\u00fctenbl\u00e4tter bilden einen wunderbaren visuellen Kontrast in der Packung.<\/p>\n<\/li>\n<li>\n<p data-path-to-node=\"11,1,0\"><b data-path-to-node=\"11,1,0\" data-index-in-node=\"0\">Anti-M\u00fcdigkeitspflege:<\/b> Spirulina ist die Verb\u00fcndete aktiver M\u00fctter, um die Spuren von M\u00fcdigkeit zu beseitigen.<\/p>\n<\/li>\n<li>\n<p data-path-to-node=\"11,2,0\"><b data-path-to-node=\"11,2,0\" data-index-in-node=\"0\">100% pflanzlich:<\/b> Keine Kompromisse bei der Qualit\u00e4t, edle und rohe Zutaten.<\/p>\n<\/li>\n<\/ul>\n","protected":false},"excerpt":{"rendered":"<p>Das <strong>Geschenkset &#8211; \u00c9clat &amp; Douceur<\/strong> verbindet die Vitalit\u00e4t der Spirulina mit der Zartheit der Rose. Dieses vitaminreiche und blumige Geschenkset wurde entwickelt, um die Epidermis in der Tiefe zu regenerieren, den Teint zum Strahlen zu bringen und ein sofortiges Gef\u00fchl der Frische zu verleihen. Ein wahrer Lebenshauch f\u00fcr die Haut, die nach Ausstrahlung sucht.  <\/p>\n","protected":false},"featured_media":58552,"comment_status":"open","ping_status":"closed","template":"","meta":{"_acf_changed":false},"product_brand":[],"product_cat":[5335,5229,5232],"product_tag":[5338],"class_list":{"0":"post-58551","1":"product","2":"type-product","3":"status-publish","4":"has-post-thumbnail","6":"product_cat-geschenkboxen","7":"product_cat-geschenke","8":"product_cat-gute-geschafte","9":"product_tag-muttertag","11":"first","12":"instock","13":"sale","14":"purchasable","15":"product-type-simple"},"acf":[],"jetpack_sharing_enabled":true,"_links":{"self":[{"href":"https:\/\/www.lespaillettesvertes.ch\/de\/wp-json\/wp\/v2\/product\/58551","targetHints":{"allow":["GET"]}}],"collection":[{"href":"https:\/\/www.lespaillettesvertes.ch\/de\/wp-json\/wp\/v2\/product"}],"about":[{"href":"https:\/\/www.lespaillettesvertes.ch\/de\/wp-json\/wp\/v2\/types\/product"}],"replies":[{"embeddable":true,"href":"https:\/\/www.lespaillettesvertes.ch\/de\/wp-json\/wp\/v2\/comments?post=58551"}],"wp:featuredmedia":[{"embeddable":true,"href":"https:\/\/www.lespaillettesvertes.ch\/de\/wp-json\/wp\/v2\/media\/58552"}],"wp:attachment":[{"href":"https:\/\/www.lespaillettesvertes.ch\/de\/wp-json\/wp\/v2\/media?parent=58551"}],"wp:term":[{"taxonomy":"product_brand","embeddable":true,"href":"https:\/\/www.lespaillettesvertes.ch\/de\/wp-json\/wp\/v2\/product_brand?post=58551"},{"taxonomy":"product_cat","embeddable":true,"href":"https:\/\/www.lespaillettesvertes.ch\/de\/wp-json\/wp\/v2\/product_cat?post=58551"},{"taxonomy":"product_tag","embeddable":true,"href":"https:\/\/www.lespaillettesvertes.ch\/de\/wp-json\/wp\/v2\/product_tag?post=58551"}],"curies":[{"name":"wp","href":"https:\/\/api.w.org\/{rel}","templated":true}]}}