{"id":58542,"date":"2026-04-17T20:40:24","date_gmt":"2026-04-17T18:40:24","guid":{"rendered":"https:\/\/www.lespaillettesvertes.ch\/produit\/geschenkset-detox-serenity\/"},"modified":"2026-04-17T21:30:35","modified_gmt":"2026-04-17T19:30:35","slug":"geschenkset-detox-serenity","status":"publish","type":"product","link":"https:\/\/www.lespaillettesvertes.ch\/de\/produit\/geschenkset-detox-serenity\/","title":{"rendered":"Geschenkset &#8211; Detox &amp; Serenity"},"content":{"rendered":"<p>Geschenkset &#8211; Detox &amp; Serenity<\/p>\n<p data-path-to-node=\"4\">G\u00f6nnen Sie Ihrer Haut und Ihrem Geist eine Auszeit von purer Gelassenheit mit diesem entspannenden Duo, das f\u00fcr eine gr\u00fcndliche Reinigung entwickelt wurde und gleichzeitig die Sinne beruhigt. Durch die Kombination von Entgiftung und Entspannung ist dieses Set der ideale Begleiter f\u00fcr ein erfrischendes Abendritual: <\/p>\n<ul data-path-to-node=\"5\">\n<li>\n<p data-path-to-node=\"5,0,0\"><a href=\"https:\/\/www.lespaillettesvertes.ch\/de\/produit\/reinigende-maske-mit-aktivkohle-entgiftend-regulierend\/\"><b data-path-to-node=\"5,0,0\" data-index-in-node=\"0\">Maske mit Aktivkohle<\/b><\/a> Absorbiert Unreinheiten und reinigt die Poren gr\u00fcndlich f\u00fcr einen reinen Teint und eine entgiftete Haut.<\/p>\n<\/li>\n<li>\n<p data-path-to-node=\"5,1,0\"><a href=\"https:\/\/www.lespaillettesvertes.ch\/de\/produit\/badesalz-lavendel\/\"><b data-path-to-node=\"5,1,0\" data-index-in-node=\"0\">Entspannungsbad mit Lavendel<\/b><\/a> Lavendel: Beruhigt sofort den Geist und verwandelt Ihr Bad in einen Moment der absoluten Entspannung.<\/p>\n<\/li>\n<\/ul>\n<p data-path-to-node=\"6\">Ein perfektes Set, um sich einen Moment der Ruhe zu g\u00f6nnen oder als wertvolles Geschenk zum Muttertag. G\u00f6nnen Sie Ihrer Haut und Ihrem Geist die Abschaltung, die sie verdienen. \ud83c\udf3f<\/p>\n<p><strong>Warum wir ihn zum Muttertag lieben?<\/strong><br \/>\n<strong><br \/>\n1. Sensorischer Kontrast:<\/strong> Die &#8222;erdige&#8220; und rohe Seite der Kohle kombiniert mit der blumigen Sanftheit von Lavendel.<\/p>\n<p><strong>2. Zeit f\u00fcr sich selbst:<\/strong> Dies ist ein Geschenk, das 20 Minuten absolute Ruhe erfordert.<\/p>\n<p><strong>3. Zero Waste &amp; Clean:<\/strong> Kein Mikroplastik, keine synthetischen Duftstoffe. Nur reine Pflege. <\/p>\n<p>&nbsp;<\/p>\n","protected":false},"excerpt":{"rendered":"<p>&nbsp;<\/p>\n<p>&nbsp;<\/p>\n<p>&nbsp;<\/p>\n","protected":false},"featured_media":58548,"comment_status":"open","ping_status":"closed","template":"","meta":{"_acf_changed":false},"product_brand":[],"product_cat":[5335,5229,5232],"product_tag":[],"class_list":{"0":"post-58542","1":"product","2":"type-product","3":"status-publish","4":"has-post-thumbnail","6":"product_cat-geschenkboxen","7":"product_cat-geschenke","8":"product_cat-gute-geschafte","10":"first","11":"instock","12":"sale","13":"purchasable","14":"product-type-simple"},"acf":[],"jetpack_sharing_enabled":true,"_links":{"self":[{"href":"https:\/\/www.lespaillettesvertes.ch\/de\/wp-json\/wp\/v2\/product\/58542","targetHints":{"allow":["GET"]}}],"collection":[{"href":"https:\/\/www.lespaillettesvertes.ch\/de\/wp-json\/wp\/v2\/product"}],"about":[{"href":"https:\/\/www.lespaillettesvertes.ch\/de\/wp-json\/wp\/v2\/types\/product"}],"replies":[{"embeddable":true,"href":"https:\/\/www.lespaillettesvertes.ch\/de\/wp-json\/wp\/v2\/comments?post=58542"}],"wp:featuredmedia":[{"embeddable":true,"href":"https:\/\/www.lespaillettesvertes.ch\/de\/wp-json\/wp\/v2\/media\/58548"}],"wp:attachment":[{"href":"https:\/\/www.lespaillettesvertes.ch\/de\/wp-json\/wp\/v2\/media?parent=58542"}],"wp:term":[{"taxonomy":"product_brand","embeddable":true,"href":"https:\/\/www.lespaillettesvertes.ch\/de\/wp-json\/wp\/v2\/product_brand?post=58542"},{"taxonomy":"product_cat","embeddable":true,"href":"https:\/\/www.lespaillettesvertes.ch\/de\/wp-json\/wp\/v2\/product_cat?post=58542"},{"taxonomy":"product_tag","embeddable":true,"href":"https:\/\/www.lespaillettesvertes.ch\/de\/wp-json\/wp\/v2\/product_tag?post=58542"}],"curies":[{"name":"wp","href":"https:\/\/api.w.org\/{rel}","templated":true}]}}