{"id":58123,"date":"2023-11-30T19:08:09","date_gmt":"2023-11-30T18:08:09","guid":{"rendered":"https:\/\/www.lespaillettesvertes.ch\/produit\/viereckige-wischtuecher-nachtfalter-von-tami-hopf\/"},"modified":"2026-04-04T18:52:23","modified_gmt":"2026-04-04T16:52:23","slug":"viereckige-wischtuecher-nachtfalter-von-tami-hopf","status":"publish","type":"product","link":"https:\/\/www.lespaillettesvertes.ch\/de\/produit\/viereckige-wischtuecher-nachtfalter-von-tami-hopf\/","title":{"rendered":"Viereckige Wischt\u00fccher &#8211; Nachtfalter von Tami Hopf"},"content":{"rendered":"<h3>&#8222;Le Carr\u00e9&#8220; von Les Paillettes Vertes<\/h3>\n<p><strong>&#8222;Le Carr\u00e9&#8220;<\/strong> ist ein sehr <strong>saugf\u00e4higes, weiches, wiederverwendbares und umweltfreundliches<\/strong> <strong>Frotteehandtuch<\/strong>.<\/p>\n<p>Zum <strong>Aufsaugen von Fl\u00fcssigkeiten<\/strong>, zum <strong>Reinigen<\/strong> der K\u00fcche oder des Badezimmers, zum <strong>Abwischen <\/strong>Ihres Tisches, zum Polieren<strong> von<\/strong>Fenstern, zum Waschen der H\u00e4nde Ihrer Kinder oder zum Abwischen von Hundepfoten ist &#8222;Le Carr\u00e9&#8220; <strong>sehr vielseitig<\/strong> einsetzbar. Es ist sehr saugf\u00e4hig, angenehm weich und fusselfrei. <\/p>\n<p>Bei Bedarf k\u00f6nnen Sie es einfach in der <strong>Waschmaschine<\/strong> oder im <strong>Geschirrsp\u00fcler<\/strong> (bis <strong>95\u00b0C<\/strong>!) reinigen. Um<strong> die Farbe zu erneuern<\/strong>, kann ein Bad in einer warmen L\u00f6sung von Natriumperkarbonat die<strong> Farbe<\/strong> wieder zum Leuchten bringen. <\/p>\n<p>Sie werden verstehen, dass &#8222;Le Carr\u00e9&#8220; <strong>immer und immer und immer wieder verwendet werden kann<\/strong>. Es wird <strong>monatelang halten <\/strong>und wenn es zu sehr abgenutzt ist, k\u00f6nnen Sie es einfach auf den <strong>Kompost<\/strong> werfen.<\/p>\n<p>Aus <strong>100% Naturfasern<\/strong> (70% Holzzellulose \/ 30% Baumwolle) hergestellt, ist &#8222;Le Carr\u00e9&#8220; <strong>biologisch abbaubar<\/strong> und sogar <strong>kompostierbar<\/strong>! Es <strong>zersetzt sich<\/strong> <strong>innerhalb von 24 Wochen in<\/strong> Ihrem Boden oder auf Ihrem Kompost.<\/p>\n<p>Ein sch\u00f6ner, frischer Fr\u00fchlingsanfang!<\/p>\n<p>Das Design unseres neuen Wischtuchquadrats stammt von <strong>Tami Hopf<\/strong>, einer Malerin, Illustratorin und T\u00e4towiererin aus Brasilien und V\u00e9ysanne.<\/p>\n<p>Sie entwarf f\u00fcr uns diesen <strong>Nachtfalter<\/strong> (Mothand&#8220; auf Englisch), was f\u00fcr eine Sch\u00f6nheit! Mothand&#8220; setzt sich aus &#8222;Fliege&#8220; und &#8222;Hand&#8220; zusammen und verbirgt einige Geheimnisse in seinen Linien. Werden Sie sie entdecken?   \ud83d\ude42<\/p>\n<ul>\n<li>Bis zu <strong>300 Mal<\/strong> sp\u00fclmaschinen- und <strong>maschinenwaschbar<\/strong> <\/li>\n<li>70% Zellulose aus norwegischem FSC-Holz \/ 30% GOTS-Baumwolle.<\/li>\n<li>Wasserl\u00f6sliche Tinten<\/li>\n<li>Vollst\u00e4ndig <strong>kompostierbar<\/strong> innerhalb von 24 Wochen<\/li>\n<li>Format: ca. 170 x 195 mm<\/li>\n<li><strong>Entworfen in Lausanne<\/strong>, hergestellt und gedruckt in <strong>Deutschland<\/strong><\/li>\n<\/ul>\n<p>Nur solange der Vorrat reicht.<\/p>\n<h3>\u00dcber die Marke<\/h3>\n<p>Les Paillettes Vertes bringen ihre eigenen umweltfreundlichen Produkte auf den Markt!<\/p>\n<p>Wir m\u00f6chten eine Reihe von<strong>nachhaltigen und effizienten Gegenst\u00e4nden<\/strong> anbieten, die<strong> gesunde Alternativen<\/strong> zu den Produkten der gro\u00dfen Handelsketten bieten und dem Verbraucher die M\u00f6glichkeit geben, t\u00e4glich etwas f\u00fcr den Planeten zu tun.<\/p>\n<p>Mit unserem Projekt &#8222;Le Carr\u00e9&#8220; m\u00f6chten wir <strong>K\u00fcnstler aus unserer Umgebung in<\/strong> den Vordergrund stellen, um f\u00fcr eine gewisse Zeit den Alltagsgegenstand &#8222;Le Carr\u00e9&#8220; zu schm\u00fccken und <strong>Farbe und Poesie in unsere H\u00e4user zu bringen<\/strong>&#8230;<\/p>\n<p><strong>\u00dcber Tami&#8230;<\/strong><\/p>\n<p>Kunstmalerin, Illustratorin und T\u00e4towiererin in Vevey.<\/p>\n<p>Sie konnten nicht an seinem einzigartigen Universum vorbeigehen, in dem sich Mensch und Natur, Tr\u00e4umerei und Melancholie vermischen, wobei die Farbt\u00f6ne, die alle seine Kreationen charakterisieren, schlicht gehalten sind: Wei\u00df, Schwarz und Gold.<\/p>\n<p>Tami malt auf Mauern (in Vevey oder Lausanne &#8211; auf der Chauderon-Seite), mit Blattgold auf seinen Leinw\u00e4nden, hat u.a. die Weihnachtskampagne des Bon-G\u00e9nie und die Etiketten der \u00f6rtlichen Winzer entworfen und erscheint in Swiss Tattoo, dem ersten Buch \u00fcber die Schweizer Tattooszene im Helvetiq-Verlag.<\/p>\n<p>Sie entwarf f\u00fcr uns diesen <strong>Nachtfalter<\/strong> (Mothand&#8220; auf Englisch), was f\u00fcr eine Sch\u00f6nheit! Mothand&#8220; setzt sich aus &#8222;Fliege&#8220; und &#8222;Hand&#8220; zusammen und verbirgt einige Geheimnisse in seinen Linien. Werden Sie sie entdecken?   \ud83d\ude42<\/p>\n<p>Wenn Sie Tami Hopf noch nicht kennen, ist es uns eine Ehre, Ihnen die fabelhafte Arbeit dieser brasilianisch-veysischen K\u00fcnstlerin durch diese Zusammenarbeit rund um unser umweltfreundliches K\u00fcchenpapier vorzustellen.<\/p>\n<p>Um ihre Welt zu entdecken : <a href=\"https:\/\/www.hopfstudio.com\/\" target=\"_blank\" rel=\"noopener\"><strong>https:\/\/www.hopfstudio.com\/<\/strong><\/a><\/p>\n<p>&nbsp;<\/p>\n","protected":false},"excerpt":{"rendered":"<p><strong>Ultra-absorbierende<\/strong>, 100% <strong>biologisch abbaubare<\/strong>, <strong>waschbare<\/strong> Wischt\u00fccher auf der Basis von <strong>Holz-<\/strong> und <strong>Baumwollzellulose<\/strong>.<\/p>\n<p>Limitierte Auflage, f\u00fcr uns illustriert von <strong>Tami Hopf<\/strong>.<\/p>\n<p>&nbsp;<\/p>\n","protected":false},"featured_media":58137,"comment_status":"open","ping_status":"closed","template":"","meta":{"_acf_changed":false},"product_brand":[],"product_cat":[5198,5197],"product_tag":[],"class_list":{"0":"post-58123","1":"product","2":"type-product","3":"status-publish","4":"has-post-thumbnail","6":"product_cat-haushaltsprodukte","7":"product_cat-haushaltszubehor","8":"product_shipping_class-gerichte","10":"first","11":"instock","12":"purchasable","13":"product-type-variable"},"acf":[],"jetpack_sharing_enabled":true,"_links":{"self":[{"href":"https:\/\/www.lespaillettesvertes.ch\/de\/wp-json\/wp\/v2\/product\/58123","targetHints":{"allow":["GET"]}}],"collection":[{"href":"https:\/\/www.lespaillettesvertes.ch\/de\/wp-json\/wp\/v2\/product"}],"about":[{"href":"https:\/\/www.lespaillettesvertes.ch\/de\/wp-json\/wp\/v2\/types\/product"}],"replies":[{"embeddable":true,"href":"https:\/\/www.lespaillettesvertes.ch\/de\/wp-json\/wp\/v2\/comments?post=58123"}],"wp:featuredmedia":[{"embeddable":true,"href":"https:\/\/www.lespaillettesvertes.ch\/de\/wp-json\/wp\/v2\/media\/58137"}],"wp:attachment":[{"href":"https:\/\/www.lespaillettesvertes.ch\/de\/wp-json\/wp\/v2\/media?parent=58123"}],"wp:term":[{"taxonomy":"product_brand","embeddable":true,"href":"https:\/\/www.lespaillettesvertes.ch\/de\/wp-json\/wp\/v2\/product_brand?post=58123"},{"taxonomy":"product_cat","embeddable":true,"href":"https:\/\/www.lespaillettesvertes.ch\/de\/wp-json\/wp\/v2\/product_cat?post=58123"},{"taxonomy":"product_tag","embeddable":true,"href":"https:\/\/www.lespaillettesvertes.ch\/de\/wp-json\/wp\/v2\/product_tag?post=58123"}],"curies":[{"name":"wp","href":"https:\/\/api.w.org\/{rel}","templated":true}]}}