{"id":58075,"date":"2023-11-30T19:15:05","date_gmt":"2023-11-30T18:15:05","guid":{"rendered":"https:\/\/www.lespaillettesvertes.ch\/produit\/le-carre-abwaschbares-papiertuch-sonderedition-waldtiere\/"},"modified":"2026-04-04T18:49:21","modified_gmt":"2026-04-04T16:49:21","slug":"le-carre-abwaschbares-papiertuch-sonderedition-waldtiere","status":"publish","type":"product","link":"https:\/\/www.lespaillettesvertes.ch\/de\/produit\/le-carre-abwaschbares-papiertuch-sonderedition-waldtiere\/","title":{"rendered":"&#8222;Le Carr\u00e9&#8220; abwaschbares Papiertuch &#8211; Sonderedition Waldtiere"},"content":{"rendered":"<p>&#8222;Le Carr\u00e9&#8220; von Les Paillettes Vertes<\/p>\n<p><strong>&#8222;Le Carr\u00e9&#8220;<\/strong> ist ein sehr <strong>saugf\u00e4higes, weiches, wiederverwendbares und umweltfreundliches<\/strong> <strong>Frotteehandtuch<\/strong>.<\/p>\n<p>&nbsp;<\/p>\n<p>Zum <strong>Aufsaugen von Fl\u00fcssigkeiten<\/strong>, zum <strong>Reinigen<\/strong> der K\u00fcche oder des Badezimmers, zum <strong>Abwischen <\/strong>Ihres Tisches, zum Polieren<strong> von<\/strong>Fenstern, zum Waschen der H\u00e4nde Ihrer Kinder oder zum Abwischen von Hundepfoten ist &#8222;Le Carr\u00e9&#8220; <strong>sehr vielseitig<\/strong> einsetzbar. Es ist sehr saugf\u00e4hig, angenehm weich und fusselfrei. <\/p>\n<p>&nbsp;<\/p>\n<p>Bei Bedarf k\u00f6nnen Sie es einfach in der <strong>Waschmaschine<\/strong> oder im <strong>Geschirrsp\u00fcler<\/strong> (bis <strong>95\u00b0C<\/strong>!) reinigen. Um<strong> die Farbe zu erneuern<\/strong>, kann ein Bad in einer warmen L\u00f6sung von Natriumperkarbonat die<strong> Farbe<\/strong> wieder zum Leuchten bringen. <\/p>\n<p>&nbsp;<\/p>\n<p>Sie werden verstehen, dass &#8222;Le Carr\u00e9&#8220; <strong>immer und immer und immer wieder verwendet werden kann<\/strong>. Es wird <strong>monatelang halten <\/strong>und wenn es zu sehr abgenutzt ist, k\u00f6nnen Sie es einfach auf den <strong>Kompost<\/strong> werfen.<\/p>\n<p>&nbsp;<\/p>\n<p>Aus <strong>100% Naturfasern<\/strong> (70% Holzzellulose \/ 30% Baumwolle) hergestellt, ist &#8222;Le Carr\u00e9&#8220; <strong>biologisch abbaubar<\/strong> und sogar <strong>kompostierbar<\/strong>! Es <strong>zersetzt sich<\/strong> <strong>innerhalb von 24 Wochen in<\/strong> Ihrem Boden oder auf Ihrem Kompost.<\/p>\n<p>&nbsp;<\/p>\n<p>Dieses Quadrat ist eine<strong> Sonderausgabe<\/strong>! Mit seinem<strong> frischen und poetischen Design<\/strong>, das von der K\u00fcnstlerin<strong> Natacha Veen &#8211; Designerin der Bekleidungsmarke Let Me Fly<\/strong> &#8211; f\u00fcr uns entworfen wurde, ist das Quadrat nur solange der Vorrat reicht <strong>erh\u00e4ltlich <\/strong>.<\/p>\n<p>&nbsp;<\/p>\n<p>Bis zu <strong>300 Mal<\/strong> sp\u00fclmaschinen- und <strong>maschinenwaschbar<\/strong> <\/p>\n<p>70% Zellulose aus norwegischem FSC-Holz \/ 30% GOTS-Baumwolle.<\/p>\n<p>Wasserl\u00f6sliche Tinten<\/p>\n<p>Vollst\u00e4ndig <strong>kompostierbar<\/strong> innerhalb von 24 Wochen<\/p>\n<div>\n<div>\n<div>\n<p>Format: ca. 170 x 195 mm<\/p>\n<p><strong>Entworfen in Lausanne<\/strong>, hergestellt und gedruckt in <strong>Deutschland<\/strong><\/p>\n<\/div>\n<\/div>\n<\/div>\n<p>\u00dcber die Marke<\/p>\n<p>Les Paillettes Vertes bringen ihre eigenen umweltfreundlichen Produkte auf den Markt!<\/p>\n<p>Wir m\u00f6chten eine Reihe von nachhaltigen und effizienten Gegenst\u00e4nden anbieten, die gesunde Alternativen zu den Produkten der gro\u00dfen Handelsketten bieten und dem Verbraucher die M\u00f6glichkeit geben, t\u00e4glich etwas f\u00fcr den Planeten zu tun.<\/p>\n<p>&nbsp;<\/p>\n<p><strong>\u00dcber Natacha Veen&#8230;<\/strong><\/p>\n<p>Mit unserem Projekt &#8222;Le Carr\u00e9&#8220; m\u00f6chten wir <strong>K\u00fcnstler aus unserer Umgebung in<\/strong> den Vordergrund stellen, um f\u00fcr eine gewisse Zeit das Alltagsobjekt &#8222;Le Carr\u00e9&#8220; zu schm\u00fccken und <strong>Farbe und Poesie in unsere H\u00e4user zu bringen<\/strong>.<\/p>\n<p>&nbsp;<\/p>\n<p><strong>Natacha Veen<\/strong> ist eine vielseitige K\u00fcnstlerin: Sie war <strong>Grafikerin<\/strong>, <strong>Illustratorin<\/strong> und <strong>Siebdruckerin<\/strong> und gr\u00fcndete 2008 ihre eigene Bekleidungsmarke <strong>Let Me Fly<\/strong>. Ihr Universum und ihre <strong>poetische Herangehensweise an die Natur<\/strong> haben uns sofort sehr ber\u00fchrt. Die in Brasilien geborene Natacha, die heute in Lutry (VD) lebt, hat die Freude und das Talent, der Natur in all ihren Formen zu huldigen, geerbt.  <\/p>\n<p>&nbsp;<\/p>\n<p>Wir freuen uns sehr, Ihnen das Ergebnis dieser ersten k\u00fcnstlerischen Zusammenarbeit pr\u00e4sentieren zu k\u00f6nnen.<\/p>\n<p>Um ihre Welt zu entdecken : <a href=\"http:\/\/www.natachaveen.ch\/\" target=\"_blank\" rel=\"noopener\"><strong>http:\/\/www.natachaveen.ch\/<\/strong><\/a><\/p>\n<p>&nbsp;<\/p>\n","protected":false},"excerpt":{"rendered":"<p><strong>Ultra-absorbierende<\/strong>, 100% <strong>biologisch abbaubare<\/strong>, <strong>waschbare<\/strong> Wischt\u00fccher auf der Basis von <strong>Holz-<\/strong> und <strong>Baumwollzellulose<\/strong>.<\/p>\n<p>F\u00fcr uns von <strong>Natacha Veen<\/strong> illustriert, in <strong>limitierter Auflage<\/strong>.<\/p>\n<p>&nbsp;<\/p>\n<p>&nbsp;<\/p>\n","protected":false},"featured_media":58087,"comment_status":"open","ping_status":"closed","template":"","meta":{"_acf_changed":false},"product_brand":[],"product_cat":[5197],"product_tag":[],"class_list":{"0":"post-58075","1":"product","2":"type-product","3":"status-publish","4":"has-post-thumbnail","6":"product_cat-haushaltszubehor","7":"product_shipping_class-gerichte","9":"first","10":"instock","11":"purchasable","12":"product-type-variable"},"acf":[],"jetpack_sharing_enabled":true,"_links":{"self":[{"href":"https:\/\/www.lespaillettesvertes.ch\/de\/wp-json\/wp\/v2\/product\/58075","targetHints":{"allow":["GET"]}}],"collection":[{"href":"https:\/\/www.lespaillettesvertes.ch\/de\/wp-json\/wp\/v2\/product"}],"about":[{"href":"https:\/\/www.lespaillettesvertes.ch\/de\/wp-json\/wp\/v2\/types\/product"}],"replies":[{"embeddable":true,"href":"https:\/\/www.lespaillettesvertes.ch\/de\/wp-json\/wp\/v2\/comments?post=58075"}],"wp:featuredmedia":[{"embeddable":true,"href":"https:\/\/www.lespaillettesvertes.ch\/de\/wp-json\/wp\/v2\/media\/58087"}],"wp:attachment":[{"href":"https:\/\/www.lespaillettesvertes.ch\/de\/wp-json\/wp\/v2\/media?parent=58075"}],"wp:term":[{"taxonomy":"product_brand","embeddable":true,"href":"https:\/\/www.lespaillettesvertes.ch\/de\/wp-json\/wp\/v2\/product_brand?post=58075"},{"taxonomy":"product_cat","embeddable":true,"href":"https:\/\/www.lespaillettesvertes.ch\/de\/wp-json\/wp\/v2\/product_cat?post=58075"},{"taxonomy":"product_tag","embeddable":true,"href":"https:\/\/www.lespaillettesvertes.ch\/de\/wp-json\/wp\/v2\/product_tag?post=58075"}],"curies":[{"name":"wp","href":"https:\/\/api.w.org\/{rel}","templated":true}]}}