{"id":57907,"date":"2026-02-18T11:25:17","date_gmt":"2026-02-18T10:25:17","guid":{"rendered":"https:\/\/www.lespaillettesvertes.ch\/produit\/fluessigseife-fuer-die-haende\/"},"modified":"2026-02-18T11:25:17","modified_gmt":"2026-02-18T10:25:17","slug":"fluessigseife-fuer-die-haende","status":"publish","type":"product","link":"https:\/\/www.lespaillettesvertes.ch\/de\/produit\/fluessigseife-fuer-die-haende\/","title":{"rendered":"Fl\u00fcssigseife f\u00fcr die H\u00e4nde"},"content":{"rendered":"<p data-start=\"137\" data-end=\"393\">Milde Seife zum H\u00e4ndewaschen, die so formuliert wurde, dass sie die Haut sanft reinigt und ihr nat\u00fcrliches Gleichgewicht bewahrt. Ihr frischer und nat\u00fcrlicher Duft stammt aus einer Synergie von \u00e4therischen \u00d6len aus Zitrusfr\u00fcchten: Limette, Mandarine und S\u00fc\u00dforange. <\/p>\n<p data-start=\"395\" data-end=\"417\"><strong data-start=\"395\" data-end=\"415\">Merkmale<\/strong><\/p>\n<ul data-start=\"418\" data-end=\"621\">\n<li data-start=\"418\" data-end=\"463\">\n<p data-start=\"420\" data-end=\"463\">Parf\u00fcmiert mit \u00e4therischen \u00d6len von Zitrusfr\u00fcchten<\/p>\n<\/li>\n<li data-start=\"464\" data-end=\"514\">\n<p data-start=\"466\" data-end=\"514\">Kombination von Limette, Mandarine und s\u00fc\u00dfer Orange<\/p>\n<\/li>\n<li data-start=\"515\" data-end=\"566\">\n<p data-start=\"517\" data-end=\"566\">Sanfte Reinigung, geeignet f\u00fcr den t\u00e4glichen Gebrauch<\/p>\n<\/li>\n<li data-start=\"567\" data-end=\"603\">\n<p data-start=\"569\" data-end=\"603\">Nat\u00fcrliches Frischegef\u00fchl<\/p>\n<\/li>\n<li data-start=\"604\" data-end=\"621\">\n<p data-start=\"606\" data-end=\"621\">Ohne Farbstoffe<\/p>\n<\/li>\n<\/ul>\n<p data-start=\"623\" data-end=\"776\" data-is-last-node=\"\" data-is-only-node=\"\">\n","protected":false},"excerpt":{"rendered":"<p>Milde Seife zum H\u00e4ndewaschen, die so formuliert wurde, dass sie die Haut sanft reinigt und ihr nat\u00fcrliches Gleichgewicht bewahrt. Ihr frischer und nat\u00fcrlicher Duft stammt aus einer Synergie von \u00e4therischen \u00d6len aus Zitrusfr\u00fcchten: Limette, Mandarine und S\u00fc\u00dforange. Merkmale Parf\u00fcmiert mit \u00e4therischen \u00d6len von Zitrusfr\u00fcchten Kombination von Limette, Mandarine und s\u00fc\u00dfer Orange Sanfte Reinigung, geeignet f\u00fcr [&hellip;]<\/p>\n","protected":false},"featured_media":57810,"comment_status":"open","ping_status":"closed","template":"","meta":{"_acf_changed":false},"product_brand":[],"product_cat":[5237,5227],"product_tag":[],"class_list":{"0":"post-57907","1":"product","2":"type-product","3":"status-publish","4":"has-post-thumbnail","6":"product_cat-kosmetische-produkte","7":"product_cat-neuheiten","9":"first","10":"instock","11":"product-type-simple"},"acf":[],"jetpack_sharing_enabled":true,"_links":{"self":[{"href":"https:\/\/www.lespaillettesvertes.ch\/de\/wp-json\/wp\/v2\/product\/57907","targetHints":{"allow":["GET"]}}],"collection":[{"href":"https:\/\/www.lespaillettesvertes.ch\/de\/wp-json\/wp\/v2\/product"}],"about":[{"href":"https:\/\/www.lespaillettesvertes.ch\/de\/wp-json\/wp\/v2\/types\/product"}],"replies":[{"embeddable":true,"href":"https:\/\/www.lespaillettesvertes.ch\/de\/wp-json\/wp\/v2\/comments?post=57907"}],"wp:featuredmedia":[{"embeddable":true,"href":"https:\/\/www.lespaillettesvertes.ch\/de\/wp-json\/wp\/v2\/media\/57810"}],"wp:attachment":[{"href":"https:\/\/www.lespaillettesvertes.ch\/de\/wp-json\/wp\/v2\/media?parent=57907"}],"wp:term":[{"taxonomy":"product_brand","embeddable":true,"href":"https:\/\/www.lespaillettesvertes.ch\/de\/wp-json\/wp\/v2\/product_brand?post=57907"},{"taxonomy":"product_cat","embeddable":true,"href":"https:\/\/www.lespaillettesvertes.ch\/de\/wp-json\/wp\/v2\/product_cat?post=57907"},{"taxonomy":"product_tag","embeddable":true,"href":"https:\/\/www.lespaillettesvertes.ch\/de\/wp-json\/wp\/v2\/product_tag?post=57907"}],"curies":[{"name":"wp","href":"https:\/\/api.w.org\/{rel}","templated":true}]}}