{"id":57534,"date":"2024-09-23T15:17:42","date_gmt":"2024-09-23T13:17:42","guid":{"rendered":"https:\/\/www.lespaillettesvertes.ch\/produit\/4-natuerliche-kratzschwaemme-obstschale\/"},"modified":"2024-09-23T15:17:42","modified_gmt":"2024-09-23T13:17:42","slug":"4-natuerliche-kratzschwaemme-obstschale","status":"publish","type":"product","link":"https:\/\/www.lespaillettesvertes.ch\/de\/produit\/4-natuerliche-kratzschwaemme-obstschale\/","title":{"rendered":"4 Nat\u00fcrliche Kratzschw\u00e4mme &#8211; Obstschale"},"content":{"rendered":"<h3>4 Kratzschw\u00e4mme aus Obstschalen<\/h3>\n<div>\n<p><strong>Nat\u00fcrliche<\/strong>, ergonomisch geformte <strong>Schw\u00e4mme<\/strong> <strong>aus Fruchtschalen<\/strong> f\u00fcr die K\u00fcche und den Haushalt.<\/p>\n<p>Hergestellt aus<strong> pflanzlicher Zellulose<\/strong> (Holzpulpe) und <strong>gesammelten Fruchtschalen und -kernen<\/strong>. Sie sind mit einem <strong>Schleifpulver<\/strong> aus Nusskernen (Waln\u00fcsse, Mandeln, Pinienkerne) bedeckt. <\/p>\n<p>Absorbiert und reinigt <strong>ohne zu kratzen.<\/strong><\/p>\n<p>Dieses Produkt ist zu <strong>100% kompostierbar<\/strong>.<\/p>\n<p>Wird in einem kleinen Umschlag aus Recyclingpapier geliefert.<\/p>\n<p>Ma\u00dfe: ca. 11,5 x 6 cm x 3cm<\/p>\n<p>Hergestellt in Frankreich.<\/p>\n<h3>\u00dcber die Marke<\/h3>\n<div>\n<p>Seit mehr als 15 Jahren lautet das Motto der Droguerie Ecologique: &#8222;<span class=\"apple-converted-space\"> <\/span><strong>Stellen Sie Ihre Reinigungsmittel selbst her!<\/strong><span class=\"apple-converted-space\"><b> <\/b><\/span>&#8222;. Ihre Ratschl\u00e4ge und Produkte begleiten Sie bei diesem &#8222;Do-it-yourself&#8220;-Prozess mit einigen wenigen Schritten. <span class=\"apple-converted-space\"> <\/span><strong>einfache, wirksame und wirtschaftliche Zutaten<\/strong><\/p>\n<\/div>\n<div>\n<p>Die in Frankreich oder Westeuropa hergestellten Produkte der \u00d6ko-Drogerie werden aus<span class=\"apple-converted-space\"> <\/span><strong>nat\u00fcrlichen, mineralischen oder pflanzlichen Rohstoffen<\/strong><span class=\"apple-converted-space\"> <\/span>und mit einem Maximum an<strong>biologischen<\/strong> Inhaltsstoffen<span class=\"apple-converted-space\"> <\/span> entwickelt.<\/p>\n<\/div>\n<\/div>\n<p>&nbsp;<\/p>\n","protected":false},"excerpt":{"rendered":"<p><strong>Nat\u00fcrliche kratzende Schw\u00e4mme aus Fruchtschalen<\/strong>, <strong>100% pflanzlich<\/strong> und<strong> kompostierbar<\/strong><\/p>\n<p>Hergestellt in<strong> Frankreich<\/strong><\/p>\n","protected":false},"featured_media":57535,"comment_status":"open","ping_status":"closed","template":"","meta":{"_acf_changed":false},"product_brand":[4756],"product_cat":[5198,5197],"product_tag":[],"class_list":{"0":"post-57534","1":"product","2":"type-product","3":"status-publish","4":"has-post-thumbnail","6":"product_brand-la-droguerie-ecologique","7":"product_cat-haushaltsprodukte","8":"product_cat-haushaltszubehor","9":"product_shipping_class-3d-objekte","11":"first","12":"instock","13":"featured","14":"purchasable","15":"product-type-simple"},"acf":[],"jetpack_sharing_enabled":true,"_links":{"self":[{"href":"https:\/\/www.lespaillettesvertes.ch\/de\/wp-json\/wp\/v2\/product\/57534","targetHints":{"allow":["GET"]}}],"collection":[{"href":"https:\/\/www.lespaillettesvertes.ch\/de\/wp-json\/wp\/v2\/product"}],"about":[{"href":"https:\/\/www.lespaillettesvertes.ch\/de\/wp-json\/wp\/v2\/types\/product"}],"replies":[{"embeddable":true,"href":"https:\/\/www.lespaillettesvertes.ch\/de\/wp-json\/wp\/v2\/comments?post=57534"}],"wp:featuredmedia":[{"embeddable":true,"href":"https:\/\/www.lespaillettesvertes.ch\/de\/wp-json\/wp\/v2\/media\/57535"}],"wp:attachment":[{"href":"https:\/\/www.lespaillettesvertes.ch\/de\/wp-json\/wp\/v2\/media?parent=57534"}],"wp:term":[{"taxonomy":"product_brand","embeddable":true,"href":"https:\/\/www.lespaillettesvertes.ch\/de\/wp-json\/wp\/v2\/product_brand?post=57534"},{"taxonomy":"product_cat","embeddable":true,"href":"https:\/\/www.lespaillettesvertes.ch\/de\/wp-json\/wp\/v2\/product_cat?post=57534"},{"taxonomy":"product_tag","embeddable":true,"href":"https:\/\/www.lespaillettesvertes.ch\/de\/wp-json\/wp\/v2\/product_tag?post=57534"}],"curies":[{"name":"wp","href":"https:\/\/api.w.org\/{rel}","templated":true}]}}