{"id":57276,"date":"2026-01-09T09:46:30","date_gmt":"2026-01-09T08:46:30","guid":{"rendered":"https:\/\/www.lespaillettesvertes.ch\/produit\/nachfuellpackung-cake-geschirr\/"},"modified":"2026-05-01T10:27:51","modified_gmt":"2026-05-01T08:27:51","slug":"nachfuellpackung-cake-geschirr","status":"publish","type":"product","link":"https:\/\/www.lespaillettesvertes.ch\/de\/produit\/nachfuellpackung-cake-geschirr\/","title":{"rendered":"Nachf\u00fcllpackung Cake Geschirr"},"content":{"rendered":"<p class=\"p1\">\ud83c\udf4b<b> Nachf\u00fcllpackung Cake Geschirr &#8211; Nat\u00fcrlich &amp; Abfallfrei<\/b><\/p>\n<p>Gehen Sie beim Reinigen Ihres Geschirrs umweltbewusst vor und verwenden Sie unser  <b>Cake Geschirr fest<\/b>, eine nachhaltige, effektive und umweltfreundliche Alternative zu herk\u00f6mmlichem Geschirrsp\u00fclmittel. Handgefertigt aus <b>nat\u00fcrlichen Zutaten<\/b>, reinigt dieses Geschirrsp\u00fclmittel gr\u00fcndlich und schont dabei Ihre Haut und den Planeten \ud83c\udf0d. <\/p>\n<p class=\"p2\">\ud83e\uddfc <b>Reinigt, entfettet, gl\u00e4n<\/b>zt<br \/>\nFormuliert, um Fett und hartn\u00e4ckige R\u00fcckst\u00e4nde wirksam zu entfernen, hinterl\u00e4sst es Ihr Geschirr sauber und gl\u00e4nzend, ohne Streifen.<\/p>\n<p class=\"p2\">\ud83c\udf3f <b>\u00d6kologisch &amp; \u00f6konomisch<\/b><br \/>\nEin einziger Cake kann <b>mehrere Monate<\/b> halten und bis zu 2-3 Flaschen herk\u00f6mmliches Geschirrsp\u00fclmittel ersetzen. Ohne Plastikverpackung ist er zu <b>100 % abfallfrei<\/b>. <\/p>\n<p class=\"p2\">\ud83e\udd32 S <b>anfte Handpflege<\/b><br \/>\nAufgrund seiner milden Zusammensetzung ist er f\u00fcr empfindliche Haut geeignet.<\/p>\n","protected":false},"excerpt":{"rendered":"<p>Ist Ihr Topf leer? Werfen Sie ihn nicht weg! Entscheiden Sie sich f\u00fcr unsere Null-Abfall-Nachf\u00fcllpackung. Es ist einfach, umweltfreundlich und ultra-\u00f6konomisch.<br \/>\n200 g   <\/p>\n","protected":false},"featured_media":57760,"comment_status":"open","ping_status":"closed","template":"","meta":{"_acf_changed":false},"product_brand":[],"product_cat":[5198,5225,5227,5309,5258],"product_tag":[],"class_list":{"0":"post-57276","1":"product","2":"type-product","3":"status-publish","4":"has-post-thumbnail","6":"product_cat-haushaltsprodukte","7":"product_cat-kuche","8":"product_cat-neuheiten","9":"product_cat-produkte","10":"product_cat-universelle-reinigungsprodukte","11":"_wholesalex wsx-wholesalex-product","13":"first","14":"outofstock","15":"purchasable","16":"product-type-simple"},"acf":[],"jetpack_sharing_enabled":true,"_links":{"self":[{"href":"https:\/\/www.lespaillettesvertes.ch\/de\/wp-json\/wp\/v2\/product\/57276","targetHints":{"allow":["GET"]}}],"collection":[{"href":"https:\/\/www.lespaillettesvertes.ch\/de\/wp-json\/wp\/v2\/product"}],"about":[{"href":"https:\/\/www.lespaillettesvertes.ch\/de\/wp-json\/wp\/v2\/types\/product"}],"replies":[{"embeddable":true,"href":"https:\/\/www.lespaillettesvertes.ch\/de\/wp-json\/wp\/v2\/comments?post=57276"}],"wp:featuredmedia":[{"embeddable":true,"href":"https:\/\/www.lespaillettesvertes.ch\/de\/wp-json\/wp\/v2\/media\/57760"}],"wp:attachment":[{"href":"https:\/\/www.lespaillettesvertes.ch\/de\/wp-json\/wp\/v2\/media?parent=57276"}],"wp:term":[{"taxonomy":"product_brand","embeddable":true,"href":"https:\/\/www.lespaillettesvertes.ch\/de\/wp-json\/wp\/v2\/product_brand?post=57276"},{"taxonomy":"product_cat","embeddable":true,"href":"https:\/\/www.lespaillettesvertes.ch\/de\/wp-json\/wp\/v2\/product_cat?post=57276"},{"taxonomy":"product_tag","embeddable":true,"href":"https:\/\/www.lespaillettesvertes.ch\/de\/wp-json\/wp\/v2\/product_tag?post=57276"}],"curies":[{"name":"wp","href":"https:\/\/api.w.org\/{rel}","templated":true}]}}