{"id":57152,"date":"2024-11-21T15:19:52","date_gmt":"2024-11-21T14:19:52","guid":{"rendered":"https:\/\/www.lespaillettesvertes.ch\/produit\/geschenkset-supreme-hydratation\/"},"modified":"2024-11-21T15:19:52","modified_gmt":"2024-11-21T14:19:52","slug":"geschenkset-supreme-hydratation","status":"publish","type":"product","link":"https:\/\/www.lespaillettesvertes.ch\/de\/produit\/geschenkset-supreme-hydratation\/","title":{"rendered":"Geschenkset &#8211; Supreme Hydratation"},"content":{"rendered":"<p><strong>Geschenkset &#8211; Ultimative Feuchtigkeitsversorgung<\/strong><\/p>\n<p>G\u00f6nnen Sie Ihrer Haut die <strong>ultimative Feuchtigkeitspflege<\/strong> mit diesem Komplettset, das speziell f\u00fcr die t\u00e4gliche Pflege, die Reparatur und den Schutz Ihrer Haut entwickelt wurde. Mit Produkten, die reich an nat\u00fcrlichen Wirkstoffen sind, bietet dieses Set eine intensive und lang anhaltende Feuchtigkeitsversorgung: <\/p>\n<ul>\n<li><a href=\"https:\/\/www.lespaillettesvertes.ch\/de\/produit\/natuerlicher-naehrender-koerperbalsam-reparierende-pflege\/\"><strong>Reichhaltiger feuchtigkeitsspendender Balsam<\/strong> <\/a>Repariert die Haut intensiv und n\u00e4hrt sie bis in die Tiefe f\u00fcr eine glatte und geschmeidige Textur.<\/li>\n<li><a href=\"https:\/\/www.lespaillettesvertes.ch\/de\/produit\/natuerliche-tagescreme-hydratisiertes-gesicht\/\"><strong>Feuchtigkeitsspendende Tagescreme<\/strong><\/a> Die Creme verleiht Ihrem Teint ein strahlendes Aussehen und spendet langanhaltende Feuchtigkeit f\u00fcr eine gesund aussehende Haut.<\/li>\n<li><a href=\"https:\/\/www.lespaillettesvertes.ch\/de\/produit\/reparierende-handcreme-intensive-feuchtigkeitsversorgung\/\"><strong>Creme f\u00fcr trockene H\u00e4nde<\/strong><\/a> Hand Cream: Pflegt Ihre H\u00e4nde, sch\u00fctzt sie vor Trockenheit und Umwelteinfl\u00fcssen und sorgt f\u00fcr t\u00e4gliche Geschmeidigkeit.<\/li>\n<\/ul>\n<p>Ein ideales Set f\u00fcr die Pflege Ihrer Haut oder als aufmerksames Geschenk f\u00fcr Ihre Lieben. Schenken Sie Ihrer Haut die Feuchtigkeit, die sie verdient. \ud83c\udf3f<\/p>\n","protected":false},"excerpt":{"rendered":"<p>\ud83d\udc49 <strong>Gestalten Sie Ihre Schatulle individuell!<\/strong> F\u00fcgen Sie dauerhaftes Zubeh\u00f6r hinzu<\/p>\n","protected":false},"featured_media":57437,"comment_status":"open","ping_status":"closed","template":"","meta":{"_acf_changed":false},"product_brand":[],"product_cat":[5229],"product_tag":[],"class_list":{"0":"post-57152","1":"product","2":"type-product","3":"status-publish","4":"has-post-thumbnail","6":"product_cat-geschenke","7":"product_shipping_class-3d-objekte","9":"first","10":"instock","11":"sale","12":"purchasable","13":"product-type-simple"},"acf":[],"jetpack_sharing_enabled":true,"_links":{"self":[{"href":"https:\/\/www.lespaillettesvertes.ch\/de\/wp-json\/wp\/v2\/product\/57152","targetHints":{"allow":["GET"]}}],"collection":[{"href":"https:\/\/www.lespaillettesvertes.ch\/de\/wp-json\/wp\/v2\/product"}],"about":[{"href":"https:\/\/www.lespaillettesvertes.ch\/de\/wp-json\/wp\/v2\/types\/product"}],"replies":[{"embeddable":true,"href":"https:\/\/www.lespaillettesvertes.ch\/de\/wp-json\/wp\/v2\/comments?post=57152"}],"wp:featuredmedia":[{"embeddable":true,"href":"https:\/\/www.lespaillettesvertes.ch\/de\/wp-json\/wp\/v2\/media\/57437"}],"wp:attachment":[{"href":"https:\/\/www.lespaillettesvertes.ch\/de\/wp-json\/wp\/v2\/media?parent=57152"}],"wp:term":[{"taxonomy":"product_brand","embeddable":true,"href":"https:\/\/www.lespaillettesvertes.ch\/de\/wp-json\/wp\/v2\/product_brand?post=57152"},{"taxonomy":"product_cat","embeddable":true,"href":"https:\/\/www.lespaillettesvertes.ch\/de\/wp-json\/wp\/v2\/product_cat?post=57152"},{"taxonomy":"product_tag","embeddable":true,"href":"https:\/\/www.lespaillettesvertes.ch\/de\/wp-json\/wp\/v2\/product_tag?post=57152"}],"curies":[{"name":"wp","href":"https:\/\/api.w.org\/{rel}","templated":true}]}}