{"id":56757,"date":"2025-11-06T10:40:14","date_gmt":"2025-11-06T09:40:14","guid":{"rendered":"https:\/\/www.lespaillettesvertes.ch\/produit\/kuishi-300ml-braunglas-pumpflasche-goldene-edelstahlpumpe-nachfuellbarer-seifenspender\/"},"modified":"2026-03-04T12:34:07","modified_gmt":"2026-03-04T11:34:07","slug":"kuishi-300ml-braunglas-pumpflasche-goldene-edelstahlpumpe-nachfuellbarer-seifenspender","status":"publish","type":"product","link":"https:\/\/www.lespaillettesvertes.ch\/de\/produit\/kuishi-300ml-braunglas-pumpflasche-goldene-edelstahlpumpe-nachfuellbarer-seifenspender\/","title":{"rendered":"Kuishi 300ml Braunglas Pumpflasche &#8211; Goldene Edelstahlpumpe &#8211; Nachf\u00fcllbarer Seifenspender"},"content":{"rendered":"<p data-start=\"654\" data-end=\"953\">Der <strong data-start=\"657\" data-end=\"704\">Seifenspender aus Braunglas von Kuishi<\/strong> vereint \u00c4sthetik und Nachhaltigkeit. Er besteht aus <strong data-start=\"755\" data-end=\"775\">recycelbarem Glas<\/strong> und hat eine korrosionsbest\u00e4ndige, <strong data-start=\"795\" data-end=\"829\">goldfarbene Edelstahlpumpe<\/strong>, die sich perfekt f\u00fcr den t\u00e4glichen Gebrauch mit Fl\u00fcssigseifen, Lotionen, Shampoos oder Duschgel eignet. <\/p>\n<p data-start=\"955\" data-end=\"1189\">Sein <strong data-start=\"959\" data-end=\"992\">elegantes und minimalistisches Design<\/strong> f\u00fcgt sich harmonisch in jeden Raum des Hauses ein &#8211; ob Badezimmer, K\u00fcche oder Waschk\u00fcche. Das Fassungsverm\u00f6gen von <strong data-start=\"1111\" data-end=\"1121\">300 ml<\/strong> ist ideal f\u00fcr den praktischen Gebrauch und reduziert gleichzeitig den Abfall. <\/p>\n<p data-start=\"1191\" data-end=\"1211\">\u267b\ufe0f <strong data-start=\"1194\" data-end=\"1209\">Vorteile:<\/strong><\/p>\n<ul data-start=\"1212\" data-end=\"1491\">\n<li data-start=\"1212\" data-end=\"1263\">\n<p data-start=\"1214\" data-end=\"1263\">Robuste und umweltfreundliche <strong data-start=\"1224\" data-end=\"1239\">Braunglasflasche<\/strong> <\/p>\n<\/li>\n<li data-start=\"1264\" data-end=\"1327\">\n<p data-start=\"1266\" data-end=\"1327\">Pumpe aus <strong data-start=\"1275\" data-end=\"1300\">goldfarbenem Edelstahl<\/strong> &#8211; widerstandsf\u00e4hig und BPA-frei<\/p>\n<\/li>\n<li data-start=\"1328\" data-end=\"1399\">\n<p data-start=\"1330\" data-end=\"1399\"><strong data-start=\"1330\" data-end=\"1362\">Wiederaufladbar und wiederverwendbar<\/strong>, f\u00fcr einen verantwortungsvollen Verbrauch<\/p>\n<\/li>\n<li data-start=\"1400\" data-end=\"1491\">\n<p data-start=\"1402\" data-end=\"1491\">Elegantes Design von <strong data-start=\"1423\" data-end=\"1433\">Kuishi<\/strong>, einer britischen Marke, die f\u00fcr ihre Qualit\u00e4t bekannt ist<\/p>\n<\/li>\n<\/ul>\n<p data-start=\"1493\" data-end=\"1610\">Verleihen Sie Ihren R\u00e4umen eine nat\u00fcrliche und raffinierte Note und handeln Sie dabei nachhaltig mit diesem Pumpspender von Kuishi.<\/p>\n","protected":false},"excerpt":{"rendered":"<p>Bringen Sie einen Hauch von Eleganz in Ihr Badezimmer oder Ihre K\u00fcche mit diesem Pumpspender aus Bernsteinglas von Kuishi. Er ist langlebig, nachf\u00fcllbar und mit einer goldfarbenen Edelstahlpumpe ausgestattet, die Stil und Funktionalit\u00e4t im Alltag vereint. <\/p>\n","protected":false},"featured_media":56758,"comment_status":"open","ping_status":"closed","template":"","meta":{"_acf_changed":false},"product_brand":[],"product_cat":[5270],"product_tag":[],"class_list":{"0":"post-56757","1":"product","2":"type-product","3":"status-publish","4":"has-post-thumbnail","6":"product_cat-container","7":"product_shipping_class-3d-objekte","9":"first","10":"instock","11":"purchasable","12":"product-type-simple"},"acf":[],"jetpack_sharing_enabled":true,"_links":{"self":[{"href":"https:\/\/www.lespaillettesvertes.ch\/de\/wp-json\/wp\/v2\/product\/56757","targetHints":{"allow":["GET"]}}],"collection":[{"href":"https:\/\/www.lespaillettesvertes.ch\/de\/wp-json\/wp\/v2\/product"}],"about":[{"href":"https:\/\/www.lespaillettesvertes.ch\/de\/wp-json\/wp\/v2\/types\/product"}],"replies":[{"embeddable":true,"href":"https:\/\/www.lespaillettesvertes.ch\/de\/wp-json\/wp\/v2\/comments?post=56757"}],"wp:featuredmedia":[{"embeddable":true,"href":"https:\/\/www.lespaillettesvertes.ch\/de\/wp-json\/wp\/v2\/media\/56758"}],"wp:attachment":[{"href":"https:\/\/www.lespaillettesvertes.ch\/de\/wp-json\/wp\/v2\/media?parent=56757"}],"wp:term":[{"taxonomy":"product_brand","embeddable":true,"href":"https:\/\/www.lespaillettesvertes.ch\/de\/wp-json\/wp\/v2\/product_brand?post=56757"},{"taxonomy":"product_cat","embeddable":true,"href":"https:\/\/www.lespaillettesvertes.ch\/de\/wp-json\/wp\/v2\/product_cat?post=56757"},{"taxonomy":"product_tag","embeddable":true,"href":"https:\/\/www.lespaillettesvertes.ch\/de\/wp-json\/wp\/v2\/product_tag?post=56757"}],"curies":[{"name":"wp","href":"https:\/\/api.w.org\/{rel}","templated":true}]}}