{"id":56576,"date":"2025-08-17T17:00:15","date_gmt":"2025-08-17T15:00:15","guid":{"rendered":"https:\/\/www.lespaillettesvertes.ch\/produit\/geschirrbuerste-messing-fiber\/"},"modified":"2026-04-07T11:05:34","modified_gmt":"2026-04-07T09:05:34","slug":"geschirrbuerste-messing-fiber","status":"publish","type":"product","link":"https:\/\/www.lespaillettesvertes.ch\/de\/produit\/geschirrbuerste-messing-fiber\/","title":{"rendered":"Sp\u00fclb\u00fcrste Messing &amp; Fiber + Nachf\u00fcllpackung"},"content":{"rendered":"<p data-start=\"71\" data-end=\"115\"><strong data-start=\"71\" data-end=\"113\">Geschirrb\u00fcrste Messing &amp; Fiber  <\/strong><\/p>\n<p data-start=\"117\" data-end=\"386\">Die nachf\u00fcllbare Sp\u00fclb\u00fcrste aus Messing und Fiber ist ideal zum Schrubben von Topfb\u00f6den und anderen hartn\u00e4ckigen Oberfl\u00e4chen. Sie ist mit einem praktischen Aufh\u00e4ngehaken ausgestattet, der ein gutes Abtropfen nach dem Gebrauch erm\u00f6glicht. <\/p>\n<p data-start=\"117\" data-end=\"386\">Ma\u00dfe: Durchmesser 4 cm &#8211; L\u00e4nge 24 cm.<\/p>\n","protected":false},"excerpt":{"rendered":"<p>Geschirrb\u00fcrste Messing &amp; Fiber Die nachf\u00fcllbare Sp\u00fclb\u00fcrste aus Messing und Fiber ist ideal zum Schrubben von Topfb\u00f6den und anderen hartn\u00e4ckigen Oberfl\u00e4chen. Sie ist mit einem praktischen Aufh\u00e4ngehaken ausgestattet, der ein gutes Abtropfen nach dem Gebrauch erm\u00f6glicht. Ma\u00dfe: Durchmesser 4 cm &#8211; L\u00e4nge 24 cm.<\/p>\n","protected":false},"featured_media":57495,"comment_status":"open","ping_status":"closed","template":"","meta":{"_acf_changed":false},"product_brand":[],"product_cat":[5198,5197,5225],"product_tag":[],"class_list":{"0":"post-56576","1":"product","2":"type-product","3":"status-publish","4":"has-post-thumbnail","6":"product_cat-haushaltsprodukte","7":"product_cat-haushaltszubehor","8":"product_cat-kuche","10":"first","11":"instock","12":"purchasable","13":"product-type-simple"},"acf":[],"jetpack_sharing_enabled":true,"_links":{"self":[{"href":"https:\/\/www.lespaillettesvertes.ch\/de\/wp-json\/wp\/v2\/product\/56576","targetHints":{"allow":["GET"]}}],"collection":[{"href":"https:\/\/www.lespaillettesvertes.ch\/de\/wp-json\/wp\/v2\/product"}],"about":[{"href":"https:\/\/www.lespaillettesvertes.ch\/de\/wp-json\/wp\/v2\/types\/product"}],"replies":[{"embeddable":true,"href":"https:\/\/www.lespaillettesvertes.ch\/de\/wp-json\/wp\/v2\/comments?post=56576"}],"wp:featuredmedia":[{"embeddable":true,"href":"https:\/\/www.lespaillettesvertes.ch\/de\/wp-json\/wp\/v2\/media\/57495"}],"wp:attachment":[{"href":"https:\/\/www.lespaillettesvertes.ch\/de\/wp-json\/wp\/v2\/media?parent=56576"}],"wp:term":[{"taxonomy":"product_brand","embeddable":true,"href":"https:\/\/www.lespaillettesvertes.ch\/de\/wp-json\/wp\/v2\/product_brand?post=56576"},{"taxonomy":"product_cat","embeddable":true,"href":"https:\/\/www.lespaillettesvertes.ch\/de\/wp-json\/wp\/v2\/product_cat?post=56576"},{"taxonomy":"product_tag","embeddable":true,"href":"https:\/\/www.lespaillettesvertes.ch\/de\/wp-json\/wp\/v2\/product_tag?post=56576"}],"curies":[{"name":"wp","href":"https:\/\/api.w.org\/{rel}","templated":true}]}}