{"id":56574,"date":"2025-08-08T15:00:31","date_gmt":"2025-08-08T13:00:31","guid":{"rendered":"https:\/\/www.lespaillettesvertes.ch\/produit\/cake-geschirr\/"},"modified":"2026-01-18T17:14:17","modified_gmt":"2026-01-18T16:14:17","slug":"cake-geschirr","status":"publish","type":"product","link":"https:\/\/www.lespaillettesvertes.ch\/de\/produit\/cake-geschirr\/","title":{"rendered":"Cake Geschirr"},"content":{"rendered":"<p class=\"p1\">\ud83c\udf4b<b> Cake Geschirr fest &#8211; Nat\u00fcrlich &amp; Null Abfall<\/b><\/p>\n<p class=\"p2\">Entscheiden Sie sich f\u00fcr ein umweltbewusstes Geschirr mit unserem <b>festen Geschirrkuchen<\/b>, einer nachhaltigen, effektiven und umweltfreundlichen Alternative zu herk\u00f6mmlichem Geschirrsp\u00fclmittel. Handgefertigt aus <b>nat\u00fcrlichen Zutaten<\/b>, reinigt dieser Geschirrkuchen gr\u00fcndlich und schont dabei Ihre Haut und den Planeten \ud83c\udf0d. <\/p>\n<p class=\"p2\">\ud83e\uddfc <b>Reinigt, entfettet, gl\u00e4n<\/b>zt<br \/>\nFormuliert, um Fett und hartn\u00e4ckige R\u00fcckst\u00e4nde wirksam zu entfernen, hinterl\u00e4sst es Ihr Geschirr sauber und gl\u00e4nzend, ohne Streifen.<\/p>\n<p class=\"p2\">\ud83c\udf3f <b>\u00d6kologisch &amp; \u00f6konomisch<\/b><br \/>\nEin einziger Cake kann <b>mehrere Monate<\/b> halten und bis zu 2-3 Flaschen herk\u00f6mmliches Geschirrsp\u00fclmittel ersetzen. Ohne Plastikverpackung ist er zu <b>100 % abfallfrei<\/b>. <\/p>\n<p class=\"p2\">\ud83e\udd32 S <b>anfte Handpflege<\/b><br \/>\nAufgrund seiner milden Zusammensetzung ist er f\u00fcr empfindliche Haut geeignet.<\/p>\n<p class=\"p2\">\ud83d\udce6 Recycelbarer oder wiederverwendbarer Topf<\/p>\n<p class=\"p2\">\n","protected":false},"excerpt":{"rendered":"<p>Entscheiden Sie sich f\u00fcr Cake Vaisselle Solide! Eine nat\u00fcrliche und abfallfreie Alternative, die entfettet und gl\u00e4nzt. 1 Cake = 3 Flaschen. Sanft zu den H\u00e4nden.<br \/>\n200 g   <\/p>\n","protected":false},"featured_media":57325,"comment_status":"open","ping_status":"closed","template":"","meta":{"_acf_changed":false},"product_brand":[3823],"product_cat":[5309,5198,5225,5227,5258],"product_tag":[],"class_list":{"0":"post-56574","1":"product","2":"type-product","3":"status-publish","4":"has-post-thumbnail","6":"product_brand-les-paillettes-vertes","7":"product_cat-produkte","8":"product_cat-haushaltsprodukte","9":"product_cat-kuche","10":"product_cat-neuheiten","11":"product_cat-universelle-reinigungsprodukte","12":"_wholesalex wsx-wholesalex-product","14":"first","15":"instock","16":"purchasable","17":"product-type-simple"},"acf":[],"jetpack_sharing_enabled":true,"_links":{"self":[{"href":"https:\/\/www.lespaillettesvertes.ch\/de\/wp-json\/wp\/v2\/product\/56574","targetHints":{"allow":["GET"]}}],"collection":[{"href":"https:\/\/www.lespaillettesvertes.ch\/de\/wp-json\/wp\/v2\/product"}],"about":[{"href":"https:\/\/www.lespaillettesvertes.ch\/de\/wp-json\/wp\/v2\/types\/product"}],"replies":[{"embeddable":true,"href":"https:\/\/www.lespaillettesvertes.ch\/de\/wp-json\/wp\/v2\/comments?post=56574"}],"wp:featuredmedia":[{"embeddable":true,"href":"https:\/\/www.lespaillettesvertes.ch\/de\/wp-json\/wp\/v2\/media\/57325"}],"wp:attachment":[{"href":"https:\/\/www.lespaillettesvertes.ch\/de\/wp-json\/wp\/v2\/media?parent=56574"}],"wp:term":[{"taxonomy":"product_brand","embeddable":true,"href":"https:\/\/www.lespaillettesvertes.ch\/de\/wp-json\/wp\/v2\/product_brand?post=56574"},{"taxonomy":"product_cat","embeddable":true,"href":"https:\/\/www.lespaillettesvertes.ch\/de\/wp-json\/wp\/v2\/product_cat?post=56574"},{"taxonomy":"product_tag","embeddable":true,"href":"https:\/\/www.lespaillettesvertes.ch\/de\/wp-json\/wp\/v2\/product_tag?post=56574"}],"curies":[{"name":"wp","href":"https:\/\/api.w.org\/{rel}","templated":true}]}}