{"id":56565,"date":"2025-08-06T13:59:10","date_gmt":"2025-08-06T11:59:10","guid":{"rendered":"https:\/\/www.lespaillettesvertes.ch\/produit\/wc-tabletten\/"},"modified":"2026-03-27T09:05:13","modified_gmt":"2026-03-27T08:05:13","slug":"wc-tabletten","status":"publish","type":"product","link":"https:\/\/www.lespaillettesvertes.ch\/de\/produit\/wc-tabletten\/","title":{"rendered":"WC-Tabletten"},"content":{"rendered":"<p class=\"p1\">\ud83d\udebd<b> Nat\u00fcrliche WC-Tabletten &#8211; \u00d6kologische Frische &amp; Sauberkeit<\/b><\/p>\n<p class=\"p2\">Reinigen Sie Ihre Toiletten auf einfache, effektive und verantwortungsvolle Weise mit unseren <b>nat\u00fcrlichen WC-Tabs<\/b>, die aus<b>ungiftigen und biologisch abbaubaren Zutaten<\/b> hergestellt werden. Sie reinigen, desinfizieren und desodorieren in einem einzigen Schritt! <\/p>\n<p class=\"p2\">\ud83d\udca7 <b>Reinigt &amp; desinfiziert nat\u00fcrlich<\/b><br \/>\nDurch die kombinierte Wirkung von <b>Natron<\/b>,<b>Zitronens\u00e4ure<\/b> und \u00e4therischen \u00d6len entfernen diese Tabletten Kalk, schlechte Ger\u00fcche und Bakterien, ohne die Leitungen oder die Umwelt anzugreifen.<\/p>\n<p class=\"p2\">\ud83c\udf3f <b>Zero Waste, Zero Compromise<\/b><br \/>\nOhne Bleichmittel oder aggressive Chemikalien formuliert, sind sie sicher f\u00fcr Kl\u00e4rgruben und umweltfreundlich.<\/p>\n<p class=\"p2\">\ud83c\udf4b F <b>rischer<\/b> <b>,<\/b> <b>nat\u00fcrlicher Duft<\/b><br \/>\nErh\u00e4ltlich in den Ausf\u00fchrungen <b>Zitrone, Lavendel<\/b> oder <b>ohne Duft,<\/b> je nach Ihren Vorlieben. Hinterl\u00e4sst nach jeder Anwendung einen angenehmen, sauberen Duft. <\/p>\n<p class=\"p2\">\ud83d\udce6 Recycelbare Kraftpackung<\/p>\n<p class=\"p2\">\n","protected":false},"excerpt":{"rendered":"<p>Die WC-Tabletten wurden entwickelt, um eine optimale Sauberkeit und einen angenehmen Duft in der Toilette zu gew\u00e4hrleisten. Sie entfernen effektiv Verunreinigungen und verhindern die Bildung von Kalkablagerungen. Dar\u00fcber hinaus sorgt die innovative Formulierung f\u00fcr eine kontinuierliche Duftabgabe, so dass Sie bei jeder Benutzung ein frisches und angenehmes Erlebnis haben. Die regelm\u00e4\u00dfige Anwendung dieser Tabs tr\u00e4gt dazu bei, die Hygiene und Sauberkeit Ihrer Toilettenanlagen zu erhalten. WC-Tabs    <\/p>\n","protected":false},"featured_media":55072,"comment_status":"open","ping_status":"closed","template":"","meta":{"_acf_changed":false},"product_brand":[],"product_cat":[5311,5198,5227,5309],"product_tag":[],"class_list":{"0":"post-56565","1":"product","2":"type-product","3":"status-publish","4":"has-post-thumbnail","6":"product_cat-badezimmer","7":"product_cat-haushaltsprodukte","8":"product_cat-neuheiten","9":"product_cat-produkte","11":"first","12":"instock","13":"purchasable","14":"product-type-variable"},"acf":[],"jetpack_sharing_enabled":true,"_links":{"self":[{"href":"https:\/\/www.lespaillettesvertes.ch\/de\/wp-json\/wp\/v2\/product\/56565","targetHints":{"allow":["GET"]}}],"collection":[{"href":"https:\/\/www.lespaillettesvertes.ch\/de\/wp-json\/wp\/v2\/product"}],"about":[{"href":"https:\/\/www.lespaillettesvertes.ch\/de\/wp-json\/wp\/v2\/types\/product"}],"replies":[{"embeddable":true,"href":"https:\/\/www.lespaillettesvertes.ch\/de\/wp-json\/wp\/v2\/comments?post=56565"}],"wp:featuredmedia":[{"embeddable":true,"href":"https:\/\/www.lespaillettesvertes.ch\/de\/wp-json\/wp\/v2\/media\/55072"}],"wp:attachment":[{"href":"https:\/\/www.lespaillettesvertes.ch\/de\/wp-json\/wp\/v2\/media?parent=56565"}],"wp:term":[{"taxonomy":"product_brand","embeddable":true,"href":"https:\/\/www.lespaillettesvertes.ch\/de\/wp-json\/wp\/v2\/product_brand?post=56565"},{"taxonomy":"product_cat","embeddable":true,"href":"https:\/\/www.lespaillettesvertes.ch\/de\/wp-json\/wp\/v2\/product_cat?post=56565"},{"taxonomy":"product_tag","embeddable":true,"href":"https:\/\/www.lespaillettesvertes.ch\/de\/wp-json\/wp\/v2\/product_tag?post=56565"}],"curies":[{"name":"wp","href":"https:\/\/api.w.org\/{rel}","templated":true}]}}