{"id":56563,"date":"2025-08-06T13:42:22","date_gmt":"2025-08-06T11:42:22","guid":{"rendered":"https:\/\/www.lespaillettesvertes.ch\/produit\/lehmstein\/"},"modified":"2026-04-21T11:15:52","modified_gmt":"2026-04-21T09:15:52","slug":"lehmstein","status":"publish","type":"product","link":"https:\/\/www.lespaillettesvertes.ch\/de\/produit\/lehmstein\/","title":{"rendered":"Lehmstein"},"content":{"rendered":"<p class=\"p1\">\u2728<b> Nat\u00fcrlicher Tonstein &#8211; \u00d6kologischer Allzweckreiniger<\/b><\/p>\n<p class=\"p2\">Entdecken Sie die Kraft der nat\u00fcrlichen Reinigung mit unserem <b>Lehmstein<\/b> wieder, einem unverzichtbaren Hilfsmittel f\u00fcr ein sauberes, gesundes und umweltfreundliches Zuhause. Er wird aus<b>nat\u00fcrlichen Zutaten<\/b> wie wei\u00dfer Tonerde, schwarzer Seife mit Lein\u00f6l und Bikarbonat hergestellt und ist ebenso sanft wie effektiv. <\/p>\n<p class=\"p2\">\ud83e\uddfd <b>Reinigt, entfettet, poliert, sch\u00fctzt<\/b><br \/>\nIdeal f\u00fcr alle Oberfl\u00e4chen: Edelstahl, Glaskeramik, Fliesen, Armaturen, Badewannen, Kochplatten, Silberbesteck usw. Hinterl\u00e4sst eine d\u00fcnne Schutzschicht, die den Schmutz abweist. <\/p>\n<p class=\"p2\">\ud83c\udf31 1 <b>00 % nat\u00fcrlich und biologisch abbaubar<\/b><br \/>\nOhne Giftstoffe, k\u00fcnstliche Duftstoffe oder aggressive Chemikalien. Eine gesunde Alternative zu herk\u00f6mmlichen Reinigungsmitteln. <\/p>\n<p class=\"p2\">\ud83d\udcaa <b>Ultra sparsam<\/b><br \/>\nEine winzige Menge gen\u00fcgt! Eine einzige Dose reicht f\u00fcr <b>mehrere Monate<\/b>, selbst bei h\u00e4ufigem Gebrauch. <\/p>\n<p class=\"p2\">\ud83d\udce6 Recycelbarer oder wiederverwendbarer Topf<\/p>\n<p class=\"p2\">\n","protected":false},"excerpt":{"rendered":"<p>300 g<\/p>\n","protected":false},"featured_media":55090,"comment_status":"open","ping_status":"closed","template":"","meta":{"_acf_changed":false},"product_brand":[3823],"product_cat":[5198,5225,5227,5309,5258],"product_tag":[],"class_list":{"0":"post-56563","1":"product","2":"type-product","3":"status-publish","4":"has-post-thumbnail","6":"product_brand-les-paillettes-vertes","7":"product_cat-haushaltsprodukte","8":"product_cat-kuche","9":"product_cat-neuheiten","10":"product_cat-produkte","11":"product_cat-universelle-reinigungsprodukte","12":"_wholesalex wsx-wholesalex-product","14":"first","15":"instock","16":"purchasable","17":"product-type-simple"},"acf":[],"jetpack_sharing_enabled":true,"_links":{"self":[{"href":"https:\/\/www.lespaillettesvertes.ch\/de\/wp-json\/wp\/v2\/product\/56563","targetHints":{"allow":["GET"]}}],"collection":[{"href":"https:\/\/www.lespaillettesvertes.ch\/de\/wp-json\/wp\/v2\/product"}],"about":[{"href":"https:\/\/www.lespaillettesvertes.ch\/de\/wp-json\/wp\/v2\/types\/product"}],"replies":[{"embeddable":true,"href":"https:\/\/www.lespaillettesvertes.ch\/de\/wp-json\/wp\/v2\/comments?post=56563"}],"wp:featuredmedia":[{"embeddable":true,"href":"https:\/\/www.lespaillettesvertes.ch\/de\/wp-json\/wp\/v2\/media\/55090"}],"wp:attachment":[{"href":"https:\/\/www.lespaillettesvertes.ch\/de\/wp-json\/wp\/v2\/media?parent=56563"}],"wp:term":[{"taxonomy":"product_brand","embeddable":true,"href":"https:\/\/www.lespaillettesvertes.ch\/de\/wp-json\/wp\/v2\/product_brand?post=56563"},{"taxonomy":"product_cat","embeddable":true,"href":"https:\/\/www.lespaillettesvertes.ch\/de\/wp-json\/wp\/v2\/product_cat?post=56563"},{"taxonomy":"product_tag","embeddable":true,"href":"https:\/\/www.lespaillettesvertes.ch\/de\/wp-json\/wp\/v2\/product_tag?post=56563"}],"curies":[{"name":"wp","href":"https:\/\/api.w.org\/{rel}","templated":true}]}}