{"id":56560,"date":"2025-05-28T16:38:25","date_gmt":"2025-05-28T14:38:25","guid":{"rendered":"https:\/\/www.lespaillettesvertes.ch\/produit\/terre-de-sommieres\/"},"modified":"2026-03-04T12:56:46","modified_gmt":"2026-03-04T11:56:46","slug":"terre-de-sommieres","status":"publish","type":"product","link":"https:\/\/www.lespaillettesvertes.ch\/de\/produit\/terre-de-sommieres\/","title":{"rendered":"Terre de Sommi\u00e8res 1 kg"},"content":{"rendered":"<h3 data-start=\"201\" data-end=\"271\">Nat\u00fcrliche Terre de Sommi\u00e8res<\/h3>\n<p data-start=\"272\" data-end=\"338\"><strong data-start=\"272\" data-end=\"338\">Der unverzichtbare Trockenfleckentferner f\u00fcr eine umweltfreundliche Pflege<\/strong><\/p>\n<p data-start=\"340\" data-end=\"452\"><span class=\"relative -mx-px my-[-0.2rem] rounded px-px py-[0.2rem] transition-colors duration-100 ease-in-out\">Die <strong data-start=\"3\" data-end=\"25\">Terre de Sommi\u00e8res<\/strong> ist eine nat\u00fcrliche, ultrafeine <strong data-start=\"3\" data-end=\"25\">Tonerde<\/strong>, die f\u00fcr ihr <strong data-start=\"81\" data-end=\"115\">au\u00dfergew\u00f6hnliches Absorptionsverm\u00f6gen<\/strong> bekannt ist.<\/span><span class=\"relative -mx-px my-[-0.2rem] rounded px-px py-[0.2rem] transition-colors duration-100 ease-in-out\">Sie kann bis zu 80% ihres Gewichts an Wasser aufnehmen und ist ideal, um Fettflecken und andere Verschmutzungen von verschiedenen Oberfl\u00e4chen zu entfernen, ohne Ringe zu hinterlassen.<\/span><\/p>\n<p data-start=\"454\" data-end=\"490\"><strong data-start=\"457\" data-end=\"486\">Vielseitige Verwendungsm\u00f6glichkeiten<\/strong>:<\/p>\n<ul data-start=\"491\" data-end=\"894\">\n<li data-start=\"491\" data-end=\"600\">\n<p data-start=\"493\" data-end=\"600\"><strong data-start=\"493\" data-end=\"512\">Trockenfleckenentferner<\/strong> f\u00fcr empfindliche Textilien (Seide, Wolle), Teppiche, Teppichb\u00f6den, Leder, Holz, Marmor, Granit<\/p>\n<\/li>\n<li data-start=\"601\" data-end=\"680\">\n<p data-start=\"603\" data-end=\"680\"><strong data-start=\"603\" data-end=\"628\">Absorption von<\/strong> Fett-, \u00d6l-, Butter-, Make-up-, Wein- und <strong data-start=\"603\" data-end=\"628\">Urinflecken<\/strong> <\/p>\n<\/li>\n<li data-start=\"681\" data-end=\"741\">\n<p data-start=\"683\" data-end=\"741\"><strong data-start=\"683\" data-end=\"712\">Neutralisierung von Ger\u00fcchen<\/strong> auf Stoffen und Oberfl\u00e4chen<\/p>\n<\/li>\n<li data-start=\"742\" data-end=\"894\">\n<p data-start=\"744\" data-end=\"894\"><strong data-start=\"744\" data-end=\"767\">Reinigung der H\u00e4nde<\/strong> nach schmutzigen Arbeiten (Mechanik, Heimwerken)<\/p>\n<\/li>\n<\/ul>\n<p data-start=\"896\" data-end=\"935\"><strong data-start=\"899\" data-end=\"931\">\u00d6kologische Merkmale<\/strong>:<\/p>\n<ul data-start=\"936\" data-end=\"1239\">\n<li data-start=\"936\" data-end=\"1001\">\n<p data-start=\"938\" data-end=\"1001\">100% nat\u00fcrliche smektische Tonerde, ohne Behandlung oder Raffination<\/p>\n<\/li>\n<li data-start=\"1002\" data-end=\"1049\">\n<p data-start=\"1004\" data-end=\"1049\">Nicht giftig, nicht entflammbar, biologisch abbaubar<\/p>\n<\/li>\n<li data-start=\"1050\" data-end=\"1070\">\n<p data-start=\"1052\" data-end=\"1070\">Neutraler pH-Wert (~8,5)<\/p>\n<\/li>\n<li data-start=\"1071\" data-end=\"1108\">\n<p data-start=\"1073\" data-end=\"1108\">Verpackung in recycelbarem Kraftsack<\/p>\n<\/li>\n<li data-start=\"1109\" data-end=\"1239\">\n<p data-start=\"1111\" data-end=\"1239\">Produktion und Verpackung in Europa<\/p>\n<\/li>\n<\/ul>\n<p data-start=\"1897\" data-end=\"2001\">\n","protected":false},"excerpt":{"rendered":"<p>\ud83d\udce6 <strong data-start=\"1900\" data-end=\"1914\">Inhalt<\/strong>: 1 kg<br data-start=\"1921\" data-end=\"1924\">\ud83d\udccd <strong data-start=\"1927\" data-end=\"1938\">Herkunft<\/strong>: Europa<br data-start=\"1959\" data-end=\"1962\">\u267b\ufe0f <strong data-start=\"1965\" data-end=\"1978\">Verpackung<\/strong>: Recycelbarer Kraftsack<\/p>\n","protected":false},"featured_media":54821,"comment_status":"open","ping_status":"closed","template":"","meta":{"_acf_changed":false},"product_brand":[3823],"product_cat":[5246,5232,5227,5247],"product_tag":[],"class_list":{"0":"post-56560","1":"product","2":"type-product","3":"status-publish","4":"has-post-thumbnail","6":"product_brand-les-paillettes-vertes","7":"product_cat-diy","8":"product_cat-gute-geschafte","9":"product_cat-neuheiten","10":"product_cat-rohstoffe","11":"product_shipping_class-3d-objekte","13":"first","14":"instock","15":"sale","16":"purchasable","17":"product-type-simple"},"acf":[],"jetpack_sharing_enabled":true,"_links":{"self":[{"href":"https:\/\/www.lespaillettesvertes.ch\/de\/wp-json\/wp\/v2\/product\/56560","targetHints":{"allow":["GET"]}}],"collection":[{"href":"https:\/\/www.lespaillettesvertes.ch\/de\/wp-json\/wp\/v2\/product"}],"about":[{"href":"https:\/\/www.lespaillettesvertes.ch\/de\/wp-json\/wp\/v2\/types\/product"}],"replies":[{"embeddable":true,"href":"https:\/\/www.lespaillettesvertes.ch\/de\/wp-json\/wp\/v2\/comments?post=56560"}],"wp:featuredmedia":[{"embeddable":true,"href":"https:\/\/www.lespaillettesvertes.ch\/de\/wp-json\/wp\/v2\/media\/54821"}],"wp:attachment":[{"href":"https:\/\/www.lespaillettesvertes.ch\/de\/wp-json\/wp\/v2\/media?parent=56560"}],"wp:term":[{"taxonomy":"product_brand","embeddable":true,"href":"https:\/\/www.lespaillettesvertes.ch\/de\/wp-json\/wp\/v2\/product_brand?post=56560"},{"taxonomy":"product_cat","embeddable":true,"href":"https:\/\/www.lespaillettesvertes.ch\/de\/wp-json\/wp\/v2\/product_cat?post=56560"},{"taxonomy":"product_tag","embeddable":true,"href":"https:\/\/www.lespaillettesvertes.ch\/de\/wp-json\/wp\/v2\/product_tag?post=56560"}],"curies":[{"name":"wp","href":"https:\/\/api.w.org\/{rel}","templated":true}]}}