{"id":56558,"date":"2025-05-28T16:37:00","date_gmt":"2025-05-28T14:37:00","guid":{"rendered":"https:\/\/www.lespaillettesvertes.ch\/produit\/diatomeenerde\/"},"modified":"2026-03-04T14:19:11","modified_gmt":"2026-03-04T13:19:11","slug":"diatomeenerde","status":"publish","type":"product","link":"https:\/\/www.lespaillettesvertes.ch\/de\/produit\/diatomeenerde\/","title":{"rendered":"Diatomeenerde 1 kg"},"content":{"rendered":"<h3 data-start=\"193\" data-end=\"263\">Nat\u00fcrliches Diatomeenerde<\/h3>\n<p data-start=\"264\" data-end=\"331\"><strong data-start=\"264\" data-end=\"331\">Der Allrounder f\u00fcr einen ges\u00fcnderen und umweltfreundlicheren Alltag<\/strong><\/p>\n<p data-start=\"333\" data-end=\"601\"><strong data-start=\"336\" data-end=\"357\">Diatomeenerde<\/strong> ist ein nat\u00fcrlicher Schatz mit erstaunlichen Eigenschaften. Dieses 100% mineralische Produkt wird aus versteinerten Mikroalgen (Kieselalgen) gewonnen und ist f\u00fcr seine <strong data-start=\"502\" data-end=\"565\">nat\u00fcrlichen abrasiven, absorbierenden und insektiziden F\u00e4higkeiten<\/strong> bekannt &#8211; und das alles ohne Chemikalien! <\/p>\n<p data-start=\"603\" data-end=\"638\"><strong data-start=\"607\" data-end=\"634\">Nat\u00fcrliche Mehrzwecknutzung<\/strong>:<\/p>\n<ul data-start=\"639\" data-end=\"1040\">\n<li data-start=\"639\" data-end=\"739\">\n<p data-start=\"641\" data-end=\"739\"><strong data-start=\"641\" data-end=\"658\">Insektenschutz<\/strong>: nat\u00fcrliche Bek\u00e4mpfung von Ameisen, Wanzen, Fl\u00f6hen, Silberfischchen usw.<\/p>\n<\/li>\n<li data-start=\"740\" data-end=\"845\">\n<p data-start=\"742\" data-end=\"845\"><strong data-start=\"742\" data-end=\"768\">Haushaltspflege<\/strong>: milder Reiniger f\u00fcr Oberfl\u00e4chen, Fugen, T\u00f6pfe, Herdplatten<\/p>\n<\/li>\n<li data-start=\"846\" data-end=\"940\">\n<p data-start=\"848\" data-end=\"940\"><strong data-start=\"848\" data-end=\"867\">Tierhygiene<\/strong>: Fellpflege, nat\u00fcrliches Flohschutzmittel f\u00fcr Hunde, Katzen und H\u00fchnerst\u00e4lle<\/p>\n<\/li>\n<li data-start=\"941\" data-end=\"1040\">\n<p data-start=\"943\" data-end=\"1040\"><strong data-start=\"943\" data-end=\"956\">Gartenarbeit<\/strong>: Schutz von Pflanzen vor Sch\u00e4dlingen unter Ber\u00fccksichtigung der Biodiversit\u00e4t<\/p>\n<\/li>\n<\/ul>\n<p data-start=\"1042\" data-end=\"1070\"><strong data-start=\"1045\" data-end=\"1066\">Qualit\u00e4t &amp; Herkunft<\/strong>:<\/p>\n<ul data-start=\"1071\" data-end=\"1231\">\n<li data-start=\"1071\" data-end=\"1156\">\n<p data-start=\"1073\" data-end=\"1156\">Ungebranntes Diatomeenerde &#8211; amorphe Qualit\u00e4t, ideal f\u00fcr den Hausgebrauch<\/p>\n<\/li>\n<li data-start=\"1157\" data-end=\"1189\">\n<p data-start=\"1159\" data-end=\"1189\">100% nat\u00fcrlich, ohne Zusatzstoffe<\/p>\n<\/li>\n<li data-start=\"1190\" data-end=\"1208\">\n<p data-start=\"1192\" data-end=\"1208\">Herkunft Europa<\/p>\n<\/li>\n<li data-start=\"1209\" data-end=\"1231\">\n<p data-start=\"1211\" data-end=\"1231\">Recycelbare Verpackung<\/p>\n<\/li>\n<\/ul>\n<p data-start=\"1427\" data-end=\"1589\">\n","protected":false},"excerpt":{"rendered":"<p>Inhalt: 1 kg<\/p>\n","protected":false},"featured_media":57803,"comment_status":"open","ping_status":"closed","template":"","meta":{"_acf_changed":false},"product_brand":[3823],"product_cat":[5246,5232,5227,5247],"product_tag":[],"class_list":{"0":"post-56558","1":"product","2":"type-product","3":"status-publish","4":"has-post-thumbnail","6":"product_brand-les-paillettes-vertes","7":"product_cat-diy","8":"product_cat-gute-geschafte","9":"product_cat-neuheiten","10":"product_cat-rohstoffe","11":"product_shipping_class-3d-objekte","13":"first","14":"instock","15":"sale","16":"purchasable","17":"product-type-simple"},"acf":[],"jetpack_sharing_enabled":true,"_links":{"self":[{"href":"https:\/\/www.lespaillettesvertes.ch\/de\/wp-json\/wp\/v2\/product\/56558","targetHints":{"allow":["GET"]}}],"collection":[{"href":"https:\/\/www.lespaillettesvertes.ch\/de\/wp-json\/wp\/v2\/product"}],"about":[{"href":"https:\/\/www.lespaillettesvertes.ch\/de\/wp-json\/wp\/v2\/types\/product"}],"replies":[{"embeddable":true,"href":"https:\/\/www.lespaillettesvertes.ch\/de\/wp-json\/wp\/v2\/comments?post=56558"}],"wp:featuredmedia":[{"embeddable":true,"href":"https:\/\/www.lespaillettesvertes.ch\/de\/wp-json\/wp\/v2\/media\/57803"}],"wp:attachment":[{"href":"https:\/\/www.lespaillettesvertes.ch\/de\/wp-json\/wp\/v2\/media?parent=56558"}],"wp:term":[{"taxonomy":"product_brand","embeddable":true,"href":"https:\/\/www.lespaillettesvertes.ch\/de\/wp-json\/wp\/v2\/product_brand?post=56558"},{"taxonomy":"product_cat","embeddable":true,"href":"https:\/\/www.lespaillettesvertes.ch\/de\/wp-json\/wp\/v2\/product_cat?post=56558"},{"taxonomy":"product_tag","embeddable":true,"href":"https:\/\/www.lespaillettesvertes.ch\/de\/wp-json\/wp\/v2\/product_tag?post=56558"}],"curies":[{"name":"wp","href":"https:\/\/api.w.org\/{rel}","templated":true}]}}