{"id":56554,"date":"2025-05-19T17:52:50","date_gmt":"2025-05-19T15:52:50","guid":{"rendered":"https:\/\/www.lespaillettesvertes.ch\/produit\/vatertagspaket-bartpflege\/"},"modified":"2025-11-07T17:06:31","modified_gmt":"2025-11-07T16:06:31","slug":"vatertagspaket-bartpflege","status":"publish","type":"product","link":"https:\/\/www.lespaillettesvertes.ch\/de\/produit\/vatertagspaket-bartpflege\/","title":{"rendered":"Vatertagspaket &#8211; Bartpflege"},"content":{"rendered":"<h1 data-start=\"80\" data-end=\"124\">Vatertagspaket &#8211; Bartpflege<\/h1>\n<p class=\"\" data-start=\"126\" data-end=\"339\">Entdecken Sie das &#8222;Vatertagspaket&#8220; &#8211; Bartpflege ein au\u00dfergew\u00f6hnliches Angebot f\u00fcr die Pflege Ihres Bartes. Perfekt f\u00fcr alle, die ihrem Bart die Pflege g\u00f6nnen m\u00f6chten, die er verdient, und gleichzeitig unsere Produktpalette erkunden m\u00f6chten. <\/p>\n<p class=\"\" data-start=\"341\" data-end=\"459\">Diese sorgf\u00e4ltig ausgew\u00e4hlte Box ist ideal, um sich selbst oder einem lieben Menschen einen Moment des Wohlbefindens zu schenken.<\/p>\n<p class=\"\" data-start=\"461\" data-end=\"485\"><strong data-start=\"461\" data-end=\"485\">Inhalt der Box :<\/strong><\/p>\n<ul data-start=\"487\" data-end=\"1139\">\n<li class=\"\" data-start=\"487\" data-end=\"678\">\n<p class=\"\" data-start=\"489\" data-end=\"678\"><a href=\"https:\/\/www.lespaillettesvertes.ch\/de\/produit\/natuerlicher-bartbalsam\/\"><strong data-start=\"489\" data-end=\"517\">Bartbalsam<\/strong>:<\/a> Dieser n\u00e4hrende Balsam spendet Feuchtigkeit und macht die Haare weich und geschmeidig und sorgt f\u00fcr ein weiches und gepflegtes Finish. Es b\u00e4ndigt widerspenstige B\u00e4rte und beugt Irritationen vor.<\/p>\n<\/li>\n<li class=\"\" data-start=\"680\" data-end=\"937\">\n<p class=\"\" data-start=\"682\" data-end=\"937\"><a href=\"https:\/\/www.lespaillettesvertes.ch\/de\/produit\/natuerliche-rasierseife-beruhigender-schaum\/\"><strong data-start=\"682\" data-end=\"714\">Handgemachte Sei<\/strong><\/a> fe: G\u00f6nnen Sie sich eine gr\u00fcndliche Rasur mit dieser reichhaltigen Seife, die einen cremigen Schaum erzeugt. Angereichert mit \u00e4therischen \u00d6len und Pflanzenextrakten, die Haut und Haare optimal auf eine sanfte Rasur vorbereiten.<\/p>\n<\/li>\n<li class=\"\" data-start=\"939\" data-end=\"1139\">\n<p class=\"\" data-start=\"941\" data-end=\"1139\"><strong data-start=\"941\" data-end=\"963\">Rasierpinsel<\/strong>: Dieser Rasierpinsel mit einem ergonomischen Griff aus<a> Buchenholz <\/a>und weichen <a>Naturseidenhaaren <\/a>erm\u00f6glicht ein perfektes Auftragen Ihrer Rasierseife und bietet gleichzeitig eine angenehme, leichte Massage zur Vorbereitung der Haut.<\/p>\n<\/li>\n<\/ul>\n<p class=\"\" data-start=\"1652\" data-end=\"1840\"><strong data-start=\"1652\" data-end=\"1676\">Nat\u00fcrliche Inhalts<\/strong> stoffe: Unsere Produkte werden aus nat\u00fcrlichen Inhaltsstoffen hergestellt, um Ihre Haut und Ihren Bart schonend zu pflegen.<\/p>\n<p class=\"\" data-start=\"1842\" data-end=\"1979\"><strong data-start=\"1842\" data-end=\"1861\">Tierethik<\/strong>: Unsere Produkte werden nicht an Tieren getestet. Wir glauben an ethische Sch\u00f6nheit, die die Natur respektiert. <\/p>\n","protected":false},"excerpt":{"rendered":"<p>Vatertagspaket &#8211; Bartpflege Entdecken Sie das &#8222;Vatertagspaket&#8220; &#8211; Bartpflege ein au\u00dfergew\u00f6hnliches Angebot f\u00fcr die Pflege Ihres Bartes. Perfekt f\u00fcr alle, die ihrem Bart die Pflege g\u00f6nnen m\u00f6chten, die er verdient, und gleichzeitig unsere Produktpalette erkunden m\u00f6chten. Diese sorgf\u00e4ltig ausgew\u00e4hlte Box ist ideal, um sich selbst oder einem lieben Menschen einen Moment des Wohlbefindens zu schenken. [&hellip;]<\/p>\n","protected":false},"featured_media":54779,"comment_status":"open","ping_status":"closed","template":"","meta":{"_acf_changed":false},"product_brand":[],"product_cat":[5229,5238,5237],"product_tag":[],"class_list":{"0":"post-56554","1":"product","2":"type-product","3":"status-publish","4":"has-post-thumbnail","6":"product_cat-geschenke","7":"product_cat-kosmetika","8":"product_cat-kosmetische-produkte","9":"product_shipping_class-3d-objekte","11":"first","12":"instock","13":"sale","14":"purchasable","15":"product-type-simple"},"acf":[],"jetpack_sharing_enabled":true,"_links":{"self":[{"href":"https:\/\/www.lespaillettesvertes.ch\/de\/wp-json\/wp\/v2\/product\/56554","targetHints":{"allow":["GET"]}}],"collection":[{"href":"https:\/\/www.lespaillettesvertes.ch\/de\/wp-json\/wp\/v2\/product"}],"about":[{"href":"https:\/\/www.lespaillettesvertes.ch\/de\/wp-json\/wp\/v2\/types\/product"}],"replies":[{"embeddable":true,"href":"https:\/\/www.lespaillettesvertes.ch\/de\/wp-json\/wp\/v2\/comments?post=56554"}],"wp:featuredmedia":[{"embeddable":true,"href":"https:\/\/www.lespaillettesvertes.ch\/de\/wp-json\/wp\/v2\/media\/54779"}],"wp:attachment":[{"href":"https:\/\/www.lespaillettesvertes.ch\/de\/wp-json\/wp\/v2\/media?parent=56554"}],"wp:term":[{"taxonomy":"product_brand","embeddable":true,"href":"https:\/\/www.lespaillettesvertes.ch\/de\/wp-json\/wp\/v2\/product_brand?post=56554"},{"taxonomy":"product_cat","embeddable":true,"href":"https:\/\/www.lespaillettesvertes.ch\/de\/wp-json\/wp\/v2\/product_cat?post=56554"},{"taxonomy":"product_tag","embeddable":true,"href":"https:\/\/www.lespaillettesvertes.ch\/de\/wp-json\/wp\/v2\/product_tag?post=56554"}],"curies":[{"name":"wp","href":"https:\/\/api.w.org\/{rel}","templated":true}]}}