{"id":56552,"date":"2025-05-19T15:04:56","date_gmt":"2025-05-19T13:04:56","guid":{"rendered":"https:\/\/www.lespaillettesvertes.ch\/produit\/pack-vollstaendige-pflege-fuer-bart-und-haut\/"},"modified":"2026-01-15T16:53:23","modified_gmt":"2026-01-15T15:53:23","slug":"pack-vollstaendige-pflege-fuer-bart-und-haut","status":"publish","type":"product","link":"https:\/\/www.lespaillettesvertes.ch\/de\/produit\/pack-vollstaendige-pflege-fuer-bart-und-haut\/","title":{"rendered":"Pack &#8211; Vollst\u00e4ndige Pflege f\u00fcr Bart und Haut"},"content":{"rendered":"<p class=\"\" data-start=\"97\" data-end=\"153\"><strong data-start=\"97\" data-end=\"153\">Pack &#8211; Vollst\u00e4ndige Pflege f\u00fcr Bart und Haut<\/strong><\/p>\n<p class=\"\" data-start=\"155\" data-end=\"447\">G\u00f6nnen Sie Ihrem Bart und Ihrer Haut eine tiefe Pflege mit unserem Paket, das f\u00fcr Menschen entwickelt wurde, die ein komplettes Pflegeritual w\u00fcnschen. Dieses Paket enth\u00e4lt nat\u00fcrliche und wirksame Produkte f\u00fcr eine effektive Pflegeroutine, die Frische, Feuchtigkeit und Wohlbefinden vereint.<\/p>\n<p class=\"\" data-start=\"449\" data-end=\"593\">Dieses Set ist der perfekte Verb\u00fcndete, um Ihren Bart zu pflegen und gleichzeitig Ihre Haut zu verw\u00f6hnen, alles mit nat\u00fcrlichen Inhaltsstoffen aus der Natur.<\/p>\n<p class=\"\" data-start=\"595\" data-end=\"619\"><strong data-start=\"595\" data-end=\"619\">Inhalt der Box :<\/strong><\/p>\n<ul>\n<li data-start=\"586\" data-end=\"846\"><a href=\"https:\/\/www.lespaillettesvertes.ch\/de\/produit\/natuerliche-rasierseife-beruhigender-schaum\/\"><strong data-start=\"586\" data-end=\"618\">Traditionelle Rasierseife<\/strong>:<\/a> Diese reichhaltige und cremige Rasierseife garantiert eine gr\u00fcndliche Rasur, w\u00e4hrend sie die Haut n\u00e4hrt und mit Feuchtigkeit versorgt. Bereitet Ihre Haut und Haare perfekt vor und sorgt so f\u00fcr ein angenehmes und reizfreies Rasurerlebnis.<\/li>\n<li data-start=\"586\" data-end=\"846\"><a href=\"https:\/\/www.lespaillettesvertes.ch\/de\/produit\/seife-mit-aktivkohle-natuerliche-reinigung-und-entgiftung\/\"><strong data-start=\"850\" data-end=\"879\">Detox-Seife Aktivkohle<\/strong>:<\/a> Diese milde Seife mit Aktivkohle kl\u00e4rt und reinigt Ihre Haut gr\u00fcndlich. Es entfernt Unreinheiten und Giftstoffe, w\u00e4hrend Ihre Haut erfrischt und gesch\u00fctzt wird. Ein echter Verb\u00fcndeter f\u00fcr eine sanfte Reinigung von Bart und Gesicht.<\/li>\n<li data-start=\"586\" data-end=\"846\"><a href=\"https:\/\/www.lespaillettesvertes.ch\/de\/produit\/dachs-buche-naturseide\/\"><strong data-start=\"900\" data-end=\"922\">Rasierpinsel<\/strong><\/a> Rasierpinsel: Ein Dachs mit einem eleganten Griff aus<a> Buchenholz <\/a>und weichen <a>Naturseidenhaaren<\/a>, mit dem Sie Ihre Rasierseife gleichm\u00e4\u00dfig und angenehm auftragen k\u00f6nnen. Er massiert die Haut sanft f\u00fcr eine angenehme Rasur. <\/li>\n<li data-start=\"586\" data-end=\"846\"><a href=\"https:\/\/www.lespaillettesvertes.ch\/de\/produit\/natuerliches-deodorant-zitrone-teebaum\/\"><strong data-start=\"1110\" data-end=\"1149\">Nat\u00fcrliches Deodorant Zitrone &amp; Teebaum<\/strong>:<\/a> Dieses 100% nat\u00fcrliche Deodorant kombiniert die Wirksamkeit von Zitrone und Teebaum\u00f6l f\u00fcr einen lang anhaltenden Schutz vor Ger\u00fcchen. Er ist hautfreundlich und h\u00e4lt Sie den ganzen Tag \u00fcber frisch, ohne Chemikalien.<\/li>\n<li data-start=\"586\" data-end=\"846\"><a href=\"https:\/\/www.lespaillettesvertes.ch\/de\/produit\/natuerlicher-bartbalsam\/\"><strong data-start=\"1393\" data-end=\"1422\">N\u00e4hrender Bartbalsam<\/strong>:<\/a> Ein reichhaltiger, feuchtigkeitsspendender Bartbalsam, der Ihren Bart n\u00e4hrt, weich macht und ihm Struktur verleiht. Die zartschmelzende Textur und die mit nat\u00fcrlichen \u00d6len angereicherte Formel pflegen Ihr Fell und sorgen f\u00fcr ein gepflegtes und weiches Finish.<\/li>\n<\/ul>\n<p class=\"\" data-start=\"1652\" data-end=\"1840\"><strong data-start=\"1652\" data-end=\"1676\">Nat\u00fcrliche Inhalts<\/strong> stoffe: Unsere Produkte werden aus nat\u00fcrlichen Inhaltsstoffen hergestellt, um Ihre Haut und Ihren Bart schonend zu pflegen.<\/p>\n<p class=\"\" data-start=\"1842\" data-end=\"1979\"><strong data-start=\"1842\" data-end=\"1861\">Tierethik<\/strong>: Unsere Produkte werden nicht an Tieren getestet. Wir glauben an ethische Sch\u00f6nheit, die die Natur respektiert. <\/p>\n","protected":false},"excerpt":{"rendered":"<p>Pack &#8211; Vollst\u00e4ndige Pflege f\u00fcr Bart und Haut G\u00f6nnen Sie Ihrem Bart und Ihrer Haut eine tiefe Pflege mit unserem Paket, das f\u00fcr Menschen entwickelt wurde, die ein komplettes Pflegeritual w\u00fcnschen. Dieses Paket enth\u00e4lt nat\u00fcrliche und wirksame Produkte f\u00fcr eine effektive Pflegeroutine, die Frische, Feuchtigkeit und Wohlbefinden vereint. Dieses Set ist der perfekte Verb\u00fcndete, um [&hellip;]<\/p>\n","protected":false},"featured_media":57456,"comment_status":"open","ping_status":"closed","template":"","meta":{"_acf_changed":false},"product_brand":[],"product_cat":[5229,5238,5237],"product_tag":[],"class_list":{"0":"post-56552","1":"product","2":"type-product","3":"status-publish","4":"has-post-thumbnail","6":"product_cat-geschenke","7":"product_cat-kosmetika","8":"product_cat-kosmetische-produkte","10":"first","11":"instock","12":"sale","13":"purchasable","14":"product-type-simple"},"acf":[],"jetpack_sharing_enabled":true,"_links":{"self":[{"href":"https:\/\/www.lespaillettesvertes.ch\/de\/wp-json\/wp\/v2\/product\/56552","targetHints":{"allow":["GET"]}}],"collection":[{"href":"https:\/\/www.lespaillettesvertes.ch\/de\/wp-json\/wp\/v2\/product"}],"about":[{"href":"https:\/\/www.lespaillettesvertes.ch\/de\/wp-json\/wp\/v2\/types\/product"}],"replies":[{"embeddable":true,"href":"https:\/\/www.lespaillettesvertes.ch\/de\/wp-json\/wp\/v2\/comments?post=56552"}],"wp:featuredmedia":[{"embeddable":true,"href":"https:\/\/www.lespaillettesvertes.ch\/de\/wp-json\/wp\/v2\/media\/57456"}],"wp:attachment":[{"href":"https:\/\/www.lespaillettesvertes.ch\/de\/wp-json\/wp\/v2\/media?parent=56552"}],"wp:term":[{"taxonomy":"product_brand","embeddable":true,"href":"https:\/\/www.lespaillettesvertes.ch\/de\/wp-json\/wp\/v2\/product_brand?post=56552"},{"taxonomy":"product_cat","embeddable":true,"href":"https:\/\/www.lespaillettesvertes.ch\/de\/wp-json\/wp\/v2\/product_cat?post=56552"},{"taxonomy":"product_tag","embeddable":true,"href":"https:\/\/www.lespaillettesvertes.ch\/de\/wp-json\/wp\/v2\/product_tag?post=56552"}],"curies":[{"name":"wp","href":"https:\/\/api.w.org\/{rel}","templated":true}]}}