{"id":56550,"date":"2025-04-10T16:06:38","date_gmt":"2025-04-10T14:06:38","guid":{"rendered":"https:\/\/www.lespaillettesvertes.ch\/produit\/oekologische-spuelbuerste\/"},"modified":"2026-03-18T12:08:27","modified_gmt":"2026-03-18T11:08:27","slug":"oekologische-spuelbuerste","status":"publish","type":"product","link":"https:\/\/www.lespaillettesvertes.ch\/de\/produit\/oekologische-spuelbuerste\/","title":{"rendered":"\u00d6kologische Sp\u00fclb\u00fcrste + Nachf\u00fcllpackung"},"content":{"rendered":"<h3>Geschirrb\u00fcrste aus Holz + Nachf\u00fcllpackung<\/h3>\n<p>Die <strong>Sp\u00fclb\u00fcrste aus Holz und pflanzlichen Fasern<\/strong> wird zum Sp\u00fclen von Gl\u00e4sern, Tellern und T\u00f6pfen verwendet. Praktisch ist der <strong>Aufh\u00e4ngehaken<\/strong>, an dem die B\u00fcrste gut abtropfen kann. <\/p>\n<p>Abmessungen: 4 (Durchm.) x 24 cm<\/p>\n<p>Diese B\u00fcrste ist aus Naturfasern und unbehandeltem Buchenholz aus lokalen, nachhaltig bewirtschafteten W\u00e4ldern hergestellt. <strong>Der Kopf ist austauschbar<\/strong>, der Griff muss nicht <strong>ausgetauscht<\/strong> werden.<\/p>\n<p>Herstellung in Westeuropa.<\/p>\n<p>Denken Sie daran, das Holz Ihrer B\u00fcrste alle 6 Monate mit einer d\u00fcnnen Schicht Lein\u00f6l zu sch\u00fctzen. Zum Trocknen aufh\u00e4ngen.<\/p>\n<p>&nbsp;<\/p>\n","protected":false},"excerpt":{"rendered":"<p>\u00d6kologische Sp\u00fclb\u00fcrste aus <strong>Holz<\/strong> und <strong>Pflanzenfasern<\/strong>.<\/p>\n<p><strong>Austauschbarer<\/strong> Kopf.<\/p>\n<p>Hergestellt in Frankreich.<\/p>\n<p>&nbsp;<\/p>\n","protected":false},"featured_media":57487,"comment_status":"open","ping_status":"closed","template":"","meta":{"_acf_changed":false},"product_brand":[4756],"product_cat":[5198,5197],"product_tag":[],"class_list":{"0":"post-56550","1":"product","2":"type-product","3":"status-publish","4":"has-post-thumbnail","6":"product_brand-la-droguerie-ecologique","7":"product_cat-haushaltsprodukte","8":"product_cat-haushaltszubehor","9":"product_shipping_class-3d-objekte","11":"first","12":"instock","13":"purchasable","14":"product-type-simple"},"acf":[],"jetpack_sharing_enabled":true,"_links":{"self":[{"href":"https:\/\/www.lespaillettesvertes.ch\/de\/wp-json\/wp\/v2\/product\/56550","targetHints":{"allow":["GET"]}}],"collection":[{"href":"https:\/\/www.lespaillettesvertes.ch\/de\/wp-json\/wp\/v2\/product"}],"about":[{"href":"https:\/\/www.lespaillettesvertes.ch\/de\/wp-json\/wp\/v2\/types\/product"}],"replies":[{"embeddable":true,"href":"https:\/\/www.lespaillettesvertes.ch\/de\/wp-json\/wp\/v2\/comments?post=56550"}],"wp:featuredmedia":[{"embeddable":true,"href":"https:\/\/www.lespaillettesvertes.ch\/de\/wp-json\/wp\/v2\/media\/57487"}],"wp:attachment":[{"href":"https:\/\/www.lespaillettesvertes.ch\/de\/wp-json\/wp\/v2\/media?parent=56550"}],"wp:term":[{"taxonomy":"product_brand","embeddable":true,"href":"https:\/\/www.lespaillettesvertes.ch\/de\/wp-json\/wp\/v2\/product_brand?post=56550"},{"taxonomy":"product_cat","embeddable":true,"href":"https:\/\/www.lespaillettesvertes.ch\/de\/wp-json\/wp\/v2\/product_cat?post=56550"},{"taxonomy":"product_tag","embeddable":true,"href":"https:\/\/www.lespaillettesvertes.ch\/de\/wp-json\/wp\/v2\/product_tag?post=56550"}],"curies":[{"name":"wp","href":"https:\/\/api.w.org\/{rel}","templated":true}]}}