{"id":56546,"date":"2025-04-10T15:51:07","date_gmt":"2025-04-10T13:51:07","guid":{"rendered":"https:\/\/www.lespaillettesvertes.ch\/produit\/gruene-oeko-kratzschwaemme\/"},"modified":"2026-01-20T14:58:21","modified_gmt":"2026-01-20T13:58:21","slug":"gruene-oeko-kratzschwaemme","status":"publish","type":"product","link":"https:\/\/www.lespaillettesvertes.ch\/de\/produit\/gruene-oeko-kratzschwaemme\/","title":{"rendered":"4er-Set gr\u00fcne \u00d6ko-Kratzschw\u00e4mme"},"content":{"rendered":"<h3>Gr\u00fcne \u00d6ko-Kratzschw\u00e4mme<\/h3>\n<p>&nbsp;<\/p>\n<p><strong>Mehrzweckschw\u00e4mme<img data-recalc-dims=\"1\" decoding=\"async\" src=\"https:\/\/i0.wp.com\/www.toutallantvert.com\/images\/blank.gif\" alt=\"\" data-external-url=\"\"><\/strong>, diese<strong> \u00f6ko-designten <\/strong>Schw\u00e4mme k\u00f6nnen dank ihrer gr\u00fcnen, abrasiven Seite zum Kratzen und Reinigen und zum Schwamm verwendet werden. Ideal <strong>f\u00fcr den t\u00e4glichen Gebrauch <\/strong>in der K\u00fcche oder im Badezimmer!<\/p>\n<p><strong>\u00d6kologisches Interesse:<\/strong><\/p>\n<p>Die gr\u00fcnen Schaber werden zu 100% aus recycelten Plastikflaschen in einer europ\u00e4ischen Fabrik unter der Umweltnorm ISO 14001 hergestellt. Der Schwammteil wird aus pflanzlicher Zellulose hergestellt. Das Stirnband besteht aus recyceltem Papier, das mit Druckfarben auf pflanzlicher Basis bei einer Druckerei mit Imprim&#8217;vert-Zertifikat bedruckt wurde. Herstellung in Westeuropa.   <\/p>\n<p>&nbsp;<\/p>\n<p>Die Schaber werden aus recycelten Plastikflaschen und Pulver aus Walnuss- und Haselnussschalen in einer europ\u00e4ischen Fabrik unter der Umweltnorm ISO 14001 hergestellt.<\/p>\n<p>Der Schwammteil besteht zu \u00fcber 90% aus pflanzlicher Zellulose.<\/p>\n<p>&nbsp;<\/p>\n","protected":false},"excerpt":{"rendered":"<p>Enth\u00e4lt 4 Kratzschw\u00e4mme<\/p>\n","protected":false},"featured_media":57516,"comment_status":"open","ping_status":"closed","template":"","meta":{"_acf_changed":false},"product_brand":[4756],"product_cat":[5197],"product_tag":[],"class_list":{"0":"post-56546","1":"product","2":"type-product","3":"status-publish","4":"has-post-thumbnail","6":"product_brand-la-droguerie-ecologique","7":"product_cat-haushaltszubehor","8":"product_shipping_class-3d-objekte","10":"first","11":"instock","12":"purchasable","13":"product-type-simple"},"acf":[],"jetpack_sharing_enabled":true,"_links":{"self":[{"href":"https:\/\/www.lespaillettesvertes.ch\/de\/wp-json\/wp\/v2\/product\/56546","targetHints":{"allow":["GET"]}}],"collection":[{"href":"https:\/\/www.lespaillettesvertes.ch\/de\/wp-json\/wp\/v2\/product"}],"about":[{"href":"https:\/\/www.lespaillettesvertes.ch\/de\/wp-json\/wp\/v2\/types\/product"}],"replies":[{"embeddable":true,"href":"https:\/\/www.lespaillettesvertes.ch\/de\/wp-json\/wp\/v2\/comments?post=56546"}],"wp:featuredmedia":[{"embeddable":true,"href":"https:\/\/www.lespaillettesvertes.ch\/de\/wp-json\/wp\/v2\/media\/57516"}],"wp:attachment":[{"href":"https:\/\/www.lespaillettesvertes.ch\/de\/wp-json\/wp\/v2\/media?parent=56546"}],"wp:term":[{"taxonomy":"product_brand","embeddable":true,"href":"https:\/\/www.lespaillettesvertes.ch\/de\/wp-json\/wp\/v2\/product_brand?post=56546"},{"taxonomy":"product_cat","embeddable":true,"href":"https:\/\/www.lespaillettesvertes.ch\/de\/wp-json\/wp\/v2\/product_cat?post=56546"},{"taxonomy":"product_tag","embeddable":true,"href":"https:\/\/www.lespaillettesvertes.ch\/de\/wp-json\/wp\/v2\/product_tag?post=56546"}],"curies":[{"name":"wp","href":"https:\/\/api.w.org\/{rel}","templated":true}]}}