{"id":56542,"date":"2025-04-10T15:44:34","date_gmt":"2025-04-10T13:44:34","guid":{"rendered":"https:\/\/www.lespaillettesvertes.ch\/produit\/topfbuerste-faser\/"},"modified":"2026-01-20T14:49:07","modified_gmt":"2026-01-20T13:49:07","slug":"topfbuerste-faser","status":"publish","type":"product","link":"https:\/\/www.lespaillettesvertes.ch\/de\/produit\/topfbuerste-faser\/","title":{"rendered":"Duo Topfb\u00fcrste Faser"},"content":{"rendered":"<h3>Topfb\u00fcrste Faser<\/h3>\n<p>&nbsp;<\/p>\n<p>Die Topfb\u00fcrste wird zum Schaben und Reinigen des Bodens von T\u00f6pfen verwendet. Sie ist ein unverzichtbares Zubeh\u00f6r f\u00fcr gusseisernes Kochgeschirr. Sie ist auch f\u00fcr alle anderen Haushaltsarbeiten geeignet. Der ergonomische Griff erleichtert die Handhabung.   <\/p>\n<p>&nbsp;<\/p>\n","protected":false},"excerpt":{"rendered":"<p>Topfb\u00fcrste Faser &nbsp; Die Topfb\u00fcrste wird zum Schaben und Reinigen des Bodens von T\u00f6pfen verwendet. Sie ist ein unverzichtbares Zubeh\u00f6r f\u00fcr gusseisernes Kochgeschirr. Sie ist auch f\u00fcr alle anderen Haushaltsarbeiten geeignet. Der ergonomische Griff erleichtert die Handhabung. &nbsp;<\/p>\n","protected":false},"featured_media":57510,"comment_status":"open","ping_status":"closed","template":"","meta":{"_acf_changed":false},"product_brand":[4756],"product_cat":[5197,5227],"product_tag":[],"class_list":{"0":"post-56542","1":"product","2":"type-product","3":"status-publish","4":"has-post-thumbnail","6":"product_brand-la-droguerie-ecologique","7":"product_cat-haushaltszubehor","8":"product_cat-neuheiten","9":"product_shipping_class-3d-objekte","11":"first","12":"instock","13":"purchasable","14":"product-type-simple"},"acf":[],"jetpack_sharing_enabled":true,"_links":{"self":[{"href":"https:\/\/www.lespaillettesvertes.ch\/de\/wp-json\/wp\/v2\/product\/56542","targetHints":{"allow":["GET"]}}],"collection":[{"href":"https:\/\/www.lespaillettesvertes.ch\/de\/wp-json\/wp\/v2\/product"}],"about":[{"href":"https:\/\/www.lespaillettesvertes.ch\/de\/wp-json\/wp\/v2\/types\/product"}],"replies":[{"embeddable":true,"href":"https:\/\/www.lespaillettesvertes.ch\/de\/wp-json\/wp\/v2\/comments?post=56542"}],"wp:featuredmedia":[{"embeddable":true,"href":"https:\/\/www.lespaillettesvertes.ch\/de\/wp-json\/wp\/v2\/media\/57510"}],"wp:attachment":[{"href":"https:\/\/www.lespaillettesvertes.ch\/de\/wp-json\/wp\/v2\/media?parent=56542"}],"wp:term":[{"taxonomy":"product_brand","embeddable":true,"href":"https:\/\/www.lespaillettesvertes.ch\/de\/wp-json\/wp\/v2\/product_brand?post=56542"},{"taxonomy":"product_cat","embeddable":true,"href":"https:\/\/www.lespaillettesvertes.ch\/de\/wp-json\/wp\/v2\/product_cat?post=56542"},{"taxonomy":"product_tag","embeddable":true,"href":"https:\/\/www.lespaillettesvertes.ch\/de\/wp-json\/wp\/v2\/product_tag?post=56542"}],"curies":[{"name":"wp","href":"https:\/\/api.w.org\/{rel}","templated":true}]}}