{"id":56540,"date":"2025-04-10T01:10:24","date_gmt":"2025-04-09T23:10:24","guid":{"rendered":"https:\/\/www.lespaillettesvertes.ch\/produit\/bio-alkoholessig-12-1l\/"},"modified":"2026-03-17T08:58:45","modified_gmt":"2026-03-17T07:58:45","slug":"bio-alkoholessig-12-1l","status":"publish","type":"product","link":"https:\/\/www.lespaillettesvertes.ch\/de\/produit\/bio-alkoholessig-12-1l\/","title":{"rendered":"Bio-Alkoholessig 12% 1L"},"content":{"rendered":"<h3>Bio-Alkoholessig 12% 1L<\/h3>\n<p>Dieses Produkt ist aus der Drogerie nicht wegzudenken und wird h\u00e4ufig verwendet, um zu Hause die g\u00e4ngigsten <a href=\"https:\/\/www.lespaillettesvertes.ch\/de\/categorie-produit\/haushaltsprodukte\/\">Pflegeprodukte<\/a> herzustellen.<\/p>\n<p>Diese Version des 12%igen Alkohol-Essigs ist konzentrierter als Haushaltsessig. Mit 12% Essigs\u00e4ure wird die entkalkende, entfettende und reinigende Wirkung dieses Essigs verst\u00e4rkt, um noch effektiver zu sein. <\/p>\n<p>&nbsp;<\/p>\n<p>Es verh\u00e4lt sich wie eine schwache S\u00e4ure mit der Schreibweise CH3-COOH, wodurch es schwache Basen neutralisieren und insbesondere Karbonate (einschlie\u00dflich des Kalksteins in unseren Leitungen) abbauen kann.<\/p>\n","protected":false},"excerpt":{"rendered":"<p>Bio-Alkoholessig 12% 1L Dieses Produkt ist aus der Drogerie nicht wegzudenken und wird h\u00e4ufig verwendet, um zu Hause die g\u00e4ngigsten Pflegeprodukte herzustellen. Diese Version des 12%igen Alkohol-Essigs ist konzentrierter als Haushaltsessig. Mit 12% Essigs\u00e4ure wird die entkalkende, entfettende und reinigende Wirkung dieses Essigs verst\u00e4rkt, um noch effektiver zu sein. &nbsp; Es verh\u00e4lt sich wie eine [&hellip;]<\/p>\n","protected":false},"featured_media":54385,"comment_status":"open","ping_status":"closed","template":"","meta":{"_acf_changed":false},"product_brand":[],"product_cat":[5232,5247,5258],"product_tag":[],"class_list":{"0":"post-56540","1":"product","2":"type-product","3":"status-publish","4":"has-post-thumbnail","6":"product_cat-gute-geschafte","7":"product_cat-rohstoffe","8":"product_cat-universelle-reinigungsprodukte","9":"product_shipping_class-3d-objekte","11":"first","12":"outofstock","13":"sale","14":"purchasable","15":"product-type-simple"},"acf":[],"jetpack_sharing_enabled":true,"_links":{"self":[{"href":"https:\/\/www.lespaillettesvertes.ch\/de\/wp-json\/wp\/v2\/product\/56540","targetHints":{"allow":["GET"]}}],"collection":[{"href":"https:\/\/www.lespaillettesvertes.ch\/de\/wp-json\/wp\/v2\/product"}],"about":[{"href":"https:\/\/www.lespaillettesvertes.ch\/de\/wp-json\/wp\/v2\/types\/product"}],"replies":[{"embeddable":true,"href":"https:\/\/www.lespaillettesvertes.ch\/de\/wp-json\/wp\/v2\/comments?post=56540"}],"wp:featuredmedia":[{"embeddable":true,"href":"https:\/\/www.lespaillettesvertes.ch\/de\/wp-json\/wp\/v2\/media\/54385"}],"wp:attachment":[{"href":"https:\/\/www.lespaillettesvertes.ch\/de\/wp-json\/wp\/v2\/media?parent=56540"}],"wp:term":[{"taxonomy":"product_brand","embeddable":true,"href":"https:\/\/www.lespaillettesvertes.ch\/de\/wp-json\/wp\/v2\/product_brand?post=56540"},{"taxonomy":"product_cat","embeddable":true,"href":"https:\/\/www.lespaillettesvertes.ch\/de\/wp-json\/wp\/v2\/product_cat?post=56540"},{"taxonomy":"product_tag","embeddable":true,"href":"https:\/\/www.lespaillettesvertes.ch\/de\/wp-json\/wp\/v2\/product_tag?post=56540"}],"curies":[{"name":"wp","href":"https:\/\/api.w.org\/{rel}","templated":true}]}}