{"id":56538,"date":"2025-01-23T16:48:58","date_gmt":"2025-01-23T15:48:58","guid":{"rendered":"https:\/\/www.lespaillettesvertes.ch\/produit\/bio-alkohol-essig-8-1l\/"},"modified":"2026-03-04T14:18:57","modified_gmt":"2026-03-04T13:18:57","slug":"bio-alkohol-essig-8-1l","status":"publish","type":"product","link":"https:\/\/www.lespaillettesvertes.ch\/de\/produit\/bio-alkohol-essig-8-1l\/","title":{"rendered":"Bio-Alkohol-Essig 8% 1L"},"content":{"rendered":"<h3>Bio-Alkohol-Essig 8% 1L<\/h3>\n<p>Dieses Produkt ist aus der Drogerie nicht wegzudenken und wird h\u00e4ufig verwendet, um zu Hause die g\u00e4ngigsten <a href=\"https:\/\/www.lespaillettesvertes.ch\/de\/categorie-produit\/haushaltsprodukte\/\">Pflegeprodukte<\/a> herzustellen.<br \/>\n<strong>Alkoholischer Essig<\/strong> wird auch f\u00fcr die Zubereitung von Gem\u00fcsekonserven, s\u00fc\u00df-sauren Saucen usw. verwendet.<\/p>\n<p>Der Alkoholessig 8% von La Droguerie Ecologique ist eine w\u00e4ssrige L\u00f6sung, die Essigs\u00e4ure mit einem Gehalt von 8% enth\u00e4lt. Er wird traditionell in allen K\u00fcchen der Welt f\u00fcr Lebensmittel verwendet und ist ein bemerkenswertes, vielseitiges, umweltfreundliches und preiswertes Haushaltsprodukt. <\/p>\n<p><strong>Seine Eigenschaften sind sehr zahlreich<\/strong>: Lebensmittelkonservierungsmittel, Fettl\u00f6ser, Desodorierungsmittel, Entkalker, Reinigungsmittel &#8230; und seine Verwendung ist sehr weitreichend: Lebensmittel, Haushalt, Familienhygiene und Kosmetika.<\/p>\n<p>Es verh\u00e4lt sich wie eine schwache S\u00e4ure mit der Schreibweise CH3-COOH, wodurch es schwache Basen neutralisieren und insbesondere Karbonate (einschlie\u00dflich des Kalksteins in unseren Leitungen) abbauen kann.<\/p>\n","protected":false},"excerpt":{"rendered":"<p>Bio-Alkohol-Essig 8% 1L Dieses Produkt ist aus der Drogerie nicht wegzudenken und wird h\u00e4ufig verwendet, um zu Hause die g\u00e4ngigsten Pflegeprodukte herzustellen. Alkoholischer Essig wird auch f\u00fcr die Zubereitung von Gem\u00fcsekonserven, s\u00fc\u00df-sauren Saucen usw. verwendet. Der Alkoholessig 8% von La Droguerie Ecologique ist eine w\u00e4ssrige L\u00f6sung, die Essigs\u00e4ure mit einem Gehalt von 8% enth\u00e4lt. Er [&hellip;]<\/p>\n","protected":false},"featured_media":54038,"comment_status":"open","ping_status":"closed","template":"","meta":{"_acf_changed":false},"product_brand":[4756],"product_cat":[5232,5247,5258],"product_tag":[],"class_list":{"0":"post-56538","1":"product","2":"type-product","3":"status-publish","4":"has-post-thumbnail","6":"product_brand-la-droguerie-ecologique","7":"product_cat-gute-geschafte","8":"product_cat-rohstoffe","9":"product_cat-universelle-reinigungsprodukte","10":"product_shipping_class-3d-objekte","12":"first","13":"outofstock","14":"sale","15":"purchasable","16":"product-type-simple"},"acf":[],"jetpack_sharing_enabled":true,"_links":{"self":[{"href":"https:\/\/www.lespaillettesvertes.ch\/de\/wp-json\/wp\/v2\/product\/56538","targetHints":{"allow":["GET"]}}],"collection":[{"href":"https:\/\/www.lespaillettesvertes.ch\/de\/wp-json\/wp\/v2\/product"}],"about":[{"href":"https:\/\/www.lespaillettesvertes.ch\/de\/wp-json\/wp\/v2\/types\/product"}],"replies":[{"embeddable":true,"href":"https:\/\/www.lespaillettesvertes.ch\/de\/wp-json\/wp\/v2\/comments?post=56538"}],"wp:featuredmedia":[{"embeddable":true,"href":"https:\/\/www.lespaillettesvertes.ch\/de\/wp-json\/wp\/v2\/media\/54038"}],"wp:attachment":[{"href":"https:\/\/www.lespaillettesvertes.ch\/de\/wp-json\/wp\/v2\/media?parent=56538"}],"wp:term":[{"taxonomy":"product_brand","embeddable":true,"href":"https:\/\/www.lespaillettesvertes.ch\/de\/wp-json\/wp\/v2\/product_brand?post=56538"},{"taxonomy":"product_cat","embeddable":true,"href":"https:\/\/www.lespaillettesvertes.ch\/de\/wp-json\/wp\/v2\/product_cat?post=56538"},{"taxonomy":"product_tag","embeddable":true,"href":"https:\/\/www.lespaillettesvertes.ch\/de\/wp-json\/wp\/v2\/product_tag?post=56538"}],"curies":[{"name":"wp","href":"https:\/\/api.w.org\/{rel}","templated":true}]}}