{"id":56514,"date":"2025-01-23T16:44:31","date_gmt":"2025-01-23T15:44:31","guid":{"rendered":"https:\/\/www.lespaillettesvertes.ch\/produit\/scheuerschaber-aus-kupfer\/"},"modified":"2026-01-20T15:33:20","modified_gmt":"2026-01-20T14:33:20","slug":"scheuerschaber-aus-kupfer","status":"publish","type":"product","link":"https:\/\/www.lespaillettesvertes.ch\/de\/produit\/scheuerschaber-aus-kupfer\/","title":{"rendered":"Trio Scheuerschaber aus Kupfer"},"content":{"rendered":"<h1 data-start=\"190\" data-end=\"220\">Scheuerschaber aus Kupfer<\/h1>\n<p data-start=\"222\" data-end=\"487\">Der <strong data-start=\"225\" data-end=\"257\">Kupferschaber<\/strong> ist ein unverzichtbares Zubeh\u00f6r f\u00fcr eine effektive und schonende Reinigung Ihrer Oberfl\u00e4chen. Er wurde entwickelt, um hartn\u00e4ckigen Schmutz ohne Kratzer zu entfernen und ist ideal f\u00fcr die Pflege von K\u00fcchenutensilien und anderen empfindlichen Oberfl\u00e4chen.<\/p>\n<h2 data-start=\"489\" data-end=\"523\">Vorteile des Kupferschabers<\/h2>\n<ul data-start=\"525\" data-end=\"882\">\n<li data-start=\"525\" data-end=\"668\"><strong data-start=\"527\" data-end=\"557\">Sanfte und effektive Reinigung<\/strong>: Dank seines Designs aus Kupfergeflecht entfernt dieser Schaber hartn\u00e4ckige R\u00fcckst\u00e4nde, ohne Ihre Oberfl\u00e4chen zu besch\u00e4digen.<\/li>\n<li data-start=\"669\" data-end=\"784\"><strong data-start=\"671\" data-end=\"686\">Vielseitig<\/strong>: Perfekt f\u00fcr die Reinigung von Pfannen, T\u00f6pfen, Gaskochern, Sp\u00fclbecken und anderen verschmutzten Oberfl\u00e4chen.<\/li>\n<li data-start=\"785\" data-end=\"882\"><strong data-start=\"787\" data-end=\"801\">Haltbarkeit<\/strong>: Rostet nicht und bleibt weich f\u00fcr die H\u00e4nde, was eine lange Lebensdauer gew\u00e4hrleistet.<\/li>\n<\/ul>\n<h2 data-start=\"884\" data-end=\"914\">Technische Merkmale<\/h2>\n<ul data-start=\"916\" data-end=\"1058\">\n<li data-start=\"916\" data-end=\"966\"><strong data-start=\"918\" data-end=\"930\">Material<\/strong>: 100% recycelbares Kupfergeflecht.<\/li>\n<li data-start=\"967\" data-end=\"1058\"><strong data-start=\"969\" data-end=\"982\">Pflege<\/strong>: Maschinenwaschbar oder mit einer halbharten B\u00fcrste und Kernseife waschbar.<\/li>\n<\/ul>\n<h2 data-start=\"1310\" data-end=\"1356\">Warum sollten Sie sich f\u00fcr unseren Kupferschaber entscheiden?<\/h2>\n<p data-start=\"1358\" data-end=\"1663\">Wenn Sie sich f\u00fcr unseren Kupferschaber entscheiden, w\u00e4hlen Sie ein <a href=\"https:\/\/www.lespaillettesvertes.ch\/de\/categorie-produit\/haushaltsprodukte\/\">umweltfreundliches, effektives und nachhaltiges Produkt<\/a>. Es wurde in Westeuropa hergestellt und ist vollst\u00e4ndig recycelbar und umweltfreundlich. Sein ergonomisches Design sorgt f\u00fcr einen bequemen Griff im t\u00e4glichen Gebrauch.<\/p>\n","protected":false},"excerpt":{"rendered":"<p>Scheuerschaber aus Kupfer Der Kupferschaber ist ein unverzichtbares Zubeh\u00f6r f\u00fcr eine effektive und schonende Reinigung Ihrer Oberfl\u00e4chen. Er wurde entwickelt, um hartn\u00e4ckigen Schmutz ohne Kratzer zu entfernen und ist ideal f\u00fcr die Pflege von K\u00fcchenutensilien und anderen empfindlichen Oberfl\u00e4chen. Vorteile des Kupferschabers Sanfte und effektive Reinigung: Dank seines Designs aus Kupfergeflecht entfernt dieser Schaber hartn\u00e4ckige [&hellip;]<\/p>\n","protected":false},"featured_media":57523,"comment_status":"open","ping_status":"closed","template":"","meta":{"_acf_changed":false},"product_brand":[],"product_cat":[5197],"product_tag":[],"class_list":{"0":"post-56514","1":"product","2":"type-product","3":"status-publish","4":"has-post-thumbnail","6":"product_cat-haushaltszubehor","7":"product_shipping_class-3d-objekte","9":"first","10":"instock","11":"purchasable","12":"product-type-simple"},"acf":[],"jetpack_sharing_enabled":true,"_links":{"self":[{"href":"https:\/\/www.lespaillettesvertes.ch\/de\/wp-json\/wp\/v2\/product\/56514","targetHints":{"allow":["GET"]}}],"collection":[{"href":"https:\/\/www.lespaillettesvertes.ch\/de\/wp-json\/wp\/v2\/product"}],"about":[{"href":"https:\/\/www.lespaillettesvertes.ch\/de\/wp-json\/wp\/v2\/types\/product"}],"replies":[{"embeddable":true,"href":"https:\/\/www.lespaillettesvertes.ch\/de\/wp-json\/wp\/v2\/comments?post=56514"}],"wp:featuredmedia":[{"embeddable":true,"href":"https:\/\/www.lespaillettesvertes.ch\/de\/wp-json\/wp\/v2\/media\/57523"}],"wp:attachment":[{"href":"https:\/\/www.lespaillettesvertes.ch\/de\/wp-json\/wp\/v2\/media?parent=56514"}],"wp:term":[{"taxonomy":"product_brand","embeddable":true,"href":"https:\/\/www.lespaillettesvertes.ch\/de\/wp-json\/wp\/v2\/product_brand?post=56514"},{"taxonomy":"product_cat","embeddable":true,"href":"https:\/\/www.lespaillettesvertes.ch\/de\/wp-json\/wp\/v2\/product_cat?post=56514"},{"taxonomy":"product_tag","embeddable":true,"href":"https:\/\/www.lespaillettesvertes.ch\/de\/wp-json\/wp\/v2\/product_tag?post=56514"}],"curies":[{"name":"wp","href":"https:\/\/api.w.org\/{rel}","templated":true}]}}