{"id":56502,"date":"2023-11-30T19:13:06","date_gmt":"2023-11-30T18:13:06","guid":{"rendered":"https:\/\/www.lespaillettesvertes.ch\/produit\/wiederverwendbares-besteckset-bini\/"},"modified":"2023-11-30T19:13:06","modified_gmt":"2023-11-30T18:13:06","slug":"wiederverwendbares-besteckset-bini","status":"publish","type":"product","link":"https:\/\/www.lespaillettesvertes.ch\/de\/produit\/wiederverwendbares-besteckset-bini\/","title":{"rendered":"Wiederverwendbares Besteckset Bini"},"content":{"rendered":"<h3>Wiederverwendbares Besteckset Bini<\/h3>\n<div>\n<p><strong>Ein wiederverwendbares, geniales, leichtes und kompaktes Besteck<\/strong>, mit dem Sie Ihre Lieblingsgerichte auch dann genie\u00dfen k\u00f6nnen, wenn Sie nicht zu Hause sind.<\/p>\n<p><strong>Funktionell, robust, <\/strong>in der Box <strong>abtropfbar <\/strong>und<strong>sp\u00fclmaschinenfest<\/strong>, immer und immer wieder.<\/p>\n<div>\n<p>Das Bini-Set enth\u00e4lt <strong>eine Gabel, die wirklich sticht<\/strong>, <strong>ein Messer, das perfekt schneidet<\/strong>, <strong>St\u00e4bchen, die gut anbraten<\/strong>, <strong>einen tiefen<\/strong> L\u00f6ffel f\u00fcr sch\u00f6ne L\u00f6ffel, in einem <strong>kleinen, leichten<\/strong>, mobilen und genialen <strong>Etui<\/strong>. Kurz gesagt, <strong>ein gut durchdachtes Besteck<\/strong>, nicht zu klein wie das f\u00fcr Kinder und nicht zu sperrig wie das in der K\u00fcchenschublade.<br \/>\n<strong>Essen Sie gerne? Lieben Sie den Planeten? Sie werden Ihre Bini lieben.<br \/>\nUnd sie werden es Ihnen danken!  <\/strong><\/p>\n<\/div>\n<div>\n<p>Die Bini-Sets werden <strong>in Frankreich entworfen und hergestellt<\/strong> und ihre <strong>Rohstoffe werden in Schweden bezogen<\/strong>: aus einem innovativen und nachhaltigen Material, das die Umwelt respektiert: ein <strong>nat\u00fcrlicher Bioverbundstoff aus Holzfaserabf\u00e4llen<\/strong> (aus einem S\u00e4gewerk und nicht f\u00fcr diesen Zweck geschnitten) und einem biobasierten <strong>Polymer <\/strong>(hergestellt aus recyceltem Restaurant\u00f6l). Ein <strong>zirkul\u00e4res Material, das aus Schweden stammt und zu 98% nat\u00fcrlich ist<\/strong>! Daher ist jedes Set ein Unikat und das Aussehen kann leicht variieren. <\/p>\n<div>\n<div>\n<div>\n<p><u><strong>Das ISCC-Siegel: <\/strong><\/u>Garantiert die R\u00fcckverfolgbarkeit und Haltbarkeit der Materialien und alles, was das Bini-Besteck ausmacht. Der Geschmack des Essens und nichts anderes, kein Risiko von Toxizit\u00e4t! <\/p>\n<\/div>\n<\/div>\n<\/div>\n<\/div>\n<p><strong><u>Sp\u00fclmaschinenfest:<\/u><\/strong><\/p>\n<p>Sie k\u00f6nnen Ihre Bini einfach in die Waschmaschine geben und am n\u00e4chsten Tag abholen. Die Box l\u00e4sst die Binis von selbst abtropfen, so dass Sie sie einfach in die Tasche stecken k\u00f6nnen. <\/p>\n<\/div>\n<h3>\u00dcber die Marke<\/h3>\n<div>\n<div>\n<p><strong>Bini&#8230; Wer ist das?   <\/strong>Hinter der Marke stehen <strong>Alice und Perrine<\/strong>, die eine gute Gabel haben&#8230;. Aber sie hassen die Idee, dass ihre Mittagspause auf Kosten der Umwelt geht. <\/p>\n<p>Sie starteten im Winter 2020-21 eine Crowdfunding-Aktion, die es ihnen erm\u00f6glichte, Bini auf den Markt zu bringen: <strong>wiederverwendbares Besteck made in France<\/strong>, <strong>biobasiert<\/strong>, mit garantierter <strong>R\u00fcckverfolgbarkeit und Haltbarkeit<\/strong>, <strong>lebensmittelecht<\/strong>, <strong>BPA-frei<\/strong> und sogar <strong>sp\u00fclmaschinenfest<\/strong>!<\/p>\n<p>Auch <strong>das Design der Bini-Sets <\/strong>ist gut durchdacht: Alice und Perrine haben sich an Margaux Keller, Produkt-\/M\u00f6beldesignerin und Innenarchitektin, gewandt, um <strong>ein Besteck<\/strong> zu entwerfen, das nicht <strong>nur sch\u00f6n, sondern auch clever<\/strong> ist. Sie ist eine Designerin, die versucht, durch Design Emotionen zu wecken und durch die Arbeit mit Erinnerungen ein L\u00e4cheln auf die Lippen zu zaubern: eine Welt und eine Zusammenarbeit, die f\u00fcr Bini naheliegend ist! <\/p>\n<\/div>\n<\/div>\n<h3>Der Rat der Gr\u00fcnen Pailletten<\/h3>\n<p><em>&#8222;Die Verbannung von Plastik und allen Einwegbeh\u00e4ltern ist heute eine Selbstverst\u00e4ndlichkeit.  <\/em><\/p>\n<p><em>Planen Sie Ihre Reisen und Mahlzeiten au\u00dfer Haus, nehmen Sie Ihr Mittagessen mit oder reichen Sie Ihre Tasse, wenn Sie Ihren Kaffee bestellen, haben Sie alles Notwendige im B\u00fcro, um unn\u00f6tigen Abfall zu vermeiden und Ihre Gesundheit zu sch\u00fctzen.<\/em><\/p>\n<p><em>Mit den leichten, kompakten, robusten und langlebigen Bini-Sets kann nichts den Geschmack der guten Gerichte verderben, die Sie au\u00dfer Haus essen.&#8220;<\/em><\/p>\n","protected":false},"excerpt":{"rendered":"<p><strong>Wiederverwendbares Besteckset<\/strong><\/p>\n<p>Das Etui enth\u00e4lt 1 Gabel, 1 Messer, 1 L\u00f6ffel und St\u00e4bchen.<\/p>\n<p>7 Farben zur Auswahl.<\/p>\n<p>L\u00e4nge: 20 cm | Gewicht: 100 g<\/p>\n","protected":false},"featured_media":54195,"comment_status":"open","ping_status":"closed","template":"","meta":{"_acf_changed":false},"product_brand":[821],"product_cat":[5205,5206],"product_tag":[],"class_list":{"0":"post-56502","1":"product","2":"type-product","3":"status-publish","4":"has-post-thumbnail","6":"product_brand-bini","7":"product_cat-outdoor","8":"product_cat-zubehor","9":"product_shipping_class-3d-objekte","10":"_wholesalex wsx-wholesalex-product","12":"first","13":"outofstock","14":"purchasable","15":"product-type-variable"},"acf":[],"jetpack_sharing_enabled":true,"_links":{"self":[{"href":"https:\/\/www.lespaillettesvertes.ch\/de\/wp-json\/wp\/v2\/product\/56502","targetHints":{"allow":["GET"]}}],"collection":[{"href":"https:\/\/www.lespaillettesvertes.ch\/de\/wp-json\/wp\/v2\/product"}],"about":[{"href":"https:\/\/www.lespaillettesvertes.ch\/de\/wp-json\/wp\/v2\/types\/product"}],"replies":[{"embeddable":true,"href":"https:\/\/www.lespaillettesvertes.ch\/de\/wp-json\/wp\/v2\/comments?post=56502"}],"wp:featuredmedia":[{"embeddable":true,"href":"https:\/\/www.lespaillettesvertes.ch\/de\/wp-json\/wp\/v2\/media\/54195"}],"wp:attachment":[{"href":"https:\/\/www.lespaillettesvertes.ch\/de\/wp-json\/wp\/v2\/media?parent=56502"}],"wp:term":[{"taxonomy":"product_brand","embeddable":true,"href":"https:\/\/www.lespaillettesvertes.ch\/de\/wp-json\/wp\/v2\/product_brand?post=56502"},{"taxonomy":"product_cat","embeddable":true,"href":"https:\/\/www.lespaillettesvertes.ch\/de\/wp-json\/wp\/v2\/product_cat?post=56502"},{"taxonomy":"product_tag","embeddable":true,"href":"https:\/\/www.lespaillettesvertes.ch\/de\/wp-json\/wp\/v2\/product_tag?post=56502"}],"curies":[{"name":"wp","href":"https:\/\/api.w.org\/{rel}","templated":true}]}}