{"id":56497,"date":"2025-01-23T16:25:49","date_gmt":"2025-01-23T15:25:49","guid":{"rendered":"https:\/\/www.lespaillettesvertes.ch\/produit\/natuerliche-zahnpasta-mit-meswak-kerala\/"},"modified":"2026-04-28T04:55:57","modified_gmt":"2026-04-28T02:55:57","slug":"natuerliche-zahnpasta-mit-meswak-kerala","status":"publish","type":"product","link":"https:\/\/www.lespaillettesvertes.ch\/de\/produit\/natuerliche-zahnpasta-mit-meswak-kerala\/","title":{"rendered":"Nat\u00fcrliche Zahnpasta mit Meswak &#8211; Kerala"},"content":{"rendered":"<div class=\"product-tabs\">\n<div id=\"description\" class=\"product-section\">\n<div class=\"product-section__content product-description cms-content\"><\/div>\n<h2 data-start=\"208\" data-end=\"278\">Nat\u00fcrliche Meswak-Zahnpasta &#8211; Kerala | Ayurvedische Zahnpflege<\/h2>\n<h2 data-start=\"280\" data-end=\"340\">Eine nat\u00fcrliche Zahnpasta f\u00fcr gesunde Z\u00e4hne und gesundes Zahnfleisch<\/h2>\n<p data-start=\"342\" data-end=\"739\">Die <strong data-start=\"345\" data-end=\"386\">nat\u00fcrliche Meswak-Zahnpasta &#8211; Kerala<\/strong> ist eine ayurvedische Pflege, die f\u00fcr eine <strong data-start=\"426\" data-end=\"472\">gesunde und umweltfreundliche Mundhygiene<\/strong> entwickelt wurde. Angereichert mit <strong data-start=\"485\" data-end=\"495\">Meswak<\/strong>, einer Pflanze, die seit Jahrhunderten f\u00fcr ihre wohltuende Wirkung bekannt ist, reinigt sie sanft, st\u00e4rkt das Zahnfleisch und bek\u00e4mpft Zahnbelag. Dank seiner 100% nat\u00fcrlichen Zusammensetzung bietet es eine wirksame Alternative zu herk\u00f6mmlichen Zahnpasten.  <\/p>\n<h2 data-start=\"741\" data-end=\"796\">Warum sollten Sie eine nat\u00fcrliche Meswak-Zahnpasta w\u00e4hlen?<\/h2>\n<ul data-start=\"798\" data-end=\"1149\">\n<li data-start=\"798\" data-end=\"874\"><strong data-start=\"800\" data-end=\"829\">Sanfte und effektive Formel<\/strong>: Sch\u00fctzt den Zahnschmelz, ohne die Z\u00e4hne anzugreifen.<\/li>\n<li data-start=\"875\" data-end=\"975\"><strong data-start=\"877\" data-end=\"906\">100% nat\u00fcrliche Inhaltsstoffe<\/strong>: Ohne Fluor, Parabene und sch\u00e4dliche Chemikalien.<\/li>\n<li data-start=\"976\" data-end=\"1062\"><strong data-start=\"978\" data-end=\"994\">Umfassende Pflege<\/strong>: Beugt Karies vor, reduziert Plaque und st\u00e4rkt das Zahnfleisch.<\/li>\n<li data-start=\"1063\" data-end=\"1149\"><strong data-start=\"1065\" data-end=\"1089\">Ayurvedischer Ansatz<\/strong>: Inspiriert von indischen Traditionen f\u00fcr einen gesunden Mund.<\/li>\n<\/ul>\n<h2 data-start=\"1151\" data-end=\"1204\">Nat\u00fcrliche Inhaltsstoffe mit vielen Vorteilen<\/h2>\n<p data-start=\"1206\" data-end=\"1328\">Die <strong data-start=\"1209\" data-end=\"1231\">nat\u00fcrliche Zahnpasta<\/strong> Kerala enth\u00e4lt <strong data-start=\"1251\" data-end=\"1281\"><a href=\"https:\/\/fr.wikipedia.org\/wiki\/Siwak\" target=\"_blank\" rel=\"noopener\">Meswak<\/a> (Salvadora Persica)<\/strong>, das f\u00fcr seine au\u00dfergew\u00f6hnlichen Eigenschaften bekannt ist:<\/p>\n<p data-start=\"1330\" data-end=\"1580\">\u2714 <strong data-start=\"1332\" data-end=\"1348\">Antiseptisch<\/strong>: Bek\u00e4mpft Bakterien, die Karies und Mundgeruch verursachen.<br data-start=\"1422\" data-end=\"1425\">\u2714 <strong data-start=\"1427\" data-end=\"1441\">Adstringierend<\/strong>: St\u00e4rkt das Zahnfleisch und beugt Blutungen vor.<br data-start=\"1494\" data-end=\"1497\">\u2714 <strong data-start=\"1499\" data-end=\"1523\">Nat\u00fcrliches Bleichmittel<\/strong>: Hilft, Zahnverf\u00e4rbungen allm\u00e4hlich zu reduzieren.<\/p>\n<p data-start=\"1582\" data-end=\"1684\"><strong data-start=\"1582\" data-end=\"1597\">Zusammensetzung<\/strong>: Calciumcarbonat, Wasser, Sorbitol, Meswak, Carragheenan, Sodium Lauroyl Glutamate.<\/p>\n<h2 data-start=\"2172\" data-end=\"2215\">Vervollst\u00e4ndigen Sie Ihre Mundpflege-Routine<\/h2>\n<ul data-start=\"2125\" data-end=\"2392\">\n<li data-start=\"2125\" data-end=\"2208\"><strong data-start=\"2127\" data-end=\"2155\">Zahnb\u00fcrste aus Schweizer Buchenholz : <\/strong><a href=\"https:\/\/www.lespaillettesvertes.ch\/de\/produit\/zahnbuerste-aus-buche-schweiz-soft\/\">Hier entdecken<\/a><\/li>\n<li data-start=\"2125\" data-end=\"2208\"><strong>Miswak Baton<\/strong>: <a href=\"https:\/\/www.lespaillettesvertes.ch\/de\/produit\/miswak-stock\/\">Hier entdecken <\/a> <\/li>\n<li data-start=\"2125\" data-end=\"2208\"><strong>Pulverzahnpasta mit Kohle und gr\u00fcner Minze<\/strong>: <a href=\"https:\/\/www.lespaillettesvertes.ch\/de\/produit\/miswak-stock\/\">Hier erh\u00e4ltlich <\/a> <\/li>\n<\/ul>\n<\/div>\n<\/div>\n","protected":false},"excerpt":{"rendered":"<p>100 g Tube<\/p>\n","protected":false},"featured_media":54062,"comment_status":"open","ping_status":"closed","template":"","meta":{"_acf_changed":false},"product_brand":[],"product_cat":[5237],"product_tag":[],"class_list":{"0":"post-56497","1":"product","2":"type-product","3":"status-publish","4":"has-post-thumbnail","6":"product_cat-kosmetische-produkte","7":"product_shipping_class-3d-objekte","8":"_wholesalex wsx-wholesalex-product","10":"first","11":"outofstock","12":"purchasable","13":"product-type-simple"},"acf":[],"jetpack_sharing_enabled":true,"_links":{"self":[{"href":"https:\/\/www.lespaillettesvertes.ch\/de\/wp-json\/wp\/v2\/product\/56497","targetHints":{"allow":["GET"]}}],"collection":[{"href":"https:\/\/www.lespaillettesvertes.ch\/de\/wp-json\/wp\/v2\/product"}],"about":[{"href":"https:\/\/www.lespaillettesvertes.ch\/de\/wp-json\/wp\/v2\/types\/product"}],"replies":[{"embeddable":true,"href":"https:\/\/www.lespaillettesvertes.ch\/de\/wp-json\/wp\/v2\/comments?post=56497"}],"wp:featuredmedia":[{"embeddable":true,"href":"https:\/\/www.lespaillettesvertes.ch\/de\/wp-json\/wp\/v2\/media\/54062"}],"wp:attachment":[{"href":"https:\/\/www.lespaillettesvertes.ch\/de\/wp-json\/wp\/v2\/media?parent=56497"}],"wp:term":[{"taxonomy":"product_brand","embeddable":true,"href":"https:\/\/www.lespaillettesvertes.ch\/de\/wp-json\/wp\/v2\/product_brand?post=56497"},{"taxonomy":"product_cat","embeddable":true,"href":"https:\/\/www.lespaillettesvertes.ch\/de\/wp-json\/wp\/v2\/product_cat?post=56497"},{"taxonomy":"product_tag","embeddable":true,"href":"https:\/\/www.lespaillettesvertes.ch\/de\/wp-json\/wp\/v2\/product_tag?post=56497"}],"curies":[{"name":"wp","href":"https:\/\/api.w.org\/{rel}","templated":true}]}}