{"id":56481,"date":"2024-09-23T15:07:30","date_gmt":"2024-09-23T13:07:30","guid":{"rendered":"https:\/\/www.lespaillettesvertes.ch\/produit\/clip-seal-lunchbox-luftdicht-dauerhafter-behaelter\/"},"modified":"2025-12-06T14:43:05","modified_gmt":"2025-12-06T13:43:05","slug":"clip-seal-lunchbox-luftdicht-dauerhafter-behaelter","status":"publish","type":"product","link":"https:\/\/www.lespaillettesvertes.ch\/de\/produit\/clip-seal-lunchbox-luftdicht-dauerhafter-behaelter\/","title":{"rendered":"Clip &amp; Seal Lunchbox Luftdicht &#8211; Dauerhafter Beh\u00e4lter"},"content":{"rendered":"<h3>Clip &amp; Seal Lunchbox luftdicht n#4<\/h3>\n<div>\n<p>Eine Lunchbox, die alles richtig macht!<\/p>\n<p>Diese Box ist vollgepackt mit Funktionen, die Ihnen das<strong>Verpacken Ihres Mittagessens<\/strong> oder <strong>das Aufbewahren von Resten<\/strong> erleichtern.<\/p>\n<p>Mit einem <strong>ger\u00e4umigen Fassungsverm\u00f6gen von 1,2 Litern<\/strong> k\u00f6nnen Sie problemlos <strong>Mahlzeiten und Reste <\/strong>im K\u00fchlschrank oder Gefrierschrank <strong>aufbewahren <\/strong>&#8211; verwenden Sie einfach einen Marker, um den \u00dcberblick zu behalten, was sich darin befindet, und da er <strong>leicht und extrem haltbar<\/strong> ist, eignet er sich perfekt zum Mitnehmen von Lebensmitteln. Au\u00dferdem k\u00f6nnen Sie ihn sogar zum <strong>Aufw\u00e4rmen von vorgekochten Speisen im Ofen<\/strong> verwenden. <\/p>\n<p><strong>Gut zu wissen: Das innovative Klicksystem garantiert eine 100%ige Wasserdichtigkeit.<\/strong><\/p>\n<p>Der <strong>abnehmbare Trenner<\/strong> macht es einfach, Ihre Salatbl\u00e4tter von Ihrem Reissalat zu trennen.<\/p>\n<p>Entdecken Sie Ihr neues K\u00fcchen-Essential, das verantwortungsvoll hergestellt wurde und <strong>ein Leben lang h\u00e4lt<\/strong>.<\/p>\n<p><strong>Merkmale:  <\/strong><\/p>\n<ul>\n<li>100% Hochwertiger geb\u00fcrsteter Edelstahl 304<\/li>\n<li>Gro\u00dfz\u00fcgige Gesamtkapazit\u00e4t von 1,2 Litern<\/li>\n<li>Stark, langlebig und sehr rostbest\u00e4ndig<\/li>\n<li>100% fl\u00fcssigkeits- und luftdicht (einzigartiges Verriegelungssystem und abnehmbare, lebensmittelechte Silikondichtung**)<\/li>\n<li>L\u00e4sst sich leicht stapeln, um weniger Platz im Schrank zu beanspruchen.<\/li>\n<li>Enth\u00e4lt eine herausnehmbare Trennwand<\/li>\n<li>Keine Flecken oder Ger\u00fcche wie Plastik.<\/li>\n<li>Sp\u00fclmaschinengeeignet, leicht von Hand zu reinigen<\/li>\n<li>Geeignet f\u00fcr den Gefrierschrank und den Backofen<\/li>\n<li>Einfaches Design, solide Konstruktion<\/li>\n<li>Ohne Plastik oder andere chemische Substanzen<\/li>\n<\/ul>\n<p>** Wenn Sie die Dichtung nach dem Waschen wieder einsetzen, dr\u00fccken Sie sie fest an und vergewissern Sie sich, dass sie sauber, trocken und fettfrei ist.<\/p>\n<p><strong>Abmessungen:<\/strong><\/p>\n<p>L\u00e4nge: 21,2 cm &amp; Breite: 15,4 cm | Tiefe: 5,5cm<\/p>\n<p>Fassungsverm\u00f6gen 1,2L | Gewicht 470g<\/p>\n<\/div>\n<p>Verantwortungsvoll hergestellt in S\u00fcdkorea<\/p>\n<h3>\u00dcber die Marke<\/h3>\n<div>\n<div>\n<p>Die Edelstahlbeh\u00e4lter von <strong>Elephant Box<\/strong> sind<strong> f\u00fcr die Ewigkeit gemacht<\/strong>. Diese kleine englische Firma engagiert sich gegen \u00fcberm\u00e4\u00dfigen Konsum durch eine Reihe von Produkten, die aus <strong>nachhaltigen Quellen<\/strong> stammen, die <strong>Lebensmittelsicherheit<\/strong> garantieren und <strong>zu 100% recycelbar<\/strong> sind. <\/p>\n<p>Elephant Box <strong>engagiert sich in der gesamten Produktionskette<\/strong>, von der Beschaffung der Materialien bis zum Recycling, um den Respekt f\u00fcr Mensch und Umwelt zu gew\u00e4hrleisten.<\/p>\n<p>Sie sind auch Mitglieder der Bewegung &#8222;1% for the Planet&#8220; und &#8222;Surfers Against Sewage&#8220; und spenden einen Teil ihrer Gewinne an Organisationen, die den Umweltschutz unterst\u00fctzen.<\/p>\n<\/div>\n<\/div>\n<p>&nbsp;<\/p>\n","protected":false},"excerpt":{"rendered":"<p><strong>Clip &amp; Seal Lunchbox n#4<\/strong>, rechteckiges Format<\/p>\n<p>100% luftdicht<\/p>\n<p><strong>Abmessungen:<\/strong><\/p>\n<p>L\u00e4nge: 21,2 cm &amp; Breite: 15,4 cm | Tiefe: 5,5cm<\/p>\n<p>Fassungsverm\u00f6gen 1,2L | Gewicht 470g<\/p>\n","protected":false},"featured_media":54165,"comment_status":"open","ping_status":"closed","template":"","meta":{"_acf_changed":false},"product_brand":[929],"product_cat":[5206],"product_tag":[],"class_list":{"0":"post-56481","1":"product","2":"type-product","3":"status-publish","4":"has-post-thumbnail","6":"product_brand-elephant-box","7":"product_cat-zubehor","8":"product_shipping_class-3d-objekte","9":"_wholesalex wsx-wholesalex-product","11":"first","12":"outofstock","13":"purchasable","14":"product-type-simple"},"acf":[],"jetpack_sharing_enabled":true,"_links":{"self":[{"href":"https:\/\/www.lespaillettesvertes.ch\/de\/wp-json\/wp\/v2\/product\/56481","targetHints":{"allow":["GET"]}}],"collection":[{"href":"https:\/\/www.lespaillettesvertes.ch\/de\/wp-json\/wp\/v2\/product"}],"about":[{"href":"https:\/\/www.lespaillettesvertes.ch\/de\/wp-json\/wp\/v2\/types\/product"}],"replies":[{"embeddable":true,"href":"https:\/\/www.lespaillettesvertes.ch\/de\/wp-json\/wp\/v2\/comments?post=56481"}],"wp:featuredmedia":[{"embeddable":true,"href":"https:\/\/www.lespaillettesvertes.ch\/de\/wp-json\/wp\/v2\/media\/54165"}],"wp:attachment":[{"href":"https:\/\/www.lespaillettesvertes.ch\/de\/wp-json\/wp\/v2\/media?parent=56481"}],"wp:term":[{"taxonomy":"product_brand","embeddable":true,"href":"https:\/\/www.lespaillettesvertes.ch\/de\/wp-json\/wp\/v2\/product_brand?post=56481"},{"taxonomy":"product_cat","embeddable":true,"href":"https:\/\/www.lespaillettesvertes.ch\/de\/wp-json\/wp\/v2\/product_cat?post=56481"},{"taxonomy":"product_tag","embeddable":true,"href":"https:\/\/www.lespaillettesvertes.ch\/de\/wp-json\/wp\/v2\/product_tag?post=56481"}],"curies":[{"name":"wp","href":"https:\/\/api.w.org\/{rel}","templated":true}]}}