{"id":56465,"date":"2024-09-23T15:17:40","date_gmt":"2024-09-23T13:17:40","guid":{"rendered":"https:\/\/www.lespaillettesvertes.ch\/produit\/wiederverwendbares-besteck-praktisch-und-nachhaltig\/"},"modified":"2025-12-01T08:54:57","modified_gmt":"2025-12-01T07:54:57","slug":"wiederverwendbares-besteck-praktisch-und-nachhaltig","status":"publish","type":"product","link":"https:\/\/www.lespaillettesvertes.ch\/de\/produit\/wiederverwendbares-besteck-praktisch-und-nachhaltig\/","title":{"rendered":"Wiederverwendbares Besteck &#8211; Praktisch und nachhaltig"},"content":{"rendered":"<h3>Wiederverwendbares Besteck<\/h3>\n<div>\n<p>Vervollst\u00e4ndigen Sie Ihr Null-Abfall-Set mit diesem <strong>coolen, wiederverwendbaren Taschenbesteck<\/strong>, das zu <strong>100% aus Edelstahl<\/strong> hergestellt ist. Eine Seite L\u00f6ffel, eine Seite Gabel! Sie sollten es immer bei sich haben, f\u00fcr Mahlzeiten und Snacks im Freien.  <\/p>\n<p>Die kompakte Gr\u00f6\u00dfe beeintr\u00e4chtigt in keiner Weise die Funktionalit\u00e4t von L\u00f6ffel und Gabel und ist dennoch <strong>\u00e4u\u00dferst platzsparend <\/strong>\ud83d\ude42<\/p>\n<p>Wird in einem <strong>kleinen Baumwoll-Transportbeutel<\/strong> geliefert.<\/p>\n<\/div>\n<p>Hergestellt in China.<\/p>\n<h3>\u00dcber die Marke<\/h3>\n<div>\n<div>\n<p>Die Edelstahlbeh\u00e4lter von <strong>Elephant Box<\/strong> sind<strong> f\u00fcr die Ewigkeit gemacht<\/strong>. Diese kleine englische Firma engagiert sich gegen \u00fcberm\u00e4\u00dfigen Konsum durch eine Reihe von Produkten, die aus <strong>nachhaltigen Quellen<\/strong> stammen, die <strong>Lebensmittelsicherheit<\/strong> garantieren und <strong>zu 100% recycelbar<\/strong> sind. <\/p>\n<p>Elephant Box <strong>engagiert sich in der gesamten Produktionskette<\/strong>, von der Beschaffung der Materialien bis zum Recycling, um den Respekt f\u00fcr Mensch und Umwelt zu gew\u00e4hrleisten.<\/p>\n<p>Sie sind auch Mitglieder der Bewegung &#8222;1% for the Planet&#8220; und &#8222;Surfers Against Sewage&#8220; und spenden einen Teil ihrer Gewinne an Organisationen, die den Umweltschutz unterst\u00fctzen.<\/p>\n<\/div>\n<\/div>\n<p>&nbsp;<\/p>\n","protected":false},"excerpt":{"rendered":"<p><strong>Wiederverwendbares Besteck<\/strong> aus Edelstahl<\/p>\n<p> 2<strong>in 1<\/strong>: L\u00f6ffel und Gabel, die Sie immer bei sich haben sollten!<\/p>\n<p><strong>L\u00e4nge<\/strong>: 12,8 cm<\/p>\n<p><strong>Gewicht<\/strong>: 28 g<\/p>\n","protected":false},"featured_media":54180,"comment_status":"open","ping_status":"closed","template":"","meta":{"_acf_changed":false},"product_brand":[929],"product_cat":[5232,5205,5206],"product_tag":[],"class_list":{"0":"post-56465","1":"product","2":"type-product","3":"status-publish","4":"has-post-thumbnail","6":"product_brand-elephant-box","7":"product_cat-gute-geschafte","8":"product_cat-outdoor","9":"product_cat-zubehor","10":"product_shipping_class-3d-objekte","12":"first","13":"outofstock","14":"purchasable","15":"product-type-simple"},"acf":[],"jetpack_sharing_enabled":true,"_links":{"self":[{"href":"https:\/\/www.lespaillettesvertes.ch\/de\/wp-json\/wp\/v2\/product\/56465","targetHints":{"allow":["GET"]}}],"collection":[{"href":"https:\/\/www.lespaillettesvertes.ch\/de\/wp-json\/wp\/v2\/product"}],"about":[{"href":"https:\/\/www.lespaillettesvertes.ch\/de\/wp-json\/wp\/v2\/types\/product"}],"replies":[{"embeddable":true,"href":"https:\/\/www.lespaillettesvertes.ch\/de\/wp-json\/wp\/v2\/comments?post=56465"}],"wp:featuredmedia":[{"embeddable":true,"href":"https:\/\/www.lespaillettesvertes.ch\/de\/wp-json\/wp\/v2\/media\/54180"}],"wp:attachment":[{"href":"https:\/\/www.lespaillettesvertes.ch\/de\/wp-json\/wp\/v2\/media?parent=56465"}],"wp:term":[{"taxonomy":"product_brand","embeddable":true,"href":"https:\/\/www.lespaillettesvertes.ch\/de\/wp-json\/wp\/v2\/product_brand?post=56465"},{"taxonomy":"product_cat","embeddable":true,"href":"https:\/\/www.lespaillettesvertes.ch\/de\/wp-json\/wp\/v2\/product_cat?post=56465"},{"taxonomy":"product_tag","embeddable":true,"href":"https:\/\/www.lespaillettesvertes.ch\/de\/wp-json\/wp\/v2\/product_tag?post=56465"}],"curies":[{"name":"wp","href":"https:\/\/api.w.org\/{rel}","templated":true}]}}