{"id":56429,"date":"2023-11-30T19:19:34","date_gmt":"2023-11-30T18:19:34","guid":{"rendered":"https:\/\/www.lespaillettesvertes.ch\/produit\/zahnbuerste-aus-schweizer-buchenholz-kind\/"},"modified":"2026-01-21T15:07:21","modified_gmt":"2026-01-21T14:07:21","slug":"zahnbuerste-aus-schweizer-buchenholz-kind","status":"publish","type":"product","link":"https:\/\/www.lespaillettesvertes.ch\/de\/produit\/zahnbuerste-aus-schweizer-buchenholz-kind\/","title":{"rendered":"Zahnb\u00fcrste aus Schweizer Buchenholz Kind"},"content":{"rendered":"<h3>Kinderzahnb\u00fcrste aus FSC Schweizer Buche<\/h3>\n<p>Die <strong>KIDS-Zahnb\u00fcrste <\/strong>hat alles, was kleine Kinder gl\u00fccklich macht. Die weichen und kompakten Borsten sorgen f\u00fcr eine sanfte Reinigung der Z\u00e4hne und des empfindlichen Zahnfleisches von Kindern. Und die <strong>Tiermotive<\/strong> machen das Putzen noch lustiger!  <\/p>\n<p>Die <strong>Affen<\/strong>, <strong>Hirsche<\/strong> und<strong>F\u00fcchse<\/strong> auf den Griffen der KIDS Zahnb\u00fcrsten entsprechen den Palmen-, Tannen- und Laubbaumgravuren der Erwachsenenzahnb\u00fcrsten und erinnern die Kinder <strong>an die Artenvielfalt unseres sch\u00f6nen Planeten<\/strong>. Bist du schlau wie ein Fuchs, neugierig wie ein Affe oder schnell wie ein Hirsch? Die langweilige Routine wird spielerisch und ermutigt die Kinder, ihr L\u00e4cheln sch\u00f6n und gesund zu halten!  <\/p>\n<p>Kinderzahnb\u00fcrste aus <strong>FSC-zertifiziertem Schweizer Buchenholz<\/strong>, vollst\u00e4ndig in unserem Land hergestellt.<\/p>\n<p>Buchenholz ist ideal f\u00fcr die Herstellung von Zahnb\u00fcrsten: es <strong>ist hart, verschlei\u00dffest, stark und flexibel<\/strong>. Au\u00dferdem ist es die am leichtesten verf\u00fcgbare Laubholzart, die aus nachhaltiger Forstwirtschaft stammt. <\/p>\n<p>Das FCS-Zertifikat garantiert, dass das verwendete Holz aus <strong>W\u00e4ldern<\/strong> stammt, die <strong>auf umweltfreundliche<\/strong> und <strong>sozial verantwortliche<\/strong> <strong>Weise bewirtschaftet<\/strong> werden. Durch die Verwendung von lokalem Schweizer Holz wird <strong>der CO2-Fu\u00dfabdruck minimiert<\/strong>. <\/p>\n<p>Der Holzgriff ist <strong>100% biologisch abbaubar<\/strong> und <strong>mit einem pflanzlichen Wachs beschichtet <\/strong>, das eine sichere Zersetzung des Holzes gew\u00e4hrleistet, wenn Ihre Zahnb\u00fcrste das Ende ihrer Lebensdauer erreicht hat. Der gewachste Griff sorgt f\u00fcr eine <strong>glatte Oberfl\u00e4che<\/strong> und ist sehr weich im Mund. <\/p>\n<p>Die<strong> Borsten bestehen aus Nylon<\/strong> PA 6.12. Dies ist der Nylon-Typ, der aufgrund seiner hygienischen Eigenschaften und seiner Flexibilit\u00e4t am h\u00e4ufigsten f\u00fcr Zahnb\u00fcrsten verwendet wird. <\/p>\n<p>Die Zahnb\u00fcrsten sind mit <strong>3 eingravierten Motiven zur Auswahl<\/strong> erh\u00e4ltlich, so dass sie sich in einem Badezimmer unterscheiden k\u00f6nnen.<\/p>\n<p>Es wird empfohlen, die Zahnb\u00fcrste nach etwa <strong>2 Monaten<\/strong> zu wechseln.<\/p>\n<p>Wird in einer <strong>Verpackung aus 100% recycelbarem Karton<\/strong> geliefert.<\/p>\n<h3>\u00dcber die Marke<\/h3>\n<p><strong>Liebwerk<\/strong> ist ein kleines Familienunternehmen mit Sitz in<strong> Winterthur<\/strong>.<\/p>\n<p>Die Gr\u00fcnder Alem und Lars haben nur ein Ziel: ihren Teil zur Reduzierung des t\u00e4glichen Plastikm\u00fclls beizutragen, der zunehmend unsere wertvollen Ozeane, Felder und W\u00e4lder verschmutzt und Flora, Fauna und letztendlich auch die menschliche Gesundheit sch\u00e4digt.<\/p>\n<p>Sie m\u00f6chten <strong>nachhaltige Alternativen<\/strong> f\u00fcr den t\u00e4glichen Bedarf anbieten, da sie davon \u00fcberzeugt sind, dass es nicht notwendig ist, zwischen Qualit\u00e4t und Nachhaltigkeit zu w\u00e4hlen.<\/p>\n<p>Zum einen stellen sie ihre hochwertigen Holzzahnb\u00fcrsten lokal her, um ihren CO2-Fu\u00dfabdruck zu minimieren, und zum anderen unterst\u00fctzen sie ein Waldprojekt des WWF Schweiz, um den Erhalt der tropischen W\u00e4lder zu unterst\u00fctzen.<\/p>\n<p>Liebwerk <strong>spendet 5% seines Umsatzes an den WWF Schweiz<\/strong> und um die Verwendung von Holz f\u00fcr die Zahnb\u00fcrsten zu kompensieren, unterst\u00fctzen sie das <strong>Regenwaldprojekt des WWF Schweiz<\/strong>, das sich dem Schutz und der Erhaltung der tropischen W\u00e4lder der Welt widmet.<\/p>\n<h3>Der Rat der Gr\u00fcnen Pailletten<\/h3>\n<p><em>&#8222;Die Einf\u00fchrung der Holzzahnb\u00fcrste<strong> 100% made in Switzerland<\/strong> ist eine echte Revolution!  <\/em><\/p>\n<p><em>Die CO2-Bilanz dieses symbolischen Objekts ist nahezu neutral. <strong>Zertifiziertes nachhaltiges Holz<\/strong>, <strong>biologische Abbaubarkeit<\/strong>, <strong>N\u00e4he<\/strong>, <strong>Transparenz<\/strong>, <strong>CO2-Kompensation<\/strong> und <strong>Unterst\u00fctzung der Wiederaufforstung<\/strong>.  <\/em><\/p>\n<p><em>Dieser Ansatz entspricht voll und ganz unseren Werten und unserem Bestreben, 100% nachhaltige Alternativen ohne Kompromisse anzubieten.  <\/em><\/p>\n<p><em><strong>Wenn Sie Ihre Zahnb\u00fcrste ersetzen m\u00f6chten<\/strong>, ist es am einfachsten, den Kopf abzubrechen. Der Griff kann kompostiert (er ist 100% biologisch abbaubar), im Kamin verbrannt oder als Rankhilfe f\u00fcr Pflanzen, als Bastelarbeit f\u00fcr Kinder oder f\u00fcr andere kreative Zwecke wiederverwendet werden&#8220;. <\/em><\/p>\n","protected":false},"excerpt":{"rendered":"<p><strong>Zahnb\u00fcrste aus FSC-Buche<\/strong> mit<strong> weichen Borsten<\/strong><\/p>\n<p>Kindergr\u00f6\u00dfe (empfohlen ab 7 Jahren).<\/p>\n<p>Nylonborsten, Griff mit Pflanzenwachs beschichtet.<\/p>\n<p>100% Made in Switerland.<\/p>\n<p>Erh\u00e4ltlich in 3 verschiedenen Gravuren:<\/p>\n<ul>\n<li>Fuchs (orange)<\/li>\n<li>Affe (gr\u00fcn)<\/li>\n<li>Hirsch (blau)<\/li>\n<\/ul>\n","protected":false},"featured_media":54128,"comment_status":"open","ping_status":"closed","template":"","meta":{"_acf_changed":false},"product_brand":[1475],"product_cat":[5201],"product_tag":[],"class_list":{"0":"post-56429","1":"product","2":"type-product","3":"status-publish","4":"has-post-thumbnail","6":"product_brand-liebwerk","7":"product_cat-kosmetisches-zubehor","8":"product_shipping_class-midilettres","10":"first","11":"instock","12":"sale","13":"purchasable","14":"product-type-variable"},"acf":[],"jetpack_sharing_enabled":true,"_links":{"self":[{"href":"https:\/\/www.lespaillettesvertes.ch\/de\/wp-json\/wp\/v2\/product\/56429","targetHints":{"allow":["GET"]}}],"collection":[{"href":"https:\/\/www.lespaillettesvertes.ch\/de\/wp-json\/wp\/v2\/product"}],"about":[{"href":"https:\/\/www.lespaillettesvertes.ch\/de\/wp-json\/wp\/v2\/types\/product"}],"replies":[{"embeddable":true,"href":"https:\/\/www.lespaillettesvertes.ch\/de\/wp-json\/wp\/v2\/comments?post=56429"}],"wp:featuredmedia":[{"embeddable":true,"href":"https:\/\/www.lespaillettesvertes.ch\/de\/wp-json\/wp\/v2\/media\/54128"}],"wp:attachment":[{"href":"https:\/\/www.lespaillettesvertes.ch\/de\/wp-json\/wp\/v2\/media?parent=56429"}],"wp:term":[{"taxonomy":"product_brand","embeddable":true,"href":"https:\/\/www.lespaillettesvertes.ch\/de\/wp-json\/wp\/v2\/product_brand?post=56429"},{"taxonomy":"product_cat","embeddable":true,"href":"https:\/\/www.lespaillettesvertes.ch\/de\/wp-json\/wp\/v2\/product_cat?post=56429"},{"taxonomy":"product_tag","embeddable":true,"href":"https:\/\/www.lespaillettesvertes.ch\/de\/wp-json\/wp\/v2\/product_tag?post=56429"}],"curies":[{"name":"wp","href":"https:\/\/api.w.org\/{rel}","templated":true}]}}