{"id":56428,"date":"2023-11-30T19:19:39","date_gmt":"2023-11-30T18:19:39","guid":{"rendered":"https:\/\/www.lespaillettesvertes.ch\/produit\/weisse-tonerde\/"},"modified":"2026-01-30T15:06:53","modified_gmt":"2026-01-30T14:06:53","slug":"weisse-tonerde","status":"publish","type":"product","link":"https:\/\/www.lespaillettesvertes.ch\/de\/produit\/weisse-tonerde\/","title":{"rendered":"Wei\u00dfe Tonerde &#8211; 1 kg"},"content":{"rendered":"<h3>Wei\u00dfe Tonerde<\/h3>\n<p>100% nat\u00fcrliche, wei\u00dfe Kaolin-Tonerde, sonnengetrocknet, ohne Konservierungsstoffe.<\/p>\n<p>Wei\u00dfe Tonerde ist ein weiches <strong>Gestein<\/strong>, das <strong>viele Mineralien<\/strong> und <strong>Spurenelemente<\/strong> enth\u00e4lt.<\/p>\n<p>Es hat einen neutralen pH-Wert und wird f\u00fcr <strong>\u00fcberempfindliche<\/strong> <strong>Haut<\/strong> und <strong>fahle Haut<\/strong> empfohlen. Es ist sehr mild und wird wegen seiner abschwellenden Eigenschaften verwendet. <\/p>\n<p>Herkunft: Frankreich<\/p>\n<p>In der Verpackung vor Luft, Licht und Feuchtigkeit gesch\u00fctzt aufbewahren.<\/p>\n<h3>Der Rat der Gr\u00fcnen Pailletten<\/h3>\n<p><em>&#8222;Verwenden Sie wei\u00dfe Tonerde vor allem<strong>,<\/strong>um Ihre Haut zu pflegen.  <\/em><\/p>\n<p><em>Es wird f\u00fcr trockene und spr\u00f6de Haut und auch f\u00fcr trockenes Haar empfohlen. Es hat die F\u00e4higkeit, Irritationen und kleine Wunden zu heilen, w\u00e4hrend es gleichzeitig wundheilende und entz\u00fcndungshemmende Eigenschaften besitzt. Es hat weichmachende und reinigende Eigenschaften, indem es die Feuchtigkeitsversorgung der oberen Hautschichten f\u00f6rdert.    <\/em><\/p>\n<p><em>Diese zahlreichen positiven Eigenschaften sind auf seinen nat\u00fcrlichen Gehalt an Zink, Magnesium, Kalzium, Kalium und vielen anderen Mineralsalzen zur\u00fcckzuf\u00fchren.  <\/em><\/p>\n<p><em>Bei empfindlicher oder trockener Haut und Haaren kann wei\u00dfe Tonerde mit Wasser oder Hydrolat zu einer Paste gemischt werden, die als <strong>Gesichts-<\/strong> oder <strong>Kopfhautmaske<\/strong> verwendet werden kann.  <\/em><\/p>\n<p><em>Achten Sie darauf, dass die Maske feucht bleibt, da die Tonerde beim Trocknen das Wasser in Ihrer Haut absorbieren w\u00fcrde. Wenn n\u00f6tig, spr\u00fchen Sie Hydrolat oder Wasser auf, w\u00e4hrend Sie die Maske auflegen. <\/em><\/p>\n<p><em>Bevorzugen Sie Holzutensilien f\u00fcr die Herstellung von Mischungen, die Ton enthalten&#8220;.<\/em><\/p>\n","protected":false},"excerpt":{"rendered":"<p>100% nat\u00fcrliche wei\u00dfe Tonerde (Kaolin), feines Pulver zur Verwendung f\u00fcr Ihre hausgemachten Kosmetika oder f\u00fcr den Haushalt.<\/p>\n<p>Erh\u00e4ltlich in 1kg<\/p>\n","protected":false},"featured_media":57837,"comment_status":"open","ping_status":"closed","template":"","meta":{"_acf_changed":false},"product_brand":[3823],"product_cat":[5246,5247],"product_tag":[],"class_list":{"0":"post-56428","1":"product","2":"type-product","3":"status-publish","4":"has-post-thumbnail","6":"product_brand-les-paillettes-vertes","7":"product_cat-diy","8":"product_cat-rohstoffe","10":"first","11":"instock","12":"sale","13":"purchasable","14":"product-type-simple"},"acf":[],"jetpack_sharing_enabled":true,"_links":{"self":[{"href":"https:\/\/www.lespaillettesvertes.ch\/de\/wp-json\/wp\/v2\/product\/56428","targetHints":{"allow":["GET"]}}],"collection":[{"href":"https:\/\/www.lespaillettesvertes.ch\/de\/wp-json\/wp\/v2\/product"}],"about":[{"href":"https:\/\/www.lespaillettesvertes.ch\/de\/wp-json\/wp\/v2\/types\/product"}],"replies":[{"embeddable":true,"href":"https:\/\/www.lespaillettesvertes.ch\/de\/wp-json\/wp\/v2\/comments?post=56428"}],"wp:featuredmedia":[{"embeddable":true,"href":"https:\/\/www.lespaillettesvertes.ch\/de\/wp-json\/wp\/v2\/media\/57837"}],"wp:attachment":[{"href":"https:\/\/www.lespaillettesvertes.ch\/de\/wp-json\/wp\/v2\/media?parent=56428"}],"wp:term":[{"taxonomy":"product_brand","embeddable":true,"href":"https:\/\/www.lespaillettesvertes.ch\/de\/wp-json\/wp\/v2\/product_brand?post=56428"},{"taxonomy":"product_cat","embeddable":true,"href":"https:\/\/www.lespaillettesvertes.ch\/de\/wp-json\/wp\/v2\/product_cat?post=56428"},{"taxonomy":"product_tag","embeddable":true,"href":"https:\/\/www.lespaillettesvertes.ch\/de\/wp-json\/wp\/v2\/product_tag?post=56428"}],"curies":[{"name":"wp","href":"https:\/\/api.w.org\/{rel}","templated":true}]}}