{"id":56415,"date":"2023-11-30T19:18:53","date_gmt":"2023-11-30T18:18:53","guid":{"rendered":"https:\/\/www.lespaillettesvertes.ch\/produit\/wiederverwendbarer-strohhalm-aus-schilf\/"},"modified":"2026-01-28T08:33:07","modified_gmt":"2026-01-28T07:33:07","slug":"wiederverwendbarer-strohhalm-aus-schilf","status":"publish","type":"product","link":"https:\/\/www.lespaillettesvertes.ch\/de\/produit\/wiederverwendbarer-strohhalm-aus-schilf\/","title":{"rendered":"5 Wiederverwendbare Strohhalme aus Schilfrohr + Stift"},"content":{"rendered":"<h3>5 wiederverwendbare Strohhalme aus Schilfrohr + 1 Reinigungsb\u00fcrste<\/h3>\n<p>5 Strohhalme aus Schilf 100% <strong>biologisch abbaubar<\/strong>, <strong>kompostierbar<\/strong>, <strong>wiederverwendbar<\/strong>, <strong>nat\u00fcrlich<\/strong> und <strong> lokal<\/strong>! + Reinigungsb\u00fcrste     <\/p>\n<p>Diese Strohhalme werden aus dem <strong>nat\u00fcrlichen Halm von Schilf<\/strong> hergestellt. Sie haben die Besonderheit, dass sie hohl und steif sind, so dass sie wie Bambus als Trinkhalme verwendet werden k\u00f6nnen. Sie sind v\u00f6llig nat\u00fcrlich und daher biologisch abbaubar, und das Beste ist, dass <strong>sie aus unserem Land kommen<\/strong>\ud83d\ude42  <\/p>\n<p>Er ist eine <strong>umweltfreundliche Alternative zu Plastikstrohhalmen<\/strong>, da er nicht nur biologisch abbaubar, sondern auch wiederverwendbar ist. Der Strohhalm aus Schilfrohr kann in der Sp\u00fclmaschine oder von Hand mit einer B\u00fcrste gereinigt werden. <\/p>\n<p>Schilfstroh ist lange haltbar, <strong>widerstandsf\u00e4hig und leicht zu reinigen<\/strong>. Am Ende seiner Lebensdauer kann es kompostiert werden und wird so wiederverwertet. <\/p>\n<div>\n<p><strong>Handw\u00e4sche<\/strong> mit Seife oder <strong>in der Sp\u00fclmaschine<\/strong>.<br \/>\nEinfach mit einer Flaschenb\u00fcrste zu reinigen, eine solche finden Sie <a href=\"https:\/\/www.lespaillettesvertes.ch\/product-page\/goupillon\" target=\"_blank\" rel=\"noopener\">hier <\/a>\ud83d\ude42<\/p>\n<p>Um Ihre Strohhalme lange zu erhalten, sollten Sie sie nicht zerbei\u00dfen \ud83d\ude09 und sie nicht zu lange in feuchter Umgebung liegen lassen. Um den Glanz wiederherzustellen, reiben Sie sie einfach mit etwas Speise\u00f6l ein. <\/p>\n<p>Sie werden <strong>lose<\/strong> verkauft, ohne Verpackung.<\/p>\n<p>Graviert mit den Bezeichnungen &#8222;paille&amp;co&#8220; und &#8222;Les Paillettes Vertes&#8220;.<\/p>\n<p><strong>Abmessungen: <\/strong><br \/>\nL\u00e4nge: 20 cm<br \/>\nDurchmesser: 7,5 mm<\/p>\n<\/div>\n<h3>\u00dcber die Marke<\/h3>\n<p><strong>Paille&amp;Co<\/strong> bietet Strohhalme aus Schilfrohr vom <strong>Neuenburger See<\/strong> an.<\/p>\n<p>Ihre Strohhalme werden im Rahmen eines <strong>psychosozialen Rehabilitationsprojekts<\/strong> <strong>handgefertigt<\/strong>.<\/p>\n<p>F\u00fcr dieses Projekt arbeiten sie eng mit der<strong>Association de la Grande Cari\u00e7aie in Chesaux-Nor\u00e9az<\/strong> zusammen, um Schilf aus der Pflege des Sumpfes zu liefern.<\/p>\n<p>Das Schilf wird im S\u00fcden des Neuenburger Sees <strong>zwischen September und Februar<\/strong> <strong>geschnitten <\/strong>, <strong>um die Tiere und die Vegetation nicht zu st\u00f6ren<\/strong>.<\/p>\n<h3>Der Rat der Gr\u00fcnen Pailletten<\/h3>\n<p><em>&#8222;Diejenigen, die Strohhalme bevorzugen, sollten immer einen in ihrer Tasche dabei haben.  <\/em><\/p>\n<p><em>Verweigern Sie Einwegplastik, indem Sie bei der Bestellung an der Bar l\u00e4chelnd &#8222;ohne Strohhalm bitte&#8220; sagen \ud83d\ude42<\/em><\/p>\n<p><em>Sie k\u00f6nnen Ihren Strohhalm in einer der h\u00fcbschen Zahnb\u00fcrstenh\u00fcllen von L&#8217;Atelier de Daphn\u00e9 transportieren, die Sie <a href=\"https:\/\/www.lespaillettesvertes.ch\/product-page\/housse-de-transport-pour-brosse-a-dent-adulte\" target=\"_blank\" rel=\"noopener\">hier <\/a> finden :-)&#8220;.<\/em><\/p>\n","protected":false},"excerpt":{"rendered":"<p>100 % nat\u00fcrliche, wiederverwendbare, kompostierbare und biologisch abbaubare <strong>Strohhalme aus Schilf<\/strong><\/p>\n<p>L\u00e4nge: 20 cm<\/p>\n<p>Durchmesser: 7,5 mm<\/p>\n","protected":false},"featured_media":57538,"comment_status":"open","ping_status":"closed","template":"","meta":{"_acf_changed":false},"product_brand":[4978],"product_cat":[5197,5205],"product_tag":[],"class_list":{"0":"post-56415","1":"product","2":"type-product","3":"status-publish","4":"has-post-thumbnail","6":"product_brand-pailleco","7":"product_cat-haushaltszubehor","8":"product_cat-outdoor","9":"product_shipping_class-gerichte","11":"first","12":"instock","13":"purchasable","14":"product-type-simple"},"acf":[],"jetpack_sharing_enabled":true,"_links":{"self":[{"href":"https:\/\/www.lespaillettesvertes.ch\/de\/wp-json\/wp\/v2\/product\/56415","targetHints":{"allow":["GET"]}}],"collection":[{"href":"https:\/\/www.lespaillettesvertes.ch\/de\/wp-json\/wp\/v2\/product"}],"about":[{"href":"https:\/\/www.lespaillettesvertes.ch\/de\/wp-json\/wp\/v2\/types\/product"}],"replies":[{"embeddable":true,"href":"https:\/\/www.lespaillettesvertes.ch\/de\/wp-json\/wp\/v2\/comments?post=56415"}],"wp:featuredmedia":[{"embeddable":true,"href":"https:\/\/www.lespaillettesvertes.ch\/de\/wp-json\/wp\/v2\/media\/57538"}],"wp:attachment":[{"href":"https:\/\/www.lespaillettesvertes.ch\/de\/wp-json\/wp\/v2\/media?parent=56415"}],"wp:term":[{"taxonomy":"product_brand","embeddable":true,"href":"https:\/\/www.lespaillettesvertes.ch\/de\/wp-json\/wp\/v2\/product_brand?post=56415"},{"taxonomy":"product_cat","embeddable":true,"href":"https:\/\/www.lespaillettesvertes.ch\/de\/wp-json\/wp\/v2\/product_cat?post=56415"},{"taxonomy":"product_tag","embeddable":true,"href":"https:\/\/www.lespaillettesvertes.ch\/de\/wp-json\/wp\/v2\/product_tag?post=56415"}],"curies":[{"name":"wp","href":"https:\/\/api.w.org\/{rel}","templated":true}]}}