{"id":56409,"date":"2023-11-30T19:23:13","date_gmt":"2023-11-30T18:23:13","guid":{"rendered":"https:\/\/www.lespaillettesvertes.ch\/produit\/natuerliche-gruene-tonerde-reinigende-pflege\/"},"modified":"2026-01-30T15:55:08","modified_gmt":"2026-01-30T14:55:08","slug":"natuerliche-gruene-tonerde-reinigende-pflege","status":"publish","type":"product","link":"https:\/\/www.lespaillettesvertes.ch\/de\/produit\/natuerliche-gruene-tonerde-reinigende-pflege\/","title":{"rendered":"Nat\u00fcrliche Gr\u00fcne Tonerde 1 kg &#8211; Reinigende Pflege"},"content":{"rendered":"<p><strong>100% nat\u00fcrliche<\/strong>, sonnengetrocknete, gr\u00fcne <strong>Montmorillonit-Tonerde<\/strong>, ohne Konservierungsstoffe.<\/p>\n<p>Gr\u00fcne Tonerde ist ein weiches <strong>Gestein<\/strong>, das <strong>viele Mineralien<\/strong> und <strong>Spurenelemente<\/strong> enth\u00e4lt.<\/p>\n<p>Gr\u00fcne Tonerde ist die <strong>absorbierende<\/strong>, <strong>reinigende<\/strong>, <strong>antiseptische<\/strong>, <strong>wundheilende<\/strong>, <strong>remineralisierende<\/strong> und <strong>weichmachende<\/strong> Tonerde.<\/p>\n<p>Es enth\u00e4lt Oxide von Eisen, Aluminium, Mangan, Magnesium, Siliziumdioxid und Kalk. Kieselerde, Aluminium und Zink sind daf\u00fcr bekannt, dass sie die<strong> Regeneration des Gewebes<\/strong> f\u00f6rdern. Dank seiner <strong>wundheilenden Eigenschaften<\/strong> ist es daher ein hervorragendes Mittel zur Wiederherstellung der Haut.  <\/p>\n<p>Er ist f\u00fcr seine <strong>heilenden<\/strong> Eigenschaften bekannt, die Entz\u00fcndungen, Wunden und Verstauchungen behandeln. Als innerliche Kur ist er vorteilhaft bei <strong>Magen-Darm-Erkrankungen<\/strong>. Gr\u00fcne Tonerde ist auch ein Verb\u00fcndeter Ihrer Sch\u00f6nheit, insbesondere von <strong>Haut<\/strong> und <strong>Haaren<\/strong>, da sie \u00fcbersch\u00fcssiges Sebum reguliert.  <\/p>\n<p><strong>In der Verpackung<\/strong> vor Luft, Licht und Feuchtigkeit gesch\u00fctzt <strong>aufbewahren<\/strong>.<\/p>\n<p>&nbsp;<\/p>\n","protected":false},"excerpt":{"rendered":"<p><strong>100% nat\u00fcrliche gr\u00fcne Tonerde<\/strong> (Montmorillonit), als feines Pulver zur Verwendung<strong> im Haushalt<\/strong> oder f\u00fcr<strong> hausgemachte Kosmetika<\/strong>.<\/p>\n<p>Erh\u00e4ltlich in :<\/p>\n<ul>\n<li>1kg<\/li>\n<\/ul>\n<p>&nbsp;<\/p>\n","protected":false},"featured_media":57775,"comment_status":"open","ping_status":"closed","template":"","meta":{"_acf_changed":false},"product_brand":[3823],"product_cat":[5246,5247],"product_tag":[],"class_list":{"0":"post-56409","1":"product","2":"type-product","3":"status-publish","4":"has-post-thumbnail","6":"product_brand-les-paillettes-vertes","7":"product_cat-diy","8":"product_cat-rohstoffe","9":"product_shipping_class-3d-objekte","11":"first","12":"instock","13":"sale","14":"featured","15":"purchasable","16":"product-type-simple"},"acf":[],"jetpack_sharing_enabled":true,"_links":{"self":[{"href":"https:\/\/www.lespaillettesvertes.ch\/de\/wp-json\/wp\/v2\/product\/56409","targetHints":{"allow":["GET"]}}],"collection":[{"href":"https:\/\/www.lespaillettesvertes.ch\/de\/wp-json\/wp\/v2\/product"}],"about":[{"href":"https:\/\/www.lespaillettesvertes.ch\/de\/wp-json\/wp\/v2\/types\/product"}],"replies":[{"embeddable":true,"href":"https:\/\/www.lespaillettesvertes.ch\/de\/wp-json\/wp\/v2\/comments?post=56409"}],"wp:featuredmedia":[{"embeddable":true,"href":"https:\/\/www.lespaillettesvertes.ch\/de\/wp-json\/wp\/v2\/media\/57775"}],"wp:attachment":[{"href":"https:\/\/www.lespaillettesvertes.ch\/de\/wp-json\/wp\/v2\/media?parent=56409"}],"wp:term":[{"taxonomy":"product_brand","embeddable":true,"href":"https:\/\/www.lespaillettesvertes.ch\/de\/wp-json\/wp\/v2\/product_brand?post=56409"},{"taxonomy":"product_cat","embeddable":true,"href":"https:\/\/www.lespaillettesvertes.ch\/de\/wp-json\/wp\/v2\/product_cat?post=56409"},{"taxonomy":"product_tag","embeddable":true,"href":"https:\/\/www.lespaillettesvertes.ch\/de\/wp-json\/wp\/v2\/product_tag?post=56409"}],"curies":[{"name":"wp","href":"https:\/\/api.w.org\/{rel}","templated":true}]}}