{"id":56405,"date":"2023-11-30T19:23:18","date_gmt":"2023-11-30T18:23:18","guid":{"rendered":"https:\/\/www.lespaillettesvertes.ch\/produit\/sprayflasche-aus-ambra-glas-natural-house\/"},"modified":"2023-11-30T19:23:18","modified_gmt":"2023-11-30T18:23:18","slug":"sprayflasche-aus-ambra-glas-natural-house","status":"publish","type":"product","link":"https:\/\/www.lespaillettesvertes.ch\/de\/produit\/sprayflasche-aus-ambra-glas-natural-house\/","title":{"rendered":"Sprayflasche aus Ambra-Glas &#8211; Natural House"},"content":{"rendered":"<h3>Sprayflasche aus Braunglas<\/h3>\n<div>\n<p>Pflegen Sie Ihr Zuhause oder die Pflanzen um Sie herum! Diese <strong>Spr\u00fchflasche<\/strong> ist ideal f\u00fcr die <strong>Reinigung der Arbeitsplatte in der K\u00fcche, im Badezimmer,<\/strong> f\u00fcr die Verwendung von <strong>Fensterputzmitteln<\/strong> oder als<strong> Wasserflasche f\u00fcr Ihre Gr\u00fcnpflanzen<\/strong>. <\/p>\n<p>Das Spray kann zum Bef\u00fcllen einfach abgeschraubt werden und die D\u00fcse kann in die ON- oder OFF-Position gedreht werden.<\/p>\n<p>Die <strong>Glasflaschen von Kuishi<\/strong> werden in <strong>England<\/strong> aus<strong> 45% recyceltem Material<\/strong> hergestellt. Die wichtigsten Rohstoffe f\u00fcr die Glasherstellung (Sand, Soda und Kalkstein) stammen aus <strong>lokalen Quellen<\/strong>. <\/p>\n<ul>\n<li>Erh\u00e4ltlich in den Gr\u00f6\u00dfen <strong>300ml, 500ml<\/strong><\/li>\n<li>Hergestellt in England aus 45% recyceltem Material.<\/li>\n<li>Frei von Plastikchemikalien wie Bisphenol A oder Phthalaten<\/li>\n<li>Bernsteinfarbenes Glas sch\u00fctzt vor UV-Strahlen<\/li>\n<li>Hinweis: <strong>Das Spray ist mit Essig kompatibel<\/strong>.<\/li>\n<\/ul>\n<\/div>\n<h3>\u00dcber die Marke<\/h3>\n<div>\n<p style=\"font-weight: 400;\"><strong>Kuishi<\/strong> ist ein kleines Unternehmen mit Sitz<strong> in Cornwall, England.<\/strong> Seine Arbeiten zielen darauf ab, <strong>einfache, nat\u00fcrliche und minimalistische<\/strong> R\u00e4ume zu schaffen, indem sie<strong> elegante Glasbeh\u00e4lter<\/strong> verwenden, die an Materialien, Farben und Texturen erinnern, die in der Natur vorkommen.<\/p>\n<p style=\"font-weight: 400;\">Ihre Produkte werden aus <strong>lokalen Ressourcen<\/strong> und <strong>recycelten Materialien<\/strong> hergestellt und unterst\u00fctzen die Umwelt, indem sie helfen, <strong>Abfall<\/strong> zu vermeiden, <strong>Plastik<\/strong> im Haushalt zu <strong>reduzieren<\/strong> und den<strong>t\u00e4glichen Gebrauch von nachhaltigen Materialien<\/strong> hervorzuheben.<\/p>\n<\/div>\n<h3>Der Rat der Gr\u00fcnen Pailletten<\/h3>\n<p><em>&#8222;F\u00fcllen Sie Ihre Flaschen mit Ihrem selbstgemachten Reinigungsmittel, Ihrer Seife oder Ihrem Geschirrsp\u00fclmittel, die Sie in gro\u00dfen Mengen gekauft haben!  <\/em><\/p>\n<p><em>So k\u00f6nnen Sie die Verwendung von Einwegbeh\u00e4ltern einschr\u00e4nken und Ihre Flaschen unbegrenzt wiederverwenden. <\/em><em>&#8222;<\/em><\/p>\n","protected":false},"excerpt":{"rendered":"<p><strong>Glas-Spr\u00fchflasche aus Braunglas<\/strong> mit<strong> Spray &#8211; Zerst\u00e4uber<\/strong>.<\/p>\n<p style=\"font-weight: 400;\">45%<strong> recyceltes<\/strong> Material<strong>.<\/strong><\/p>\n<p style=\"font-weight: 400;\">Sie bestehen aus Materialien, die aus <strong>lokalen und nachhaltigen Ressourcen<\/strong> stammen.<\/p>\n<p style=\"font-weight: 400;\">Erh\u00e4ltlich in den Gr\u00f6\u00dfen :<\/p>\n<ul style=\"font-weight: 400;\">\n<li>300ml<\/li>\n<li>500ml<\/li>\n<\/ul>\n<p style=\"font-weight: 400;\">Hergestellt in England.<\/p>\n","protected":false},"featured_media":54744,"comment_status":"open","ping_status":"closed","template":"","meta":{"_acf_changed":false},"product_brand":[1336],"product_cat":[5270,5246,5232],"product_tag":[],"class_list":{"0":"post-56405","1":"product","2":"type-product","3":"status-publish","4":"has-post-thumbnail","6":"product_brand-kuishi","7":"product_cat-container","8":"product_cat-diy","9":"product_cat-gute-geschafte","10":"product_shipping_class-3d-objekte","11":"_wholesalex wsx-wholesalex-product","13":"first","14":"outofstock","15":"sale","16":"purchasable","17":"product-type-variable"},"acf":[],"jetpack_sharing_enabled":true,"_links":{"self":[{"href":"https:\/\/www.lespaillettesvertes.ch\/de\/wp-json\/wp\/v2\/product\/56405","targetHints":{"allow":["GET"]}}],"collection":[{"href":"https:\/\/www.lespaillettesvertes.ch\/de\/wp-json\/wp\/v2\/product"}],"about":[{"href":"https:\/\/www.lespaillettesvertes.ch\/de\/wp-json\/wp\/v2\/types\/product"}],"replies":[{"embeddable":true,"href":"https:\/\/www.lespaillettesvertes.ch\/de\/wp-json\/wp\/v2\/comments?post=56405"}],"wp:featuredmedia":[{"embeddable":true,"href":"https:\/\/www.lespaillettesvertes.ch\/de\/wp-json\/wp\/v2\/media\/54744"}],"wp:attachment":[{"href":"https:\/\/www.lespaillettesvertes.ch\/de\/wp-json\/wp\/v2\/media?parent=56405"}],"wp:term":[{"taxonomy":"product_brand","embeddable":true,"href":"https:\/\/www.lespaillettesvertes.ch\/de\/wp-json\/wp\/v2\/product_brand?post=56405"},{"taxonomy":"product_cat","embeddable":true,"href":"https:\/\/www.lespaillettesvertes.ch\/de\/wp-json\/wp\/v2\/product_cat?post=56405"},{"taxonomy":"product_tag","embeddable":true,"href":"https:\/\/www.lespaillettesvertes.ch\/de\/wp-json\/wp\/v2\/product_tag?post=56405"}],"curies":[{"name":"wp","href":"https:\/\/api.w.org\/{rel}","templated":true}]}}