{"id":56403,"date":"2023-11-30T19:24:28","date_gmt":"2023-11-30T18:24:28","guid":{"rendered":"https:\/\/www.lespaillettesvertes.ch\/produit\/buerste-fuer-waschbare-strohhalme-feine-reinigung\/"},"modified":"2023-11-30T19:24:28","modified_gmt":"2023-11-30T18:24:28","slug":"buerste-fuer-waschbare-strohhalme-feine-reinigung","status":"publish","type":"product","link":"https:\/\/www.lespaillettesvertes.ch\/de\/produit\/buerste-fuer-waschbare-strohhalme-feine-reinigung\/","title":{"rendered":"B\u00fcrste f\u00fcr waschbare Strohhalme &#8211; Feine Reinigung"},"content":{"rendered":"<h3>Flaschenb\u00fcrste<\/h3>\n<p>Eine feine B\u00fcrste, die zur Reinigung Ihrer abwaschbaren Strohhalme dient.<\/p>\n<h3>Der Rat der Gr\u00fcnen Pailletten<\/h3>\n<p><em>&#8222;Verwenden Sie die B\u00fcrste f\u00fcr die t\u00e4gliche Reinigung Ihrer Trinkhalme aus Edelstahl, Schilf oder Bambus&#8220;.<\/em><\/p>\n","protected":false},"excerpt":{"rendered":"<p>Feine B\u00fcrste zur <strong>Reinigung Ihrer<\/strong> wiederverwendbaren <strong>Trinkhalme<\/strong> aus Edelstahl, Bambus oder Schilf.<\/p>\n<ul>\n<li>L\u00e4nge des Stifts: 20,5 cm<\/li>\n<li>Durchmesser: 5 mm<\/li>\n<\/ul>\n","protected":false},"featured_media":55114,"comment_status":"open","ping_status":"closed","template":"","meta":{"_acf_changed":false},"product_brand":[],"product_cat":[5198,5197],"product_tag":[],"class_list":{"0":"post-56403","1":"product","2":"type-product","3":"status-publish","4":"has-post-thumbnail","6":"product_cat-haushaltsprodukte","7":"product_cat-haushaltszubehor","8":"product_shipping_class-gerichte","10":"first","11":"instock","12":"purchasable","13":"product-type-simple"},"acf":[],"jetpack_sharing_enabled":true,"_links":{"self":[{"href":"https:\/\/www.lespaillettesvertes.ch\/de\/wp-json\/wp\/v2\/product\/56403","targetHints":{"allow":["GET"]}}],"collection":[{"href":"https:\/\/www.lespaillettesvertes.ch\/de\/wp-json\/wp\/v2\/product"}],"about":[{"href":"https:\/\/www.lespaillettesvertes.ch\/de\/wp-json\/wp\/v2\/types\/product"}],"replies":[{"embeddable":true,"href":"https:\/\/www.lespaillettesvertes.ch\/de\/wp-json\/wp\/v2\/comments?post=56403"}],"wp:featuredmedia":[{"embeddable":true,"href":"https:\/\/www.lespaillettesvertes.ch\/de\/wp-json\/wp\/v2\/media\/55114"}],"wp:attachment":[{"href":"https:\/\/www.lespaillettesvertes.ch\/de\/wp-json\/wp\/v2\/media?parent=56403"}],"wp:term":[{"taxonomy":"product_brand","embeddable":true,"href":"https:\/\/www.lespaillettesvertes.ch\/de\/wp-json\/wp\/v2\/product_brand?post=56403"},{"taxonomy":"product_cat","embeddable":true,"href":"https:\/\/www.lespaillettesvertes.ch\/de\/wp-json\/wp\/v2\/product_cat?post=56403"},{"taxonomy":"product_tag","embeddable":true,"href":"https:\/\/www.lespaillettesvertes.ch\/de\/wp-json\/wp\/v2\/product_tag?post=56403"}],"curies":[{"name":"wp","href":"https:\/\/api.w.org\/{rel}","templated":true}]}}