{"id":56400,"date":"2023-11-30T19:24:37","date_gmt":"2023-11-30T18:24:37","guid":{"rendered":"https:\/\/www.lespaillettesvertes.ch\/produit\/grosse-oekologische-spuelbuerste\/"},"modified":"2023-11-30T19:24:37","modified_gmt":"2023-11-30T18:24:37","slug":"grosse-oekologische-spuelbuerste","status":"publish","type":"product","link":"https:\/\/www.lespaillettesvertes.ch\/de\/produit\/grosse-oekologische-spuelbuerste\/","title":{"rendered":"Gro\u00dfe \u00f6kologische Sp\u00fclb\u00fcrste"},"content":{"rendered":"<h3>Gro\u00dfe h\u00f6lzerne Sp\u00fclb\u00fcrste<\/h3>\n<p>Die <strong>Sp\u00fclb\u00fcrste aus Holz und pflanzlichen Fasern<\/strong> wird zum Sp\u00fclen von Gl\u00e4sern, Tellern und T\u00f6pfen verwendet. Praktisch ist der <strong>Aufh\u00e4ngehaken<\/strong>, an dem die B\u00fcrste gut abtropfen kann. <\/p>\n<p>Abmessungen: 4 (Durchm.) x 27 cm<\/p>\n<p>Diese B\u00fcrste ist aus Naturfasern und unbehandeltem Buchenholz aus lokalen, nachhaltig bewirtschafteten W\u00e4ldern hergestellt. <strong>Der Kopf ist austauschbar<\/strong>, der Griff muss nicht <strong>ausgetauscht<\/strong> werden.<\/p>\n<p>Herstellung in Westeuropa.<\/p>\n<p>Denken Sie daran, das Holz Ihrer B\u00fcrste alle 6 Monate mit einer d\u00fcnnen Schicht Lein\u00f6l zu sch\u00fctzen. H\u00e4ngen Sie es zum Trocknen auf. <\/p>\n<h3>\u00dcber die Marke<\/h3>\n<p>Seit mehr als 15 Jahren lautet das Motto der Droguerie Ecologique &#8220; <strong>Stellen Sie Ihre Reinigungsmittel selbst her <\/strong>&#8222;. Ihre Ratschl\u00e4ge und Produkte unterst\u00fctzen Sie bei diesem &#8222;Do-it-yourself&#8220;-Ansatz mit einigen <strong>einfachen, wirksamen und preiswerten Zutaten<\/strong>. <\/p>\n<p>Die in Frankreich oder Westeuropa hergestellten Produkte der \u00d6ko-Drogerie werden aus <strong>nat\u00fcrlichen, mineralischen oder pflanzlichen Rohstoffen<\/strong> und mit einem Maximum an <strong>biologischen<\/strong> Inhaltsstoffen hergestellt.<\/p>\n<p>&nbsp;<\/p>\n","protected":false},"excerpt":{"rendered":"<p>\u00d6kologische Sp\u00fclb\u00fcrste aus <strong>Holz<\/strong> und <strong>Pflanzenfasern<\/strong>.<\/p>\n<p><strong>Austauschbarer<\/strong> Kopf.<\/p>\n<p>Hergestellt in Frankreich.<\/p>\n<p>&nbsp;<\/p>\n","protected":false},"featured_media":54214,"comment_status":"open","ping_status":"closed","template":"","meta":{"_acf_changed":false},"product_brand":[4756],"product_cat":[5197,5198],"product_tag":[],"class_list":{"0":"post-56400","1":"product","2":"type-product","3":"status-publish","4":"has-post-thumbnail","6":"product_brand-la-droguerie-ecologique","7":"product_cat-haushaltszubehor","8":"product_cat-haushaltsprodukte","9":"product_shipping_class-3d-objekte","10":"_wholesalex wsx-wholesalex-product","12":"first","13":"outofstock","14":"purchasable","15":"product-type-simple"},"acf":[],"jetpack_sharing_enabled":true,"_links":{"self":[{"href":"https:\/\/www.lespaillettesvertes.ch\/de\/wp-json\/wp\/v2\/product\/56400","targetHints":{"allow":["GET"]}}],"collection":[{"href":"https:\/\/www.lespaillettesvertes.ch\/de\/wp-json\/wp\/v2\/product"}],"about":[{"href":"https:\/\/www.lespaillettesvertes.ch\/de\/wp-json\/wp\/v2\/types\/product"}],"replies":[{"embeddable":true,"href":"https:\/\/www.lespaillettesvertes.ch\/de\/wp-json\/wp\/v2\/comments?post=56400"}],"wp:featuredmedia":[{"embeddable":true,"href":"https:\/\/www.lespaillettesvertes.ch\/de\/wp-json\/wp\/v2\/media\/54214"}],"wp:attachment":[{"href":"https:\/\/www.lespaillettesvertes.ch\/de\/wp-json\/wp\/v2\/media?parent=56400"}],"wp:term":[{"taxonomy":"product_brand","embeddable":true,"href":"https:\/\/www.lespaillettesvertes.ch\/de\/wp-json\/wp\/v2\/product_brand?post=56400"},{"taxonomy":"product_cat","embeddable":true,"href":"https:\/\/www.lespaillettesvertes.ch\/de\/wp-json\/wp\/v2\/product_cat?post=56400"},{"taxonomy":"product_tag","embeddable":true,"href":"https:\/\/www.lespaillettesvertes.ch\/de\/wp-json\/wp\/v2\/product_tag?post=56400"}],"curies":[{"name":"wp","href":"https:\/\/api.w.org\/{rel}","templated":true}]}}