{"id":56392,"date":"2023-11-30T19:26:25","date_gmt":"2023-11-30T18:26:25","guid":{"rendered":"https:\/\/www.lespaillettesvertes.ch\/produit\/marseiller-seife-in-flocken-hausgemachtes-waschmittel\/"},"modified":"2026-03-04T14:14:25","modified_gmt":"2026-03-04T13:14:25","slug":"marseiller-seife-in-flocken-hausgemachtes-waschmittel","status":"publish","type":"product","link":"https:\/\/www.lespaillettesvertes.ch\/de\/produit\/marseiller-seife-in-flocken-hausgemachtes-waschmittel\/","title":{"rendered":"Marseiller Seife in Flocken &#8211; Hausgemachtes Waschmittel"},"content":{"rendered":"<h3>Marseiller Seife in Glitter<\/h3>\n<p>Praktisch f\u00fcr die Zubereitung Ihres selbstgemachten Waschmittels und anderer Haushaltsprodukte. Die kleinen Sp\u00e4ne l\u00f6sen sich leicht in warmem Wasser auf. <\/p>\n<p>Die Marseiller Seife ist eine reine Oliven\u00f6lseife ohne Palm\u00f6l. Sie enth\u00e4lt nat\u00fcrliche Konservierungsmittel (Tocopherole), ist reich an Vitamin E und Polyphenolen und hilft, auf nat\u00fcrliche Weise gegen die Hautalterung zu k\u00e4mpfen. Oliven\u00f6l ist f\u00fcr alle Hauttypen geeignet und hat n\u00e4hrende, weichmachende und geschmeidig machende Eigenschaften.  <\/p>\n<p>Die Seifen der Savonnerie ENSA sind auf Authentizit\u00e4t und Qualit\u00e4t bedacht und werden zum gr\u00f6\u00dften Teil mit Oliven\u00f6l aus biologischem Anbau hergestellt.<\/p>\n<p>INCI-Inhaltsstoffe: <em>Sodium Olivate, Aqua, Glycerin, Olea europaea fruit oil*, Sodium Chloride, Sodium Hydroxide<\/em><br \/>\n*= Inhaltsstoffe aus biologischer Landwirtschaft<\/p>\n<p>Herkunft: Savonnerie Plaisant, Toulon, Frankreich<\/p>\n<p><strong>Seife ohne Palm\u00f6l oder Glyzerinzusatz.  <\/strong><\/p>\n<p>Zertifiziert durch die Organisationen Nature et Progr\u00e8s und Ecocert.<\/p>\n<h3>\u00dcber die Marke<\/h3>\n<p><strong>Plaisant Cosm\u00e9tique<\/strong> ist ein kleines Labor, das <strong>Bio-Kosmetikprodukte auf Oliven\u00f6lbasis<\/strong> herstellt und in La Seyne sur Mer in der N\u00e4he von Toulon, Frankreich, ans\u00e4ssig ist.<\/p>\n<p>Die Produkte werden vor Ort mit<strong> lokalen biologischen und nat\u00fcrlichen Zutaten<\/strong> aus dem Mittelmeerraum hergestellt.<\/p>\n<h3>Der Rat der Gr\u00fcnen Pailletten<\/h3>\n<p><em>&#8222;Marseiller Seife ist ein starker Fettl\u00f6ser und Fleckenentferner. Als Block oder Flocken kann sie direkt f\u00fcr die Herstellung Ihrer Haushaltsprodukte verwendet werden, insbesondere f\u00fcr die Herstellung Ihres eigenen Waschmittels. <\/em><\/p>\n<p><em>Als Menge wird \u00fcblicherweise 25-30 g Seife pro 1 l Waschmittel empfohlen, was etwa zehn Standardwaschmitteln entspricht.<\/em><\/p>\n<p><em>Wenn es um nat\u00fcrliche Waschmittel geht, ist es auch ratsam, die Waschmaschine alle 2-3 Monate bei hoher Temperatur leer laufen zu lassen, um eventuelle R\u00fcckst\u00e4nde zu entfernen&#8220;.<\/em><\/p>\n<p>&nbsp;<\/p>\n<p>&nbsp;<\/p>\n","protected":false},"excerpt":{"rendered":"<p><strong>Echte Marseiller Seife<\/strong> in Flocken. <strong>72% Oliven\u00f6l<\/strong>.<\/p>\n<ul>\n<li>1 kg<\/li>\n<\/ul>\n<p>Herkunft: Savonnerie ENSA, Toulon, Frankreich<\/p>\n<p><strong>Ohne <\/strong> <strong>Zusatz <\/strong><strong>von Palm\u00f6l <\/strong>oder <strong>Glycerin. <\/strong> <\/p>\n","protected":false},"featured_media":57797,"comment_status":"open","ping_status":"closed","template":"","meta":{"_acf_changed":false},"product_brand":[3823],"product_cat":[5246,5232,5247],"product_tag":[],"class_list":{"0":"post-56392","1":"product","2":"type-product","3":"status-publish","4":"has-post-thumbnail","6":"product_brand-les-paillettes-vertes","7":"product_cat-diy","8":"product_cat-gute-geschafte","9":"product_cat-rohstoffe","10":"product_shipping_class-3d-objekte","12":"first","13":"outofstock","14":"sale","15":"featured","16":"purchasable","17":"product-type-simple"},"acf":[],"jetpack_sharing_enabled":true,"_links":{"self":[{"href":"https:\/\/www.lespaillettesvertes.ch\/de\/wp-json\/wp\/v2\/product\/56392","targetHints":{"allow":["GET"]}}],"collection":[{"href":"https:\/\/www.lespaillettesvertes.ch\/de\/wp-json\/wp\/v2\/product"}],"about":[{"href":"https:\/\/www.lespaillettesvertes.ch\/de\/wp-json\/wp\/v2\/types\/product"}],"replies":[{"embeddable":true,"href":"https:\/\/www.lespaillettesvertes.ch\/de\/wp-json\/wp\/v2\/comments?post=56392"}],"wp:featuredmedia":[{"embeddable":true,"href":"https:\/\/www.lespaillettesvertes.ch\/de\/wp-json\/wp\/v2\/media\/57797"}],"wp:attachment":[{"href":"https:\/\/www.lespaillettesvertes.ch\/de\/wp-json\/wp\/v2\/media?parent=56392"}],"wp:term":[{"taxonomy":"product_brand","embeddable":true,"href":"https:\/\/www.lespaillettesvertes.ch\/de\/wp-json\/wp\/v2\/product_brand?post=56392"},{"taxonomy":"product_cat","embeddable":true,"href":"https:\/\/www.lespaillettesvertes.ch\/de\/wp-json\/wp\/v2\/product_cat?post=56392"},{"taxonomy":"product_tag","embeddable":true,"href":"https:\/\/www.lespaillettesvertes.ch\/de\/wp-json\/wp\/v2\/product_tag?post=56392"}],"curies":[{"name":"wp","href":"https:\/\/api.w.org\/{rel}","templated":true}]}}