{"id":56386,"date":"2023-11-30T19:26:33","date_gmt":"2023-11-30T18:26:33","guid":{"rendered":"https:\/\/www.lespaillettesvertes.ch\/produit\/savon-de-marseille-in-wuerfeln\/"},"modified":"2026-03-10T13:02:47","modified_gmt":"2026-03-10T12:02:47","slug":"savon-de-marseille-in-wuerfeln","status":"publish","type":"product","link":"https:\/\/www.lespaillettesvertes.ch\/de\/produit\/savon-de-marseille-in-wuerfeln\/","title":{"rendered":"Duo Marseiller Seife in W\u00fcrfelform"},"content":{"rendered":"<h2>Savon de Marseille in W\u00fcrfeln<\/h2>\n<p>Eine reine Oliven\u00f6lseife: Auf der Basis von pflanzlichen \u00d6len, ohne Farbstoffe, ohne Parf\u00fcm und ohne synthetische Produkte ist der Marius Fabre Marseiller Seifenw\u00fcrfel mit Oliven\u00f6l besonders <strong>sanft zur Haut<\/strong> und tr\u00e4gt zum Schutz <strong>der Umwelt<\/strong> bei.<\/p>\n<p>Er <strong>ist preiswert<\/strong> und h\u00e4lt nach dem Trocknen noch l\u00e4nger.<\/p>\n<p>Seit 1900 und vier Familiengenerationen f\u00fchrt Marius Fabre in Salon-de-Provence die <strong>traditionelle Herstellung von Seife aus Marseille<\/strong> fort, die im Kessel gekocht wird.<\/p>\n<p><strong>Der 200g-W\u00fcrfel wird in einem Umschlag aus Kraftkarton geliefert.<\/strong><\/p>\n<p><strong><br \/>\n<\/strong>\u00dcber die Marke<\/p>\n<div>\n<p>Seit \u00fcber 110 Jahren und vier Familiengenerationen,<span class=\"apple-converted-space\"> <\/span><strong>Marius Fabre<\/strong><span class=\"apple-converted-space\"> <\/span>stellt seinen<span class=\"apple-converted-space\"> <\/span><strong>Seife aus Marseille<\/strong><span class=\"apple-converted-space\"> <\/span>aus<strong>pflanzlichen \u00d6len<\/strong><span class=\"apple-converted-space\"> <\/span>ausschlie\u00dflich aus sorgf\u00e4ltig ausgew\u00e4hlten Zutaten. Sie enth\u00e4lt keine synthetischen Farbstoffe oder Hilfsstoffe. Sie wird nicht aus Erd\u00f6lderivaten oder tierischen Fetten hergestellt, wie die meisten handels\u00fcblichen Seifen und Duschgels.  <\/p>\n<\/div>\n<div>\n<p>Das Herstellungsverfahren &#8222;\u00e0 la marseillaise&#8220; garantiert eine hohe Qualit\u00e4t.<span class=\"apple-converted-space\"> <\/span><strong>Extra reine&#8220; Seife, die<\/strong> von allen Unreinheiten befreit ist. Sie pflegt <span class=\"apple-converted-space\"> <\/span><strong>alle Hauttypen, insbesondere die empfindliche Haut<\/strong><span class=\"apple-converted-space\"> <\/span>(Babys, allergische Haut&#8230;) Das Oliven\u00f6l bringt seine<span class=\"apple-converted-space\"> <\/span><strong>n\u00e4hrende Eigenschaften<\/strong>: Marius Fabre Marseiller Seife mit Oliven\u00f6l hilft, die Austrocknung der Haut zu verringern.<\/p>\n<\/div>\n<div>\n<p><strong>Rein pflanzlich, biologisch abbaubar, frei von Phosphaten und synthetischen Produkten<\/strong>.<span class=\"apple-converted-space\"> <\/span><strong>verschmutzt nicht<\/strong><span class=\"apple-converted-space\"> <\/span>Fl\u00fcsse und tr\u00e4gt zur Erhaltung der Umwelt bei. Dar\u00fcber hinaus ben\u00f6tigt er nur <span class=\"apple-converted-space\"><b> <\/b><\/span><strong>sehr wenig Verpackung<\/strong>. Er <span class=\"apple-converted-space\"> <\/span><strong>h\u00e4lt sehr lange<\/strong>, vor allem wenn es getrocknet wird. Die lange Lebensdauer macht es zu einem besonders wirtschaftlichen Produkt. <\/p>\n<\/div>\n<p>&nbsp;<\/p>\n<p>&nbsp;<\/p>\n","protected":false},"excerpt":{"rendered":"<p>Echte Marseiller Seife in W\u00fcrfeln, <strong>72% Oliven\u00f6l<\/strong><\/p>\n<p>Wahlweise: <strong>200g<\/strong><\/p>\n<p>Herkunft: Savonnerie Marius Fabre, Marseille<\/p>\n<p> Seife<strong>garantiert ohne Palm\u00f6l<\/strong><\/p>\n","protected":false},"featured_media":57526,"comment_status":"open","ping_status":"closed","template":"","meta":{"_acf_changed":false},"product_brand":[],"product_cat":[5232,5198,5247,5258,5257],"product_tag":[],"class_list":{"0":"post-56386","1":"product","2":"type-product","3":"status-publish","4":"has-post-thumbnail","6":"product_cat-gute-geschafte","7":"product_cat-haushaltsprodukte","8":"product_cat-rohstoffe","9":"product_cat-universelle-reinigungsprodukte","10":"product_cat-waeschepflege","11":"product_shipping_class-3d-objekte","13":"first","14":"outofstock","15":"featured","16":"purchasable","17":"product-type-simple"},"acf":[],"jetpack_sharing_enabled":true,"_links":{"self":[{"href":"https:\/\/www.lespaillettesvertes.ch\/de\/wp-json\/wp\/v2\/product\/56386","targetHints":{"allow":["GET"]}}],"collection":[{"href":"https:\/\/www.lespaillettesvertes.ch\/de\/wp-json\/wp\/v2\/product"}],"about":[{"href":"https:\/\/www.lespaillettesvertes.ch\/de\/wp-json\/wp\/v2\/types\/product"}],"replies":[{"embeddable":true,"href":"https:\/\/www.lespaillettesvertes.ch\/de\/wp-json\/wp\/v2\/comments?post=56386"}],"wp:featuredmedia":[{"embeddable":true,"href":"https:\/\/www.lespaillettesvertes.ch\/de\/wp-json\/wp\/v2\/media\/57526"}],"wp:attachment":[{"href":"https:\/\/www.lespaillettesvertes.ch\/de\/wp-json\/wp\/v2\/media?parent=56386"}],"wp:term":[{"taxonomy":"product_brand","embeddable":true,"href":"https:\/\/www.lespaillettesvertes.ch\/de\/wp-json\/wp\/v2\/product_brand?post=56386"},{"taxonomy":"product_cat","embeddable":true,"href":"https:\/\/www.lespaillettesvertes.ch\/de\/wp-json\/wp\/v2\/product_cat?post=56386"},{"taxonomy":"product_tag","embeddable":true,"href":"https:\/\/www.lespaillettesvertes.ch\/de\/wp-json\/wp\/v2\/product_tag?post=56386"}],"curies":[{"name":"wp","href":"https:\/\/api.w.org\/{rel}","templated":true}]}}