{"id":56385,"date":"2024-09-23T15:02:11","date_gmt":"2024-09-23T13:02:11","guid":{"rendered":"https:\/\/www.lespaillettesvertes.ch\/produit\/technisches-natron-natuerlicher-haushalt\/"},"modified":"2026-03-04T14:18:48","modified_gmt":"2026-03-04T13:18:48","slug":"technisches-natron-natuerlicher-haushalt","status":"publish","type":"product","link":"https:\/\/www.lespaillettesvertes.ch\/de\/produit\/technisches-natron-natuerlicher-haushalt\/","title":{"rendered":"Technisches Natron 1 kg &#8211; Natural Housekeeping"},"content":{"rendered":"<h3><strong>Natron<\/strong><\/h3>\n<p>Natron ist ein Muss f\u00fcr einen \u00f6kologischen Haushalt, da es so viele verschiedene Anwendungsm\u00f6glichkeiten gibt.<\/p>\n<p>Seine Reinigungs-, Scheuer- und Deodorierungskr\u00e4fte machen ihn zu Ihrem Verb\u00fcndeten f\u00fcr Ihr Waschmittel, Ihr Mehrzweckprodukt, Ihr nat\u00fcrliches Geschirrsp\u00fclmittel oder als Deodorant f\u00fcr Textilien oder den K\u00fchlschrank.<\/p>\n<p>Es ist wasserl\u00f6slich und wird aus gew\u00f6hnlichen Rohstoffen (Kalkstein und Salz) hergestellt, ist vollst\u00e4ndig biologisch abbaubar und daher sicher f\u00fcr die Umwelt.<\/p>\n<p>&nbsp;<\/p>\n<p>&nbsp;<\/p>\n<p>&nbsp;<\/p>\n","protected":false},"excerpt":{"rendered":"<p>Technisches&#8220; Natron wird f\u00fcr den Gebrauch im Haushalt empfohlen.<\/p>\n<p>Er ist in den folgenden Mengen erh\u00e4ltlich:<\/p>\n<ul>\n<li>1 kg<\/li>\n<\/ul>\n<p>Verpackt in einem Kraftbeutel.<\/p>\n","protected":false},"featured_media":57783,"comment_status":"open","ping_status":"closed","template":"","meta":{"_acf_changed":false},"product_brand":[3823],"product_cat":[5246,5232,5247],"product_tag":[],"class_list":{"0":"post-56385","1":"product","2":"type-product","3":"status-publish","4":"has-post-thumbnail","6":"product_brand-les-paillettes-vertes","7":"product_cat-diy","8":"product_cat-gute-geschafte","9":"product_cat-rohstoffe","10":"product_shipping_class-3d-objekte","12":"first","13":"instock","14":"sale","15":"purchasable","16":"product-type-simple"},"acf":[],"jetpack_sharing_enabled":true,"_links":{"self":[{"href":"https:\/\/www.lespaillettesvertes.ch\/de\/wp-json\/wp\/v2\/product\/56385","targetHints":{"allow":["GET"]}}],"collection":[{"href":"https:\/\/www.lespaillettesvertes.ch\/de\/wp-json\/wp\/v2\/product"}],"about":[{"href":"https:\/\/www.lespaillettesvertes.ch\/de\/wp-json\/wp\/v2\/types\/product"}],"replies":[{"embeddable":true,"href":"https:\/\/www.lespaillettesvertes.ch\/de\/wp-json\/wp\/v2\/comments?post=56385"}],"wp:featuredmedia":[{"embeddable":true,"href":"https:\/\/www.lespaillettesvertes.ch\/de\/wp-json\/wp\/v2\/media\/57783"}],"wp:attachment":[{"href":"https:\/\/www.lespaillettesvertes.ch\/de\/wp-json\/wp\/v2\/media?parent=56385"}],"wp:term":[{"taxonomy":"product_brand","embeddable":true,"href":"https:\/\/www.lespaillettesvertes.ch\/de\/wp-json\/wp\/v2\/product_brand?post=56385"},{"taxonomy":"product_cat","embeddable":true,"href":"https:\/\/www.lespaillettesvertes.ch\/de\/wp-json\/wp\/v2\/product_cat?post=56385"},{"taxonomy":"product_tag","embeddable":true,"href":"https:\/\/www.lespaillettesvertes.ch\/de\/wp-json\/wp\/v2\/product_tag?post=56385"}],"curies":[{"name":"wp","href":"https:\/\/api.w.org\/{rel}","templated":true}]}}