{"id":56383,"date":"2024-09-23T15:17:41","date_gmt":"2024-09-23T13:17:41","guid":{"rendered":"https:\/\/www.lespaillettesvertes.ch\/produit\/basic-zwei-phasen-make-up-entferner-natuerlich-und-beruhigend\/"},"modified":"2025-12-01T08:55:00","modified_gmt":"2025-12-01T07:55:00","slug":"basic-zwei-phasen-make-up-entferner-natuerlich-und-beruhigend","status":"publish","type":"product","link":"https:\/\/www.lespaillettesvertes.ch\/de\/produit\/basic-zwei-phasen-make-up-entferner-natuerlich-und-beruhigend\/","title":{"rendered":"Basic Zwei-Phasen-Make-up-Entferner &#8211; Nat\u00fcrlich und beruhigend"},"content":{"rendered":"<h3>Basic Zwei-Phasen-Make-up-Entferner.<\/h3>\n<p>Besteht aus<strong>kaltgepressten biologischen \u00d6len<\/strong>,<strong>Kornblumenhydrolat<\/strong> f\u00fcr eine beruhigende Wirkung, die Schwellungen abschwellen l\u00e4sst, und<strong>Kamillenhydrolat<\/strong>, das die Entspannung und die Regulierung der Emotionen f\u00f6rdert.<\/p>\n<p>Wie alle unsere Produkte wird auch der Basic. 2-Phasen-Make-up-Entferner in Lausanne, Schweiz, handgefertigt. Es handelt sich um ein hochwertiges, umweltfreundliches Produkt, das biologisch zertifiziert, getestet und zugelassen ist. <strong>Von Ecocert COSMOS ORGANIC<\/strong> zertifiziert, <strong>von Peta VEGAN<\/strong> zertifiziert und nicht an Tieren getestet (gem\u00e4\u00df den europ\u00e4ischen Gesetzen), auf <strong>Yuka<\/strong> mit Ausgezeichnet bewertet.   <\/p>\n<p>Der Basic Zwei-Phasen-Make-up-Entferner hat eine gesunde Zusammensetzung, um eine effektive und sanfte Make-up-Entfernung zu gew\u00e4hrleisten, die auch f\u00fcr schwangere Frauen und besonders empfindliche Haut geeignet ist. <\/p>\n<p><strong>Verpackung:<\/strong> Umweltfreundlicher Glasflakon. Format ist sparsam, dank des Dosierspray und kompakt, f\u00fcr das Handgep\u00e4ck zugelassen. <\/p>\n<p><strong>Nutzung :  <\/strong><\/p>\n<p>Sch\u00fctteln Sie die Flasche gut, damit die \u00d6le und Hydrolate gut vermischt werden. Spr\u00fchen Sie einige Sprays auf ein Make-up-Entfernungstuch. Reinigen Sie Ihr Gesicht und wiederholen Sie die Anwendung mehrmals, bis das Make-up vollst\u00e4ndig entfernt ist.  <\/p>\n<p><strong>Zutaten :<\/strong><\/p>\n<p>99% der gesamten Inhaltsstoffe sind nat\u00fcrlichen Ursprungs und 76% der Inhaltsstoffe stammen aus biologischem Anbau.<\/p>\n<ul>\n<li>Kamillenhydrolat*.<\/li>\n<li>Kornblumenhydrolat*.<\/li>\n<li>S\u00fc\u00dfes Mandel\u00f6l*.<\/li>\n<li>Jojoba\u00f6l*.<\/li>\n<li>Vitamin E<\/li>\n<li>Benzyl Alcohol<\/li>\n<li>Dehydroessigs\u00e4ure<\/li>\n<li>Wasser<\/li>\n<\/ul>\n<p><strong>INCI-Zusammensetzung :  <\/strong><em>Centaurea Cyanus Flower Water*, Anthemis Nobilis Flower Water*, Prunus Amygdalus Dulcis Oil*, Simmondsia Chinensis Seed Oil*, Tocopherol, Helianthus Annuus Seed Oil, Benzyl Alcohol, Dehydroacetic Acid, Aqua. * Zutaten aus biologischer Landwirtschaft <\/em><\/p>\n<h3>\u00dcber die Marke<\/h3>\n<p>Am Anfang des Projekts stand ein Paar aus Lausanne, das es gewohnt war, <strong>&#8222;hausgemachte&#8220; Produkte<\/strong> f\u00fcr den Eigenbedarf herzustellen. Ihr Rezept machte die Leute s\u00fcchtig und so starteten sie ihre eigene <strong>Kosmetiklinie<\/strong>, die st\u00e4ndig erweitert wird und aus<strong>100% nat\u00fcrlichen<\/strong> und<strong>biologischen<\/strong><strong>Inhaltsstoffen<\/strong> besteht. <\/p>\n<p>Ihre Produkte werden in Lausanne <strong>handwerklich<\/strong> hergestellt.<\/p>\n<p>&nbsp;<\/p>\n","protected":false},"excerpt":{"rendered":"<p id=\"comp-ll2rx6mr_r_comp-kpzgwffi\" class=\"BaOVQ8 tz5f0K comp-ll2rx6mr_r_comp-kpzgwffi wixui-rich-text\" data-testid=\"richTextElement\"><strong>Zwei-Phasen-Make-up-Entferner<\/strong><\/p>\n<p class=\"BaOVQ8 tz5f0K comp-ll2rx6mr_r_comp-kpzgwffi wixui-rich-text\" data-testid=\"richTextElement\">Nat\u00fcrlich und <strong>biologisch zertifiziert<\/strong><\/p>\n<div id=\"comp-ll2rx6mr_r_comp-kq0trxmy_r_comp-kq0t04mf\" class=\"comp-ll2rx6mr_r_comp-kq0trxmy_r_comp-kq0t04mf-container\">\n<div id=\"comp-ll2rx6mr_r_comp-kq0trxmy_r_comp-kq0t04mk\" class=\"QOX0dS JCRlLH comp-ll2rx6mr_r_comp-kq0trxmy_r_comp-kq0t04mk-container comp-ll2rx6mr_r_comp-kq0trxmy_r_comp-kq0t04mk wixui-box\">\n<div id=\"comp-ll2rx6mr_r_comp-kq0trxmy_r_comp-lkb5kame\" class=\"QOX0dS JCRlLH MultiStateBox1559665710__root comp-ll2rx6mr_r_comp-kq0trxmy_r_comp-lkb5kame-container comp-ll2rx6mr_r_comp-kq0trxmy_r_comp-lkb5kame wixui-multi-state-box\">\n<div id=\"comp-ll2rx6mr_r_comp-kq0trxmy_r_comp-lkb5kamj4\" class=\"QOX0dS JCRlLH comp-ll2rx6mr_r_comp-kq0trxmy_r_comp-lkb5kamj4-container comp-ll2rx6mr_r_comp-kq0trxmy_r_comp-lkb5kamj4 wixui-box\">\n<div id=\"comp-ll2rx6mr_r_comp-kq0trxmy_r_comp-lkb5m5pe\" class=\"QOX0dS JCRlLH comp-ll2rx6mr_r_comp-kq0trxmy_r_comp-lkb5m5pe-container comp-ll2rx6mr_r_comp-kq0trxmy_r_comp-lkb5m5pe wixui-box\">\n<div id=\"comp-ll2rx6mr_r_comp-kq0trxmy_r_comp-lkb5m5pv19\">\n<div class=\"BaOVQ8 tz5f0K comp-ll2rx6mr_r_comp-kq0trxmy_r_comp-lkb5m5pv19 wixui-rich-text\" data-testid=\"richTextElement\">\n<p>Inhalt: 100 ml<\/p>\n<\/div>\n<\/div>\n<\/div>\n<\/div>\n<\/div>\n<\/div>\n<\/div>\n<div id=\"comp-ll2rx6mr_r_comp-lid2a0if\" class=\"comp-ll2rx6mr_r_comp-lid2a0if\">\n<div id=\"wrapper-comp-ll2rx6mr_r_comp-lid2a0if\" class=\"CollapsibleTextcomponent2568482278__root comp-ll2rx6mr_r_comp-lid2a0if-styleId__root wixui-collapsible-text\" dir=\"ltr\" role=\"group\" data-testid=\"ellipsis_text_viewer_root\">\n<div class=\"CollapsibleTextcomponent2568482278__text-wrapper\">\n<div class=\"CollapsibleTextcomponent2568482278__text CollapsibleTextcomponent2568482278---wrappingStyle-10-multi-line CollapsibleTextcomponent2568482278---textFormat-3-rtf wixui-collapsible-text__text\">\n<p>Hergestellt in Lausanne<\/p>\n<\/div>\n<\/div>\n<\/div>\n<\/div>\n","protected":false},"featured_media":54098,"comment_status":"open","ping_status":"closed","template":"","meta":{"_acf_changed":false},"product_brand":[535],"product_cat":[5232,5238,5237],"product_tag":[],"class_list":{"0":"post-56383","1":"product","2":"type-product","3":"status-publish","4":"has-post-thumbnail","6":"product_brand-basic","7":"product_cat-gute-geschafte","8":"product_cat-kosmetika","9":"product_cat-kosmetische-produkte","10":"product_shipping_class-3d-objekte","12":"first","13":"outofstock","14":"purchasable","15":"product-type-simple"},"acf":[],"jetpack_sharing_enabled":true,"_links":{"self":[{"href":"https:\/\/www.lespaillettesvertes.ch\/de\/wp-json\/wp\/v2\/product\/56383","targetHints":{"allow":["GET"]}}],"collection":[{"href":"https:\/\/www.lespaillettesvertes.ch\/de\/wp-json\/wp\/v2\/product"}],"about":[{"href":"https:\/\/www.lespaillettesvertes.ch\/de\/wp-json\/wp\/v2\/types\/product"}],"replies":[{"embeddable":true,"href":"https:\/\/www.lespaillettesvertes.ch\/de\/wp-json\/wp\/v2\/comments?post=56383"}],"wp:featuredmedia":[{"embeddable":true,"href":"https:\/\/www.lespaillettesvertes.ch\/de\/wp-json\/wp\/v2\/media\/54098"}],"wp:attachment":[{"href":"https:\/\/www.lespaillettesvertes.ch\/de\/wp-json\/wp\/v2\/media?parent=56383"}],"wp:term":[{"taxonomy":"product_brand","embeddable":true,"href":"https:\/\/www.lespaillettesvertes.ch\/de\/wp-json\/wp\/v2\/product_brand?post=56383"},{"taxonomy":"product_cat","embeddable":true,"href":"https:\/\/www.lespaillettesvertes.ch\/de\/wp-json\/wp\/v2\/product_cat?post=56383"},{"taxonomy":"product_tag","embeddable":true,"href":"https:\/\/www.lespaillettesvertes.ch\/de\/wp-json\/wp\/v2\/product_tag?post=56383"}],"curies":[{"name":"wp","href":"https:\/\/api.w.org\/{rel}","templated":true}]}}