{"id":56325,"date":"2024-02-19T22:19:14","date_gmt":"2024-02-19T21:19:14","guid":{"rendered":"https:\/\/www.lespaillettesvertes.ch\/produit\/geschenkkarte-sensibilisierung-fuer-null-abfall\/"},"modified":"2026-03-10T13:53:16","modified_gmt":"2026-03-10T12:53:16","slug":"geschenkkarte-sensibilisierung-fuer-null-abfall","status":"publish","type":"product","link":"https:\/\/www.lespaillettesvertes.ch\/de\/produit\/geschenkkarte-sensibilisierung-fuer-null-abfall\/","title":{"rendered":"Geschenkkarte &#8211; Sensibilisierung f\u00fcr Null-Abfall"},"content":{"rendered":"<h3>Geschenkkarte Les Paillettes Vertes<\/h3>\n<p>&nbsp;<\/p>\n<ul>\n<li>Wenn Sie <strong>die Karte per E-Mail versenden<\/strong> m\u00f6chten (digitale Version): Geben Sie die E-Mail-Adresse des Empf\u00e4ngers in das Feld * F\u00fcr * ein.<\/li>\n<li>Wenn Sie<strong> die Geschenkkarte ausdrucken<\/strong> m\u00f6chten, um sie pers\u00f6nlich zu \u00fcberreichen (digitale Version): Geben Sie Ihre eigene E-Mail-Adresse in das Feld * F\u00fcr * ein.<\/li>\n<\/ul>\n<p>&nbsp;<\/p>\n<p>Sie k\u00f6nnen <strong>sich den Text und das Layout<\/strong> Ihrer Geschenkkarte <strong>ansehen,<\/strong> indem Sie auf das Feld <strong>* Vorschau *<\/strong> klicken.<\/p>\n<p>&nbsp;<\/p>\n<p>Sie erhalten die Auftragsbest\u00e4tigung und den Originalgutschein im PDF-Format nach Eingang Ihrer Zahlung.<\/p>\n<p>&nbsp;<\/p>\n<p><strong>Vielen Dank<\/strong>, dass Sie unsere gemeinsamen Werte mit Ihren Freunden und Bekannten teilen!<\/p>\n","protected":false},"excerpt":{"rendered":"<p>Verschenken Sie eine Geschenkkarte von Les Paillettes Vertes, um Ihr Umfeld f\u00fcr ein umweltbewussteres Leben zu sensibilisieren!<\/p>\n","protected":false},"featured_media":56327,"comment_status":"open","ping_status":"closed","template":"","meta":{"_acf_changed":false},"product_brand":[],"product_cat":[5229],"product_tag":[],"class_list":{"0":"post-56325","1":"product","2":"type-product","3":"status-publish","4":"has-post-thumbnail","6":"product_cat-geschenke","8":"first","9":"instock","10":"purchasable","11":"product-type-pw-gift-card"},"acf":[],"jetpack_sharing_enabled":true,"_links":{"self":[{"href":"https:\/\/www.lespaillettesvertes.ch\/de\/wp-json\/wp\/v2\/product\/56325","targetHints":{"allow":["GET"]}}],"collection":[{"href":"https:\/\/www.lespaillettesvertes.ch\/de\/wp-json\/wp\/v2\/product"}],"about":[{"href":"https:\/\/www.lespaillettesvertes.ch\/de\/wp-json\/wp\/v2\/types\/product"}],"replies":[{"embeddable":true,"href":"https:\/\/www.lespaillettesvertes.ch\/de\/wp-json\/wp\/v2\/comments?post=56325"}],"wp:featuredmedia":[{"embeddable":true,"href":"https:\/\/www.lespaillettesvertes.ch\/de\/wp-json\/wp\/v2\/media\/56327"}],"wp:attachment":[{"href":"https:\/\/www.lespaillettesvertes.ch\/de\/wp-json\/wp\/v2\/media?parent=56325"}],"wp:term":[{"taxonomy":"product_brand","embeddable":true,"href":"https:\/\/www.lespaillettesvertes.ch\/de\/wp-json\/wp\/v2\/product_brand?post=56325"},{"taxonomy":"product_cat","embeddable":true,"href":"https:\/\/www.lespaillettesvertes.ch\/de\/wp-json\/wp\/v2\/product_cat?post=56325"},{"taxonomy":"product_tag","embeddable":true,"href":"https:\/\/www.lespaillettesvertes.ch\/de\/wp-json\/wp\/v2\/product_tag?post=56325"}],"curies":[{"name":"wp","href":"https:\/\/api.w.org\/{rel}","templated":true}]}}