{"id":56307,"date":"2024-04-15T11:49:04","date_gmt":"2024-04-15T09:49:04","guid":{"rendered":"https:\/\/www.lespaillettesvertes.ch\/produit\/bio-bartbalsam-natuerliche-pflege-fuer-den-bart\/"},"modified":"2025-12-01T08:54:59","modified_gmt":"2025-12-01T07:54:59","slug":"bio-bartbalsam-natuerliche-pflege-fuer-den-bart","status":"publish","type":"product","link":"https:\/\/www.lespaillettesvertes.ch\/de\/produit\/bio-bartbalsam-natuerliche-pflege-fuer-den-bart\/","title":{"rendered":"Bio Bartbalsam &#8211; Nat\u00fcrliche Pflege f\u00fcr den Bart"},"content":{"rendered":"<h3>Bio-Bartbalsam mit Rizinus\u00f6l<\/h3>\n<p>Der Bartbalsam von Comme Avant ist die ideale Pflege, um <strong>Ihren Bart zu pflegen<\/strong> und gleichzeitig die Umwelt zu schonen. Er kann t\u00e4glich verwendet werden, um einen weichen und gesunden Bart zu erhalten. Er ist wirksam und angenehm in der Anwendung.  <\/p>\n<p>Die Anwendung ist sehr einfach: Reiben Sie es in den H\u00e4nden und tragen Sie es dann auf Ihren Bart oder Schnurrbart auf. Es hat eine \u00f6lige Textur, die nach dem Auftragen kein fettiges Gef\u00fchl hinterl\u00e4sst. <\/p>\n<p>Diese Kosmetik f\u00fcr M\u00e4nner besteht aus einem Minimum an<strong>Inhaltsstoffen <\/strong>, ist in einer parf\u00fcmfreien Version erh\u00e4ltlich und eignet sich f\u00fcr alle Hauttypen, selbst f\u00fcr die empfindlichsten. Es sch\u00fctzt vor Irritationen und \u00e4u\u00dferen Einfl\u00fcssen. <\/p>\n<p>Dies ist ein <strong>unverzichtbares, abfallfreies<\/strong> Produkt f\u00fcr die nat\u00fcrliche Pflege Ihres Bartes.<\/p>\n<p>Franz\u00f6sische handwerkliche Herstellung in der N\u00e4he von Marseille.  <strong>Cosmos Organic zertifiziert.<\/strong><\/p>\n<p>Verpackt in einer <strong>kompostierbaren Kartonschachtel<\/strong>. Inhalt: 40 g <\/p>\n<p>&nbsp;<\/p>\n<ul>\n<li><strong>Nutzung :  <\/strong><\/li>\n<\/ul>\n<div>\n<p>Um den Bartbalsam zu verwenden, erw\u00e4rmen Sie ihn zwischen Ihren H\u00e4nden und entnehmen Sie eine kleine Menge. Massieren und k\u00e4mmen Sie dann Ihren Bart mit den H\u00e4nden, die mit dem Balsam getr\u00e4nkt sind. Sie k\u00f6nnen auch einen Kamm oder eine Bartb\u00fcrste verwenden.  <\/p>\n<p>Dieser Balsam hat <strong>eine \u00f6lige Textur, die nach der Anwendung kein fettiges Gef\u00fchl hinterl\u00e4sst<\/strong>. Eine kleine Menge reicht aus, um Ihren Bart wirksam zu pflegen und die Haare zu st\u00e4rken. <\/p>\n<p>Sie k\u00f6nnen es dann in seinem urspr\u00fcnglichen Topf oder in einem Glasgef\u00e4\u00df aufbewahren.<\/p>\n<p>&nbsp;<\/p>\n<ul>\n<li><strong>Zusammensetzung :  <\/strong><\/li>\n<\/ul>\n<p><strong>Rizinus\u00f6l:<\/strong> Dieses \u00d6l wird aus den Samen des Rizinusbaums gewonnen und hat n\u00e4hrende und umh\u00fcllende Eigenschaften. Es st\u00e4rkt die Haarfaser und f\u00f6rdert das Haarwachstum. Aus Indien, biologisch und COSMOS-zertifiziert.  <\/p>\n<p><strong>Jojoba\u00f6l:<\/strong> Aus den Samen des Jojobastrauches, einem lateinamerikanischen Haselnussstrauch, gewonnen, verleiht dieses \u00d6l dem Fell Glanz und Geschmeidigkeit. Es stammt aus Argentinien und ist biologisch und COSMOS-zertifiziert. <\/p>\n<p><strong>Murumuru-Butter<\/strong><em><strong>:<\/strong><\/em> Diese aus N\u00fcssen gewonnene pflanzliche Reparaturbutter n\u00e4hrt und versch\u00f6nert das Haar. Sie zieht leicht ein, so dass kein fettiger Effekt entsteht. Aus S\u00fcdamerika, biologisch und COSMOS-zertifiziert.  <\/p>\n<p><strong>Hydrolysiertes Sonnenblumenwachs<\/strong>: Dieses Wachs wird aus den Bl\u00fcten der Sonnenblume gewonnen und verleiht unserem Parfum seine Textur. Es wird durch Hydrolyse hergestellt, ein umweltfreundliches Verfahren.Herkunft Deutschland, COSMOS-zertifiziert.<\/p>\n<p>INCI: <em>Astrocaryum Murumuru Seed Butter, Euphorbia Cerifera Cera, Ricinus Communis Seed Oil, Simmondsia Chinensis Seed Oil und f\u00fcr die parf\u00fcmierten Versionen Eucalyptus Dives Leaf Oil, Linalool, Limonene, Geraniol oder Menthe Piperita Oil, Pinus Sylvestris Leaf Oil, Limonene, Linalool, Eugenol. <\/em>100% biologische Inhaltsstoffe, 100% Inhaltsstoffe nat\u00fcrlichen Ursprungs<\/p>\n<\/div>\n<h3>\u00dcber die Marke<\/h3>\n<div>\n<p><a href=\"https:\/\/www.comme-avant.bio\" target=\"_blank\" rel=\"noopener\"><strong>Comme Avant<\/strong> <\/a>ist ein atypisches Familienunternehmen, das <strong>sich der Nat\u00fcrlichkeit und der Abfallvermeidung<\/strong> verschrieben hat.<\/p>\n<p>In ihrer Produktionsst\u00e4tte in der N\u00e4he von Marseille stellen sie in Handarbeit <strong>wirksame Kosmetika<\/strong>, <strong>Haushaltsprodukte<\/strong> und <strong>nachhaltige textile Accessoires<\/strong> her.<\/p>\n<p>Sie setzen sich f\u00fcr eine <strong>lokale und handwerkliche Herstellung<\/strong> ein: Alle Produkte werden von ihrem Team in Les Pennes Mirabeau formuliert, hergestellt, verpackt und versendet.<\/p>\n<p>Und die meisten ihrer <strong>Verpackungen bestehen aus recyceltem und recycelbarem Kraftkarton, sind<\/strong> <strong>kompostierbar und biologisch abbaubar<\/strong>, genau wie ihre Produkte, f\u00fcr ein Maximum an Zero Waste!<\/p>\n<\/div>\n<h3>Der Rat der Gr\u00fcnen Pailletten<\/h3>\n<p><em>&#8222;1 + Null Abfall :  <\/em><\/p>\n<p><em>Dieser Balsam ist aufgrund seiner Zusammensetzung, seiner festen Form, seines Beh\u00e4lters und der Art der Anwendung umweltfreundlich. Wir mochten die minimalistische Verpackung: In einer recycelbaren Pappschachtel verpackt, ben\u00f6tigen wir kein Plastik oder Glas, um den Balsam zu halten. <\/em><\/p>\n<p><em>Die Anwendung ist angenehmer und einfacher als bei einem fl\u00fcssigen \u00d6l. Kein Risiko, dass das Produkt ausl\u00e4uft, kein Risiko eines Unfalls am fr\u00fchen Morgen im Badezimmer dank dieses festen Balsams&#8220;. <\/em><\/p>\n<p><a href=\"https:\/\/www.comme-avant.bio\" target=\"_blank\" rel=\"noopener\">Wie Vorher<\/a><\/p>\n","protected":false},"excerpt":{"rendered":"<p>Bio-Bartbalsam mit Rizinus\u00f6l.<\/p>\n<ul>\n<li>Hilft, den Bart zu disziplinieren und zu pflegen, effektiv und angenehm in der Anwendung, ohne zu fetten.<\/li>\n<li>Parf\u00fcmfrei, ohne Palm\u00f6l, ohne synthetische Produkte, ohne Alkohol, ohne Silikon, ohne Paraben, ohne Mineral\u00f6l<\/li>\n<li>Perfekt f\u00fcr die Reise, als Handgep\u00e4ck zugelassen<\/li>\n<\/ul>\n<p>Inhalt: 40 g, h\u00e4lt bei t\u00e4glicher Anwendung etwa 3 Monate.<\/p>\n<p>Hergestellt in Frankreich.<\/p>\n","protected":false},"featured_media":54738,"comment_status":"open","ping_status":"closed","template":"","meta":{"_acf_changed":false},"product_brand":[4998],"product_cat":[5313],"product_tag":[],"class_list":{"0":"post-56307","1":"product","2":"type-product","3":"status-publish","4":"has-post-thumbnail","6":"product_brand-comme-avant","7":"product_cat-nicht-klassifiziert","8":"product_shipping_class-3d-objekte","10":"first","11":"outofstock","12":"purchasable","13":"product-type-simple"},"acf":[],"jetpack_sharing_enabled":true,"_links":{"self":[{"href":"https:\/\/www.lespaillettesvertes.ch\/de\/wp-json\/wp\/v2\/product\/56307","targetHints":{"allow":["GET"]}}],"collection":[{"href":"https:\/\/www.lespaillettesvertes.ch\/de\/wp-json\/wp\/v2\/product"}],"about":[{"href":"https:\/\/www.lespaillettesvertes.ch\/de\/wp-json\/wp\/v2\/types\/product"}],"replies":[{"embeddable":true,"href":"https:\/\/www.lespaillettesvertes.ch\/de\/wp-json\/wp\/v2\/comments?post=56307"}],"wp:featuredmedia":[{"embeddable":true,"href":"https:\/\/www.lespaillettesvertes.ch\/de\/wp-json\/wp\/v2\/media\/54738"}],"wp:attachment":[{"href":"https:\/\/www.lespaillettesvertes.ch\/de\/wp-json\/wp\/v2\/media?parent=56307"}],"wp:term":[{"taxonomy":"product_brand","embeddable":true,"href":"https:\/\/www.lespaillettesvertes.ch\/de\/wp-json\/wp\/v2\/product_brand?post=56307"},{"taxonomy":"product_cat","embeddable":true,"href":"https:\/\/www.lespaillettesvertes.ch\/de\/wp-json\/wp\/v2\/product_cat?post=56307"},{"taxonomy":"product_tag","embeddable":true,"href":"https:\/\/www.lespaillettesvertes.ch\/de\/wp-json\/wp\/v2\/product_tag?post=56307"}],"curies":[{"name":"wp","href":"https:\/\/api.w.org\/{rel}","templated":true}]}}