{"id":56305,"date":"2024-10-29T14:54:34","date_gmt":"2024-10-29T13:54:34","guid":{"rendered":"https:\/\/www.lespaillettesvertes.ch\/produit\/natuerlicher-naehrender-koerperbalsam-reparierende-pflege\/"},"modified":"2026-03-04T12:33:37","modified_gmt":"2026-03-04T11:33:37","slug":"natuerlicher-naehrender-koerperbalsam-reparierende-pflege","status":"publish","type":"product","link":"https:\/\/www.lespaillettesvertes.ch\/de\/produit\/natuerlicher-naehrender-koerperbalsam-reparierende-pflege\/","title":{"rendered":"Nat\u00fcrlicher n\u00e4hrender K\u00f6rperbalsam &#8211; Reparierende Pflege"},"content":{"rendered":"<h2>Nat\u00fcrlicher n\u00e4hrender K\u00f6rperbalsam<\/h2>\n<p>&nbsp;<\/p>\n<p>Entdecken Sie unseren <strong>handgefertigten Balsam<\/strong>, eine perfekte Verschmelzung von Natur und Pflege mit Palmarosa\u00f6l.<\/p>\n<p><strong>Wichtigste Zutaten :<\/strong><\/p>\n<ul>\n<li><strong>\u00c4therisches Palmarosa\u00f6l<\/strong>: bekannt f\u00fcr seine n\u00e4hrenden und regenerierenden Eigenschaften.<\/li>\n<li><strong>Biologische Karit\u00e9butter und Kokosnuss\u00f6l<\/strong>: Sch\u00e4tze der Natur, die empfindliche Haut beruhigen und sch\u00fctzen.<\/li>\n<\/ul>\n<p><strong>Warum sollten Sie sich f\u00fcr unseren Balsam entscheiden?<\/strong><\/p>\n<ul>\n<li><strong>Schutz und Reparatur<\/strong>: wurde speziell zur Wiederherstellung und St\u00e4rkung der Hautbarriere entwickelt und ist ideal f\u00fcr empfindliche Haut.<\/li>\n<li><strong>Intensive Feuchtigkeitsversorgung<\/strong>: Die reichhaltige und geschmeidige Formel dringt tief in die Haut ein und verhindert so den Feuchtigkeitsverlust.<\/li>\n<\/ul>\n<p><strong>Zusammensetzung:<\/strong><br \/>\nUnser Balsam besteht vollst\u00e4ndig aus nat\u00fcrlichen und biologischen Inhaltsstoffen und ist zertifiziert ohne Konservierungsstoffe, Laktose, Gluten, GVO, Parabene, Sulfate, k\u00fcnstliche Farbstoffe oder synthetische Duftstoffe.<\/p>\n<p><strong>Die Vorteile unseres n\u00e4hrenden Balsams :<\/strong><\/p>\n<ul>\n<li><strong>Wiederherstellung der Haut<\/strong>: Repariert Sch\u00e4den und hilft, den Feuchtigkeitsgehalt der <strong>Haut<\/strong> dauerhaft zu erhalten.<\/li>\n<li><strong>Nat\u00fcrliche Aus<\/strong> strahlung: belebt m\u00fcde Haut und verleiht ihr ein strahlendes Aussehen.<\/li>\n<li><strong>Ausgewogene Ern\u00e4hrung<\/strong>: Angereichert mit Vitaminen und essentiellen Fetts\u00e4uren, die die Haut optimal n\u00e4hren.<\/li>\n<\/ul>\n<p>Entdecken Sie auch unseren <a href=\"https:\/\/www.lespaillettesvertes.ch\/de\/produit\/sportler-muskelbalsam-natuerliche-linderung\/\">Balsam f\u00fcr Sportler, der die Schmerzen nach dem Sport<\/a> reduziert!<\/p>\n<p>&nbsp;<\/p>\n","protected":false},"excerpt":{"rendered":"<p>Nat\u00fcrlicher n\u00e4hrender K\u00f6rperbalsam &nbsp; Entdecken Sie unseren handgefertigten Balsam, eine perfekte Verschmelzung von Natur und Pflege mit Palmarosa\u00f6l. Wichtigste Zutaten : \u00c4therisches Palmarosa\u00f6l: bekannt f\u00fcr seine n\u00e4hrenden und regenerierenden Eigenschaften. Biologische Karit\u00e9butter und Kokosnuss\u00f6l: Sch\u00e4tze der Natur, die empfindliche Haut beruhigen und sch\u00fctzen. Warum sollten Sie sich f\u00fcr unseren Balsam entscheiden? Schutz und Reparatur: wurde [&hellip;]<\/p>\n","protected":false},"featured_media":54931,"comment_status":"open","ping_status":"closed","template":"","meta":{"_acf_changed":false},"product_brand":[5106],"product_cat":[5238,5237],"product_tag":[],"class_list":{"0":"post-56305","1":"product","2":"type-product","3":"status-publish","4":"has-post-thumbnail","6":"product_brand-harmony","7":"product_cat-kosmetika","8":"product_cat-kosmetische-produkte","9":"product_shipping_class-3d-objekte","11":"first","12":"instock","13":"purchasable","14":"product-type-simple"},"acf":[],"jetpack_sharing_enabled":true,"_links":{"self":[{"href":"https:\/\/www.lespaillettesvertes.ch\/de\/wp-json\/wp\/v2\/product\/56305","targetHints":{"allow":["GET"]}}],"collection":[{"href":"https:\/\/www.lespaillettesvertes.ch\/de\/wp-json\/wp\/v2\/product"}],"about":[{"href":"https:\/\/www.lespaillettesvertes.ch\/de\/wp-json\/wp\/v2\/types\/product"}],"replies":[{"embeddable":true,"href":"https:\/\/www.lespaillettesvertes.ch\/de\/wp-json\/wp\/v2\/comments?post=56305"}],"wp:featuredmedia":[{"embeddable":true,"href":"https:\/\/www.lespaillettesvertes.ch\/de\/wp-json\/wp\/v2\/media\/54931"}],"wp:attachment":[{"href":"https:\/\/www.lespaillettesvertes.ch\/de\/wp-json\/wp\/v2\/media?parent=56305"}],"wp:term":[{"taxonomy":"product_brand","embeddable":true,"href":"https:\/\/www.lespaillettesvertes.ch\/de\/wp-json\/wp\/v2\/product_brand?post=56305"},{"taxonomy":"product_cat","embeddable":true,"href":"https:\/\/www.lespaillettesvertes.ch\/de\/wp-json\/wp\/v2\/product_cat?post=56305"},{"taxonomy":"product_tag","embeddable":true,"href":"https:\/\/www.lespaillettesvertes.ch\/de\/wp-json\/wp\/v2\/product_tag?post=56305"}],"curies":[{"name":"wp","href":"https:\/\/api.w.org\/{rel}","templated":true}]}}