{"id":56299,"date":"2024-10-29T14:35:15","date_gmt":"2024-10-29T13:35:15","guid":{"rendered":"https:\/\/www.lespaillettesvertes.ch\/produit\/reparierende-handcreme-intensive-feuchtigkeitsversorgung\/"},"modified":"2026-03-04T12:33:47","modified_gmt":"2026-03-04T11:33:47","slug":"reparierende-handcreme-intensive-feuchtigkeitsversorgung","status":"publish","type":"product","link":"https:\/\/www.lespaillettesvertes.ch\/de\/produit\/reparierende-handcreme-intensive-feuchtigkeitsversorgung\/","title":{"rendered":"Reparierende Handcreme &#8211; Intensive Feuchtigkeitsversorgung"},"content":{"rendered":"<h2>100% nat\u00fcrliche, regenerierende Handcreme<\/h2>\n<p>&nbsp;<\/p>\n<p>Verw\u00f6hnen Sie Ihre H\u00e4nde mit unserer handgefertigten <strong>Repair-Creme<\/strong>, die f\u00fcr eine tiefe und beruhigende Pflege entwickelt wurde.<\/p>\n<p><strong>Hauptmerkmale :<\/strong><\/p>\n<ul>\n<li><strong>100% nat\u00fcrliche Formel<\/strong>: hergestellt aus sorgf\u00e4ltig ausgew\u00e4hlten biologischen Inhaltsstoffen.<\/li>\n<li>Sofortige <strong>Feuchtigkeitsversorgung<\/strong>: zieht schnell ein, um trockene Haut sofort zu beruhigen.<\/li>\n<\/ul>\n<p><strong>Die Vorteile unserer Creme :<\/strong><\/p>\n<ul>\n<li><strong>Schnelle Beruhigung<\/strong>: Ideal f\u00fcr sehr trockene H\u00e4nde, lindert unangenehme Gef\u00fchle.<\/li>\n<li><strong>Langanhaltender Schutz<\/strong>: Bildet eine Schutzbarriere, um Ihre Haut den ganzen Tag \u00fcber mit Feuchtigkeit zu versorgen.<\/li>\n<li><strong>Zarter Duft<\/strong>: Ein leichter Duft von Rosengeranie verleiht einen Hauch von Frische.<\/li>\n<\/ul>\n<p>&nbsp;<\/p>\n<p><strong>Gesunde und verantwortungsvolle Zutaten :<\/strong><\/p>\n<p>Unsere Creme ist vollst\u00e4ndig vegan, frei von Konservierungsstoffen, Laktose, Gluten, GVO, Parabenen und synthetischen Farbstoffen.<\/p>\n<p>&nbsp;<\/p>\n<p>F\u00fcr eine komplette Handpflege finden Sie auch unsere <a href=\"https:\/\/www.lespaillettesvertes.ch\/de\/produit\/nagelbuerste-buche-und-agave-fsc\/\">Nagelb\u00fcrste<\/a> Buche und Agave!<\/p>\n<p>&nbsp;<\/p>\n","protected":false},"excerpt":{"rendered":"<p>100% nat\u00fcrliche, regenerierende Handcreme &nbsp; Verw\u00f6hnen Sie Ihre H\u00e4nde mit unserer handgefertigten Repair-Creme, die f\u00fcr eine tiefe und beruhigende Pflege entwickelt wurde. Hauptmerkmale : 100% nat\u00fcrliche Formel: hergestellt aus sorgf\u00e4ltig ausgew\u00e4hlten biologischen Inhaltsstoffen. Sofortige Feuchtigkeitsversorgung: zieht schnell ein, um trockene Haut sofort zu beruhigen. Die Vorteile unserer Creme : Schnelle Beruhigung: Ideal f\u00fcr sehr trockene [&hellip;]<\/p>\n","protected":false},"featured_media":54940,"comment_status":"open","ping_status":"closed","template":"","meta":{"_acf_changed":false},"product_brand":[5106],"product_cat":[5238,5237],"product_tag":[],"class_list":{"0":"post-56299","1":"product","2":"type-product","3":"status-publish","4":"has-post-thumbnail","6":"product_brand-harmony","7":"product_cat-kosmetika","8":"product_cat-kosmetische-produkte","9":"product_shipping_class-3d-objekte","11":"first","12":"outofstock","13":"purchasable","14":"product-type-simple"},"acf":[],"jetpack_sharing_enabled":true,"_links":{"self":[{"href":"https:\/\/www.lespaillettesvertes.ch\/de\/wp-json\/wp\/v2\/product\/56299","targetHints":{"allow":["GET"]}}],"collection":[{"href":"https:\/\/www.lespaillettesvertes.ch\/de\/wp-json\/wp\/v2\/product"}],"about":[{"href":"https:\/\/www.lespaillettesvertes.ch\/de\/wp-json\/wp\/v2\/types\/product"}],"replies":[{"embeddable":true,"href":"https:\/\/www.lespaillettesvertes.ch\/de\/wp-json\/wp\/v2\/comments?post=56299"}],"wp:featuredmedia":[{"embeddable":true,"href":"https:\/\/www.lespaillettesvertes.ch\/de\/wp-json\/wp\/v2\/media\/54940"}],"wp:attachment":[{"href":"https:\/\/www.lespaillettesvertes.ch\/de\/wp-json\/wp\/v2\/media?parent=56299"}],"wp:term":[{"taxonomy":"product_brand","embeddable":true,"href":"https:\/\/www.lespaillettesvertes.ch\/de\/wp-json\/wp\/v2\/product_brand?post=56299"},{"taxonomy":"product_cat","embeddable":true,"href":"https:\/\/www.lespaillettesvertes.ch\/de\/wp-json\/wp\/v2\/product_cat?post=56299"},{"taxonomy":"product_tag","embeddable":true,"href":"https:\/\/www.lespaillettesvertes.ch\/de\/wp-json\/wp\/v2\/product_tag?post=56299"}],"curies":[{"name":"wp","href":"https:\/\/api.w.org\/{rel}","templated":true}]}}