{"id":56297,"date":"2024-10-29T14:37:59","date_gmt":"2024-10-29T13:37:59","guid":{"rendered":"https:\/\/www.lespaillettesvertes.ch\/produit\/natuerliche-rasierseife-beruhigender-schaum\/"},"modified":"2025-10-30T14:55:49","modified_gmt":"2025-10-30T13:55:49","slug":"natuerliche-rasierseife-beruhigender-schaum","status":"publish","type":"product","link":"https:\/\/www.lespaillettesvertes.ch\/de\/produit\/natuerliche-rasierseife-beruhigender-schaum\/","title":{"rendered":"Nat\u00fcrliche Rasierseife &#8211; Beruhigender Schaum"},"content":{"rendered":"<h2>Nat\u00fcrliche Rasierseife &#8211; Beruhigend und feuchtigkeitsspendend<\/h2>\n<p>G\u00f6nnen Sie sich eine sanfte und angenehme Rasur mit unserer <strong>100% nat\u00fcrlichen<\/strong>, handgefertigten Seife. Die handgefertigte Formel mit biologischen Inhaltsstoffen erzeugt einen cremigen Schaum, der Ihren \u00fcblichen Schaum oder Ihr Gel ersetzt. Der dezente Duft von Orange und Lavendel sorgt f\u00fcr eine angenehme Frische bei jeder Anwendung.  <\/p>\n<h4>Warum sollten Sie diese Rasierseife w\u00e4hlen?<\/h4>\n<ul>\n<li><strong>Nat\u00fcrliche und biologische Inhaltsstoffe<\/strong>: Hergestellt mit Aloe Vera, Rizinus- und Oliven\u00f6l sowie \u00e4therischen \u00d6len aus Lavendel und Orange.<\/li>\n<li><strong>Tiefenreinigung<\/strong>: Reinigt und spendet gleichzeitig Feuchtigkeit, so dass die Haut nach jeder Rasur frisch und weich ist.<\/li>\n<li><strong>Hautfreundlich<\/strong>: Der neutrale pH-Wert ist selbst f\u00fcr die empfindlichste Haut geeignet.<\/li>\n<li><strong>Vielseitig<\/strong>: Ideal f\u00fcr Gesicht, Beine, Achselh\u00f6hlen und Intimbereich (Vorsicht bei empfindlichen Schleimh\u00e4uten).<\/li>\n<\/ul>\n<h4>Eine nat\u00fcrliche Rasur ohne Kompromisse<\/h4>\n<p>Ersetzen Sie Ihren industriellen Schaum durch diese feste Seife oder einen nat\u00fcrlichen <a href=\"https:\/\/www.lespaillettesvertes.ch\/de\/produit\/natuerlicher-bartbalsam\/\">Rasierbalsam<\/a>. Angereichert mit Aloe Vera und \u00e4therischen \u00d6len bietet sie einen reichhaltigen Schaum f\u00fcr eine sanfte Rasur. Ohne Konservierungsstoffe, Palm\u00f6l, Parabene, GVO oder synthetische Duftstoffe.  <\/p>\n","protected":false},"excerpt":{"rendered":"<p>Nat\u00fcrliche Rasierseife &#8211; Beruhigend und feuchtigkeitsspendend G\u00f6nnen Sie sich eine sanfte und angenehme Rasur mit unserer 100% nat\u00fcrlichen, handgefertigten Seife. Die handgefertigte Formel mit biologischen Inhaltsstoffen erzeugt einen cremigen Schaum, der Ihren \u00fcblichen Schaum oder Ihr Gel ersetzt. Der dezente Duft von Orange und Lavendel sorgt f\u00fcr eine angenehme Frische bei jeder Anwendung. Warum sollten [&hellip;]<\/p>\n","protected":false},"featured_media":54720,"comment_status":"open","ping_status":"closed","template":"","meta":{"_acf_changed":false},"product_brand":[5106],"product_cat":[5238,5237],"product_tag":[],"class_list":{"0":"post-56297","1":"product","2":"type-product","3":"status-publish","4":"has-post-thumbnail","6":"product_brand-harmony","7":"product_cat-kosmetika","8":"product_cat-kosmetische-produkte","9":"product_shipping_class-3d-objekte","11":"first","12":"instock","13":"purchasable","14":"product-type-simple"},"acf":[],"jetpack_sharing_enabled":true,"_links":{"self":[{"href":"https:\/\/www.lespaillettesvertes.ch\/de\/wp-json\/wp\/v2\/product\/56297","targetHints":{"allow":["GET"]}}],"collection":[{"href":"https:\/\/www.lespaillettesvertes.ch\/de\/wp-json\/wp\/v2\/product"}],"about":[{"href":"https:\/\/www.lespaillettesvertes.ch\/de\/wp-json\/wp\/v2\/types\/product"}],"replies":[{"embeddable":true,"href":"https:\/\/www.lespaillettesvertes.ch\/de\/wp-json\/wp\/v2\/comments?post=56297"}],"wp:featuredmedia":[{"embeddable":true,"href":"https:\/\/www.lespaillettesvertes.ch\/de\/wp-json\/wp\/v2\/media\/54720"}],"wp:attachment":[{"href":"https:\/\/www.lespaillettesvertes.ch\/de\/wp-json\/wp\/v2\/media?parent=56297"}],"wp:term":[{"taxonomy":"product_brand","embeddable":true,"href":"https:\/\/www.lespaillettesvertes.ch\/de\/wp-json\/wp\/v2\/product_brand?post=56297"},{"taxonomy":"product_cat","embeddable":true,"href":"https:\/\/www.lespaillettesvertes.ch\/de\/wp-json\/wp\/v2\/product_cat?post=56297"},{"taxonomy":"product_tag","embeddable":true,"href":"https:\/\/www.lespaillettesvertes.ch\/de\/wp-json\/wp\/v2\/product_tag?post=56297"}],"curies":[{"name":"wp","href":"https:\/\/api.w.org\/{rel}","templated":true}]}}