{"id":56289,"date":"2024-10-29T15:25:06","date_gmt":"2024-10-29T14:25:06","guid":{"rendered":"https:\/\/www.lespaillettesvertes.ch\/produit\/natuerliches-deodorant-lavendel\/"},"modified":"2025-12-26T19:43:04","modified_gmt":"2025-12-26T18:43:04","slug":"natuerliches-deodorant-lavendel","status":"publish","type":"product","link":"https:\/\/www.lespaillettesvertes.ch\/de\/produit\/natuerliches-deodorant-lavendel\/","title":{"rendered":"Nat\u00fcrliches Deodorant &#8211; Lavendel"},"content":{"rendered":"<h2 class=\"\" data-start=\"935\" data-end=\"998\"><strong data-start=\"938\" data-end=\"996\">\ud83c\udf3f Nat\u00fcrliches Lavendel-Deodorant: Frische und Schutz<\/strong><\/h2>\n<p class=\"\" data-start=\"1000\" data-end=\"1230\">Das nat\u00fcrliche <strong data-start=\"1003\" data-end=\"1024\">Lavendel-Deodorant<\/strong> ist die ideale L\u00f6sung f\u00fcr diejenigen, die einen lang anhaltenden Schutz w\u00fcnschen und gleichzeitig ihre Haut schonen m\u00f6chten. Die milde Formel ohne Chemikalien wurde speziell f\u00fcr empfindliche Haut entwickelt. <\/p>\n<p class=\"\" data-start=\"1232\" data-end=\"1637\">Angereichert mit <strong data-start=\"1243\" data-end=\"1275\">\u00e4therischem Lavendel\u00f6l<\/strong> hinterl\u00e4sst es den ganzen Tag \u00fcber einen angenehmen Duft. <strong data-start=\"1334\" data-end=\"1351\">Im Gegensatz<\/strong> zu herk\u00f6mmlichen Deodorants reizt es die Haut nicht und hinterl\u00e4sst keine wei\u00dfen Spuren auf Ihrer Kleidung. Wenn Sie eine milde Pflege suchen, entdecken Sie auch unser <a href=\"https:\/\/www.lespaillettesvertes.ch\/de\/produit\/natuerliches-deodorant-zitrone-teebaum\/\" target=\"_new\" rel=\"noopener\" data-start=\"1515\" data-end=\"1613\">Zitronen-Deodorant Tea Tree<\/a> f\u00fcr noch mehr Frische. <\/p>\n<hr class=\"\" data-start=\"1639\" data-end=\"1642\">\n<h2 class=\"\" data-start=\"1644\" data-end=\"1703\"><strong data-start=\"1647\" data-end=\"1701\">\ud83c\udf3f Warum sollten Sie sich f\u00fcr das Nat\u00fcrliche Lavendel Deodorant entscheiden?<\/strong><\/h2>\n<p class=\"\" data-start=\"1705\" data-end=\"1975\">\u2714 <strong data-start=\"1707\" data-end=\"1734\">Langfristiger Schutz<\/strong> vor unangenehmen Ger\u00fcchen.<br data-start=\"1763\" data-end=\"1766\">\u2714 <strong data-start=\"1768\" data-end=\"1785\">Milde<\/strong> und nat\u00fcrliche <strong data-start=\"1768\" data-end=\"1785\">Formel<\/strong>, geeignet f\u00fcr empfindliche Haut.<br data-start=\"1828\" data-end=\"1831\">\u2714 <strong data-start=\"1833\" data-end=\"1863\">Angenehmer Lavendelduft<\/strong> f\u00fcr ein frisches Gef\u00fchl.<br data-start=\"1896\" data-end=\"1899\">\u2714 <strong data-start=\"1901\" data-end=\"1926\">Ohne Aluminiumsalze<\/strong>, ohne Parabene, umweltfreundlich.<\/p>\n<p class=\"\" data-start=\"1977\" data-end=\"2170\">Wenn Sie nat\u00fcrliche Produkte m\u00f6gen, werden Sie auch unseren <a href=\"https:\/\/www.lespaillettesvertes.ch\/de\/produit\/natuerlicher-naehrender-koerperbalsam-reparierende-pflege\/\">feuchtigkeitsspendenden Balsam<\/a> zur Erg\u00e4nzung Ihrer Pflegeroutine zu sch\u00e4tzen wissen.<\/p>\n<hr class=\"\" data-start=\"2172\" data-end=\"2175\">\n<h2 class=\"\" data-start=\"2177\" data-end=\"2233\"><strong data-start=\"2180\" data-end=\"2231\">\ud83d\udc9a Die Inhaltsstoffe des nat\u00fcrlichen Lavendel-Deodorants<\/strong><\/h2>\n<ul data-start=\"2235\" data-end=\"2558\">\n<li class=\"\" data-start=\"2235\" data-end=\"2326\">\n<p class=\"\" data-start=\"2237\" data-end=\"2326\"><strong data-start=\"2237\" data-end=\"2261\">Backpulver<\/strong>: Bek\u00e4mpft unangenehme Ger\u00fcche und ist dabei sanft zur Haut.<\/p>\n<\/li>\n<li class=\"\" data-start=\"2327\" data-end=\"2400\">\n<p class=\"\" data-start=\"2329\" data-end=\"2400\"><strong data-start=\"2329\" data-end=\"2349\">Karit\u00e9butter<\/strong>: N\u00e4hrt und befeuchtet die Haut und macht sie weich.<\/p>\n<\/li>\n<li class=\"\" data-start=\"2401\" data-end=\"2472\">\n<p class=\"\" data-start=\"2403\" data-end=\"2472\"><strong data-start=\"2403\" data-end=\"2435\">\u00c4therisches Lavendel\u00f6l<\/strong>: F\u00fcr einen sanften und beruhigenden Duft.<\/p>\n<\/li>\n<\/ul>\n<hr class=\"\" data-start=\"2560\" data-end=\"2563\">\n<h2 class=\"\" data-start=\"2565\" data-end=\"2628\"><strong data-start=\"2568\" data-end=\"2626\">\ud83c\udf31 Lavendel Deodorant: Eine nat\u00fcrliche und respektvolle Wahl<\/strong><\/h2>\n<p class=\"\" data-start=\"2630\" data-end=\"3052\">Verwenden Sie unser Deodorant mit<a href=\"https:\/\/fr.wikipedia.org\/wiki\/Huile_essentielle_de_lavande\" target=\"_blank\" rel=\"noopener\">\u00e4therischem Lavendel\u00f6l<\/a> f\u00fcr einen zuverl\u00e4ssigen Schutz, w\u00e4hrend Sie gleichzeitig Ihre Haut und die Umwelt schonen. Dieses Produkt ist perfekt f\u00fcr diejenigen, die auf chemische Produkte verzichten und stattdessen auf nat\u00fcrliche und effektive Pflege setzen m\u00f6chten. F\u00fcr eine noch sanftere Haut empfehlen wir Ihnen auch unsere anderen Pflegeprodukte, wie z.B. unseren <a href=\"https:\/\/www.lespaillettesvertes.ch\/de\/produit\/natuerlicher-naehrender-koerperbalsam-reparierende-pflege\/\">Feuchtigkeitsbalsam<\/a> nach jeder Anwendung.  <\/p>\n<hr class=\"\" data-start=\"3054\" data-end=\"3057\">\n<h3 class=\"\" data-start=\"3239\" data-end=\"3281\"><strong data-start=\"3243\" data-end=\"3279\">Einige wichtige Punkte, an die Sie sich erinnern sollten :<\/strong><\/h3>\n<ul data-start=\"3283\" data-end=\"3536\">\n<li class=\"\" data-start=\"3283\" data-end=\"3343\">\n<p class=\"\" data-start=\"3285\" data-end=\"3343\"><strong data-start=\"3285\" data-end=\"3315\">Nat\u00fcrliche und sanfte Formel<\/strong> ohne Chemikalien.<\/p>\n<\/li>\n<li class=\"\" data-start=\"3344\" data-end=\"3404\">\n<p class=\"\" data-start=\"3346\" data-end=\"3404\"><strong data-start=\"3346\" data-end=\"3373\">Langfristiger Schutz<\/strong> vor schlechten Ger\u00fcchen.<\/p>\n<\/li>\n<li class=\"\" data-start=\"3405\" data-end=\"3462\">\n<p class=\"\" data-start=\"3407\" data-end=\"3462\"><strong data-start=\"3407\" data-end=\"3437\">Angenehmer Lavendelduft<\/strong> f\u00fcr den ganzen Tag.<\/p>\n<\/li>\n<li class=\"\" data-start=\"3463\" data-end=\"3536\">\n<p class=\"\" data-start=\"3465\" data-end=\"3536\"><strong data-start=\"3465\" data-end=\"3499\">Ideal f\u00fcr empfindliche Haut<\/strong>, frei von Parabenen und Aluminiumsalzen.<\/p>\n<\/li>\n<\/ul>\n<hr class=\"\" data-start=\"3538\" data-end=\"3541\">\n<p class=\"\" data-start=\"3543\" data-end=\"3812\"><strong data-start=\"3543\" data-end=\"3559\">Schlussfolgerung:<\/strong> Entscheiden Sie sich f\u00fcr unser nat\u00fcrliches <strong data-start=\"3577\" data-end=\"3598\">Lavendel-Deodorant<\/strong> f\u00fcr einen sanften und wirksamen Schutz im Alltag. Es schont Ihre Haut und verleiht Ihnen ein frisches Gef\u00fchl. <strong data-start=\"3724\" data-end=\"3752\">Bestellen Sie jetzt<\/strong> und genie\u00dfen Sie den ganzen Tag lang einen nat\u00fcrlichen Schutz. <\/p>\n","protected":false},"excerpt":{"rendered":"<p>\ud83c\udf3f Nat\u00fcrliches Lavendel-Deodorant: Frische und Schutz Das nat\u00fcrliche Lavendel-Deodorant ist die ideale L\u00f6sung f\u00fcr diejenigen, die einen lang anhaltenden Schutz w\u00fcnschen und gleichzeitig ihre Haut schonen m\u00f6chten. Die milde Formel ohne Chemikalien wurde speziell f\u00fcr empfindliche Haut entwickelt. Angereichert mit \u00e4therischem Lavendel\u00f6l hinterl\u00e4sst es den ganzen Tag \u00fcber einen angenehmen Duft. Im Gegensatz zu herk\u00f6mmlichen [&hellip;]<\/p>\n","protected":false},"featured_media":54907,"comment_status":"open","ping_status":"closed","template":"","meta":{"_acf_changed":false},"product_brand":[5106],"product_cat":[5237,5238],"product_tag":[],"class_list":{"0":"post-56289","1":"product","2":"type-product","3":"status-publish","4":"has-post-thumbnail","6":"product_brand-harmony","7":"product_cat-kosmetische-produkte","8":"product_cat-kosmetika","9":"product_shipping_class-3d-objekte","10":"_wholesalex wsx-wholesalex-product","12":"first","13":"outofstock","14":"purchasable","15":"product-type-simple"},"acf":[],"jetpack_sharing_enabled":true,"_links":{"self":[{"href":"https:\/\/www.lespaillettesvertes.ch\/de\/wp-json\/wp\/v2\/product\/56289","targetHints":{"allow":["GET"]}}],"collection":[{"href":"https:\/\/www.lespaillettesvertes.ch\/de\/wp-json\/wp\/v2\/product"}],"about":[{"href":"https:\/\/www.lespaillettesvertes.ch\/de\/wp-json\/wp\/v2\/types\/product"}],"replies":[{"embeddable":true,"href":"https:\/\/www.lespaillettesvertes.ch\/de\/wp-json\/wp\/v2\/comments?post=56289"}],"wp:featuredmedia":[{"embeddable":true,"href":"https:\/\/www.lespaillettesvertes.ch\/de\/wp-json\/wp\/v2\/media\/54907"}],"wp:attachment":[{"href":"https:\/\/www.lespaillettesvertes.ch\/de\/wp-json\/wp\/v2\/media?parent=56289"}],"wp:term":[{"taxonomy":"product_brand","embeddable":true,"href":"https:\/\/www.lespaillettesvertes.ch\/de\/wp-json\/wp\/v2\/product_brand?post=56289"},{"taxonomy":"product_cat","embeddable":true,"href":"https:\/\/www.lespaillettesvertes.ch\/de\/wp-json\/wp\/v2\/product_cat?post=56289"},{"taxonomy":"product_tag","embeddable":true,"href":"https:\/\/www.lespaillettesvertes.ch\/de\/wp-json\/wp\/v2\/product_tag?post=56289"}],"curies":[{"name":"wp","href":"https:\/\/api.w.org\/{rel}","templated":true}]}}