{"id":56281,"date":"2024-10-29T14:45:41","date_gmt":"2024-10-29T13:45:41","guid":{"rendered":"https:\/\/www.lespaillettesvertes.ch\/produit\/natuerliche-lavendelseife-sanfte-reinigung-peeling\/"},"modified":"2025-11-03T19:47:44","modified_gmt":"2025-11-03T18:47:44","slug":"natuerliche-lavendelseife-sanfte-reinigung-peeling","status":"publish","type":"product","link":"https:\/\/www.lespaillettesvertes.ch\/de\/produit\/natuerliche-lavendelseife-sanfte-reinigung-peeling\/","title":{"rendered":"Nat\u00fcrliche Lavendelseife &#8211; Sanfte Reinigung &amp; Peeling"},"content":{"rendered":"<h2>100% Nat\u00fcrliche Lavendelseife &#8211; Sanft und peelend<\/h2>\n<p>Entdecken Sie unsere Lavendelseife, die aus 100% nat\u00fcrlichen Zutaten handgefertigt wurde. Diese Seife reinigt Ihren K\u00f6rper sanft und bietet gleichzeitig ein leichtes Peeling. Mit einem ausgewogenen pH-Wert (8-9) ist sie f\u00fcr alle Hauttypen geeignet.  <\/p>\n<h4>Die wichtigsten Vorteile :<\/h4>\n<ul>\n<li><strong>Nat\u00fcrliche Formel<\/strong>: Hergestellt aus Kokosnuss\u00f6l, Sheabutter und Oliven\u00f6l, angereichert mit \u00e4therischen \u00d6len und Lavendelbl\u00fcten.<\/li>\n<li><strong>Sanftes Peeling<\/strong>: Fein geschnittene Lavendelbl\u00e4tter sorgen f\u00fcr ein sanftes Peeling.<\/li>\n<li><strong>Hautgleichgewicht<\/strong>: Stellt das nat\u00fcrliche Gleichgewicht der <strong>Haut<\/strong> wieder her, w\u00e4hrend es Feuchtigkeit spendet und beruhigend wirkt.<\/li>\n<li><strong>Entspannender Duft<\/strong>: Lavendel ist f\u00fcr seine beruhigenden Eigenschaften bekannt und f\u00f6rdert einen erholsamen Schlaf.<\/li>\n<li><strong>Gesund und verantwortungsbewusst<\/strong>: Ohne Palm\u00f6l, Konservierungsstoffe, Laktose, Gluten, Parabene, GVO und synthetische Farbstoffe.<\/li>\n<\/ul>\n<h4>Umweltfreundlich<\/h4>\n<ul>\n<li><strong>Die Verpackung besteht aus recyceltem und wiederverwertbarem Karton<\/strong>.<\/li>\n<\/ul>\n<p>Entdecken Sie unsere anderen <a href=\"https:\/\/www.lespaillettesvertes.ch\/de\/categorie-produit\/kosmetika\/kosmetische-produkte\/\">Kosmetikprodukte<\/a> f\u00fcr eine gesunde und engagierte Routine!<\/p>\n","protected":false},"excerpt":{"rendered":"<p>100% Nat\u00fcrliche Lavendelseife &#8211; Sanft und peelend Entdecken Sie unsere Lavendelseife, die aus 100% nat\u00fcrlichen Zutaten handgefertigt wurde. Diese Seife reinigt Ihren K\u00f6rper sanft und bietet gleichzeitig ein leichtes Peeling. Mit einem ausgewogenen pH-Wert (8-9) ist sie f\u00fcr alle Hauttypen geeignet. Die wichtigsten Vorteile : Nat\u00fcrliche Formel: Hergestellt aus Kokosnuss\u00f6l, Sheabutter und Oliven\u00f6l, angereichert mit [&hellip;]<\/p>\n","protected":false},"featured_media":54717,"comment_status":"open","ping_status":"closed","template":"","meta":{"_acf_changed":false},"product_brand":[5106],"product_cat":[5237,5238],"product_tag":[],"class_list":{"0":"post-56281","1":"product","2":"type-product","3":"status-publish","4":"has-post-thumbnail","6":"product_brand-harmony","7":"product_cat-kosmetische-produkte","8":"product_cat-kosmetika","9":"product_shipping_class-3d-objekte","10":"_wholesalex wsx-wholesalex-product","12":"first","13":"instock","14":"purchasable","15":"product-type-simple"},"acf":[],"jetpack_sharing_enabled":true,"_links":{"self":[{"href":"https:\/\/www.lespaillettesvertes.ch\/de\/wp-json\/wp\/v2\/product\/56281","targetHints":{"allow":["GET"]}}],"collection":[{"href":"https:\/\/www.lespaillettesvertes.ch\/de\/wp-json\/wp\/v2\/product"}],"about":[{"href":"https:\/\/www.lespaillettesvertes.ch\/de\/wp-json\/wp\/v2\/types\/product"}],"replies":[{"embeddable":true,"href":"https:\/\/www.lespaillettesvertes.ch\/de\/wp-json\/wp\/v2\/comments?post=56281"}],"wp:featuredmedia":[{"embeddable":true,"href":"https:\/\/www.lespaillettesvertes.ch\/de\/wp-json\/wp\/v2\/media\/54717"}],"wp:attachment":[{"href":"https:\/\/www.lespaillettesvertes.ch\/de\/wp-json\/wp\/v2\/media?parent=56281"}],"wp:term":[{"taxonomy":"product_brand","embeddable":true,"href":"https:\/\/www.lespaillettesvertes.ch\/de\/wp-json\/wp\/v2\/product_brand?post=56281"},{"taxonomy":"product_cat","embeddable":true,"href":"https:\/\/www.lespaillettesvertes.ch\/de\/wp-json\/wp\/v2\/product_cat?post=56281"},{"taxonomy":"product_tag","embeddable":true,"href":"https:\/\/www.lespaillettesvertes.ch\/de\/wp-json\/wp\/v2\/product_tag?post=56281"}],"curies":[{"name":"wp","href":"https:\/\/api.w.org\/{rel}","templated":true}]}}