{"id":56279,"date":"2024-10-29T14:47:56","date_gmt":"2024-10-29T13:47:56","guid":{"rendered":"https:\/\/www.lespaillettesvertes.ch\/produit\/natuerliches-minze-eukalyptus-shampoo-100-fest\/"},"modified":"2025-10-30T14:55:10","modified_gmt":"2025-10-30T13:55:10","slug":"natuerliches-minze-eukalyptus-shampoo-100-fest","status":"publish","type":"product","link":"https:\/\/www.lespaillettesvertes.ch\/de\/produit\/natuerliches-minze-eukalyptus-shampoo-100-fest\/","title":{"rendered":"Nat\u00fcrliches Minze &amp; Eukalyptus Shampoo 100% fest"},"content":{"rendered":"<h2>Nat\u00fcrliches festes Shampoo &#8211; Sanftheit und Ausgeglichenheit<\/h2>\n<p>&nbsp;<\/p>\n<p>Entdecken Sie unser <strong>100% nat\u00fcrliches, festes Minzshampoo<\/strong>, das mit Sorgfalt handgefertigt wurde. Es enth\u00e4lt Karit\u00e9butter, reinigt und sch\u00fctzt Ihre Kopfhaut und n\u00e4hrt Ihr Haar. <\/p>\n<p><strong>Merkmale :<\/strong><\/p>\n<ul>\n<li><strong>Ausgewogener pH-Wert (8-9)<\/strong>: Perfekt, um das nat\u00fcrliche Gleichgewicht Ihrer Kopfhaut wiederherzustellen.<\/li>\n<li><strong>Frischer Duft<\/strong>: Genie\u00dfen Sie eine zarte Mischung aus Pfefferminze und Eukalyptus.<\/li>\n<li><strong>Biologische Inhalts<\/strong> stoffe: Besteht ausschlie\u00dflich aus nat\u00fcrlichen, veganen und biologischen Inhaltsstoffen.<\/li>\n<li><strong>Gesund und umweltfreundlich<\/strong>: Ohne Palm\u00f6l, Konservierungsstoffe, Laktose, Gluten, Parabene, GVO und synthetische Farbstoffe.<\/li>\n<\/ul>\n<p>\u2672 <strong>Umweltfreundlich<\/strong>: Unsere Kartonverpackungen sind recycelt und wiederverwertbar.<\/p>\n","protected":false},"excerpt":{"rendered":"<p>Nat\u00fcrliches festes Shampoo &#8211; Sanftheit und Ausgeglichenheit &nbsp; Entdecken Sie unser 100% nat\u00fcrliches, festes Minzshampoo, das mit Sorgfalt handgefertigt wurde. Es enth\u00e4lt Karit\u00e9butter, reinigt und sch\u00fctzt Ihre Kopfhaut und n\u00e4hrt Ihr Haar. Merkmale : Ausgewogener pH-Wert (8-9): Perfekt, um das nat\u00fcrliche Gleichgewicht Ihrer Kopfhaut wiederherzustellen. Frischer Duft: Genie\u00dfen Sie eine zarte Mischung aus Pfefferminze und [&hellip;]<\/p>\n","protected":false},"featured_media":54714,"comment_status":"open","ping_status":"closed","template":"","meta":{"_acf_changed":false},"product_brand":[5106],"product_cat":[5237,5238],"product_tag":[],"class_list":{"0":"post-56279","1":"product","2":"type-product","3":"status-publish","4":"has-post-thumbnail","6":"product_brand-harmony","7":"product_cat-kosmetische-produkte","8":"product_cat-kosmetika","9":"product_shipping_class-3d-objekte","10":"_wholesalex wsx-wholesalex-product","12":"first","13":"instock","14":"purchasable","15":"product-type-simple"},"acf":[],"jetpack_sharing_enabled":true,"_links":{"self":[{"href":"https:\/\/www.lespaillettesvertes.ch\/de\/wp-json\/wp\/v2\/product\/56279","targetHints":{"allow":["GET"]}}],"collection":[{"href":"https:\/\/www.lespaillettesvertes.ch\/de\/wp-json\/wp\/v2\/product"}],"about":[{"href":"https:\/\/www.lespaillettesvertes.ch\/de\/wp-json\/wp\/v2\/types\/product"}],"replies":[{"embeddable":true,"href":"https:\/\/www.lespaillettesvertes.ch\/de\/wp-json\/wp\/v2\/comments?post=56279"}],"wp:featuredmedia":[{"embeddable":true,"href":"https:\/\/www.lespaillettesvertes.ch\/de\/wp-json\/wp\/v2\/media\/54714"}],"wp:attachment":[{"href":"https:\/\/www.lespaillettesvertes.ch\/de\/wp-json\/wp\/v2\/media?parent=56279"}],"wp:term":[{"taxonomy":"product_brand","embeddable":true,"href":"https:\/\/www.lespaillettesvertes.ch\/de\/wp-json\/wp\/v2\/product_brand?post=56279"},{"taxonomy":"product_cat","embeddable":true,"href":"https:\/\/www.lespaillettesvertes.ch\/de\/wp-json\/wp\/v2\/product_cat?post=56279"},{"taxonomy":"product_tag","embeddable":true,"href":"https:\/\/www.lespaillettesvertes.ch\/de\/wp-json\/wp\/v2\/product_tag?post=56279"}],"curies":[{"name":"wp","href":"https:\/\/api.w.org\/{rel}","templated":true}]}}