{"id":56277,"date":"2024-10-29T15:21:45","date_gmt":"2024-10-29T14:21:45","guid":{"rendered":"https:\/\/www.lespaillettesvertes.ch\/produit\/natuerliches-deodorant-parfuemfrei\/"},"modified":"2026-03-04T12:34:56","modified_gmt":"2026-03-04T11:34:56","slug":"natuerliches-deodorant-parfuemfrei","status":"publish","type":"product","link":"https:\/\/www.lespaillettesvertes.ch\/de\/produit\/natuerliches-deodorant-parfuemfrei\/","title":{"rendered":"Nat\u00fcrliches Deodorant &#8211; Parf\u00fcmfrei"},"content":{"rendered":"<p class=\"\" data-start=\"39\" data-end=\"426\">\ud83c\udf3f <strong data-start=\"42\" data-end=\"97\">Nat\u00fcrliches Deodorant: Schutz und lang anhaltende Frische<\/strong><br data-start=\"97\" data-end=\"100\">Dieses nat\u00fcrliche Deodorant sch\u00fctzt wirksam vor unangenehmen Ger\u00fcchen und ist gleichzeitig schonend f\u00fcr empfindliche Haut. Seine milde, chemikalienfreie Formel sorgt den ganzen Tag f\u00fcr lang anhaltende Frische. Ohne Aluminiumsalze und Parabene ist es auch umweltfreundlich. Es hinterl\u00e4sst keine Spuren auf der Kleidung.   <\/p>\n<p class=\"\" data-start=\"428\" data-end=\"508\">Entdecken Sie auch unser <a href=\"https:\/\/www.lespaillettesvertes.ch\/de\/produit\/natuerliches-deodorant-lavendel\/\">nat\u00fcrliches Lavendel-Deodorant<\/a> f\u00fcr einen beruhigenden Duft.<\/p>\n<p class=\"\" data-start=\"510\" data-end=\"556\">\ud83c\udf3f <strong data-start=\"513\" data-end=\"556\">Warum Nat\u00fcrliches Deodorant w\u00e4hlen?<\/strong><\/p>\n<p class=\"\" data-start=\"558\" data-end=\"765\">\u2714 Langfristiger Schutz vor Ger\u00fcchen.<br data-start=\"602\" data-end=\"605\">\u2714 Sanfte Formel, ideal f\u00fcr empfindliche Haut.<br data-start=\"654\" data-end=\"657\">\u2714 Angenehme Frische und streifenfrei.<br data-start=\"693\" data-end=\"696\">\u2714 Ohne Aluminiumsalze und Parabene, umweltfreundlich.<\/p>\n<p class=\"\" data-start=\"767\" data-end=\"842\">Um Ihre Routine zu vervollst\u00e4ndigen, probieren Sie auch unseren <a href=\"https:\/\/www.lespaillettesvertes.ch\/de\/produit\/natuerlicher-naehrender-koerperbalsam-reparierende-pflege\/\"><b>Feuchtigkeitsbalsam.<\/b><\/a><\/p>\n<p class=\"\" data-start=\"1028\" data-end=\"1253\">\ud83c\udf31 <strong data-start=\"1031\" data-end=\"1074\">Nat\u00fcrliches Deodorant: Eine umweltfreundliche Wahl<\/strong><\/p>\n<p class=\"\" data-start=\"1028\" data-end=\"1253\"><br data-start=\"1074\" data-end=\"1077\">W\u00e4hlen Sie dieses Deodorant f\u00fcr einen wirksamen Schutz, der Ihre Haut und die Umwelt respektiert. F\u00fcr noch mehr Frische entdecken Sie unser <strong data-start=\"1223\" data-end=\"1252\">Deodorant Zitrone Tea Tree<\/strong>. <\/p>\n","protected":false},"excerpt":{"rendered":"<p>Das nat\u00fcrliche Deodorant sch\u00fctzt Sie mit seiner milden und nat\u00fcrlichen Formel wirksam vor unangenehmen Ger\u00fcchen. Es enth\u00e4lt keine Chemikalien, ist ideal f\u00fcr empfindliche Haut und sorgt f\u00fcr eine lang anhaltende Frische. <\/p>\n","protected":false},"featured_media":54910,"comment_status":"open","ping_status":"closed","template":"","meta":{"_acf_changed":false},"product_brand":[5106],"product_cat":[5238,5237],"product_tag":[],"class_list":{"0":"post-56277","1":"product","2":"type-product","3":"status-publish","4":"has-post-thumbnail","6":"product_brand-harmony","7":"product_cat-kosmetika","8":"product_cat-kosmetische-produkte","9":"product_shipping_class-3d-objekte","11":"first","12":"instock","13":"purchasable","14":"product-type-simple"},"acf":[],"jetpack_sharing_enabled":true,"_links":{"self":[{"href":"https:\/\/www.lespaillettesvertes.ch\/de\/wp-json\/wp\/v2\/product\/56277","targetHints":{"allow":["GET"]}}],"collection":[{"href":"https:\/\/www.lespaillettesvertes.ch\/de\/wp-json\/wp\/v2\/product"}],"about":[{"href":"https:\/\/www.lespaillettesvertes.ch\/de\/wp-json\/wp\/v2\/types\/product"}],"replies":[{"embeddable":true,"href":"https:\/\/www.lespaillettesvertes.ch\/de\/wp-json\/wp\/v2\/comments?post=56277"}],"wp:featuredmedia":[{"embeddable":true,"href":"https:\/\/www.lespaillettesvertes.ch\/de\/wp-json\/wp\/v2\/media\/54910"}],"wp:attachment":[{"href":"https:\/\/www.lespaillettesvertes.ch\/de\/wp-json\/wp\/v2\/media?parent=56277"}],"wp:term":[{"taxonomy":"product_brand","embeddable":true,"href":"https:\/\/www.lespaillettesvertes.ch\/de\/wp-json\/wp\/v2\/product_brand?post=56277"},{"taxonomy":"product_cat","embeddable":true,"href":"https:\/\/www.lespaillettesvertes.ch\/de\/wp-json\/wp\/v2\/product_cat?post=56277"},{"taxonomy":"product_tag","embeddable":true,"href":"https:\/\/www.lespaillettesvertes.ch\/de\/wp-json\/wp\/v2\/product_tag?post=56277"}],"curies":[{"name":"wp","href":"https:\/\/api.w.org\/{rel}","templated":true}]}}