{"id":56254,"date":"2024-10-27T18:57:34","date_gmt":"2024-10-27T17:57:34","guid":{"rendered":"https:\/\/www.lespaillettesvertes.ch\/produit\/die-binibox-nachhaltige-hermetische-lunchbox\/"},"modified":"2025-12-04T15:53:08","modified_gmt":"2025-12-04T14:53:08","slug":"die-binibox-nachhaltige-hermetische-lunchbox","status":"publish","type":"product","link":"https:\/\/www.lespaillettesvertes.ch\/de\/produit\/die-binibox-nachhaltige-hermetische-lunchbox\/","title":{"rendered":"Die Binibox &#8211; Nachhaltige hermetische Lunchbox"},"content":{"rendered":"<div>\n<div class=\"product__block aos-init aos-animate\" data-aos=\"fade-up\" data-aos-anchor=\"#FeaturedProduct--template--19349255192921__main\" data-aos-delay=\"750\">\n<div class=\"product__subheading\">\n<div class=\"metafield-rich_text_field\">\n<p>Die Binibox ist ein praktischer, luftdichter Teller mit gro\u00dfem Fassungsverm\u00f6gen f\u00fcr unterwegs, so dass das Essen im Freien immer ein Vergn\u00fcgen ist.<\/p>\n<\/div>\n<\/div>\n<\/div>\n<div class=\"product__block aos-init aos-animate\" data-aos=\"fade-up\" data-aos-anchor=\"#FeaturedProduct--template--19349255192921__main\" data-aos-delay=\"900\">\n<div class=\"product__subheading\">\n<div class=\"metafield-rich_text_field\">\n<p>&nbsp;<\/p>\n<div class=\"table-wrapper\" data-scroll-lock-scrollable=\"\">\n<table class=\"custom-emoji-details\">\n<tbody>\n<tr>\n<td>\ud83c\uddeb\ud83c\uddf7 Franz\u00f6sische Herstellung<\/td>\n<td>\ud83c\udf31 Nachhaltige und bio-basierte Materialien<\/td>\n<\/tr>\n<tr>\n<td>\ud83e\udee7 Stabil und sp\u00fclmaschinenfest.<\/td>\n<td>\ud83d\udca1 Perfekt luftdicht.<\/td>\n<\/tr>\n<tr>\n<td colspan=\"2\">\u2600\ufe0f Mikrowelle Friendly<\/td>\n<\/tr>\n<tr>\n<td colspan=\"2\"><\/td>\n<\/tr>\n<\/tbody>\n<\/table>\n<\/div>\n<\/div>\n<\/div>\n<\/div>\n<p>&nbsp;<\/p>\n<\/div>\n<div>\n<p>Praktisch: Versprochen, Ihre Suppe wird nicht auf dem Boden der Tasche auslaufen. Aber auch sch\u00f6n (Design von Margaux Keller) und nachhaltig, da sie den viel zu vielen Abf\u00e4llen, die bei unseren Mittagessen im Freien entstehen, ein Ende setzt. <\/p>\n<p>Sie m\u00fcssen nur noch Ihre Mahlzeiten unterwegs genie\u00dfen, wo immer Sie wollen, im B\u00fcro oder bei einem Picknick. Diejenigen, f\u00fcr die es komplizierter ist&#8230; sind die Einweg-Plastikschalen, die unzuverl\u00e4ssigen Pappschachteln und die deprimierenden Tup&#8216;. Es besteht die Gefahr, dass sie aus unserem Leben verschwinden.  <\/p>\n<\/div>\n","protected":false},"excerpt":{"rendered":"<p>Die Lunchbox ist aus biobasiertem Material hergestellt und hat ein Fassungsverm\u00f6gen von 950 ml.<\/p>\n","protected":false},"featured_media":54282,"comment_status":"open","ping_status":"closed","template":"","meta":{"_acf_changed":false},"product_brand":[821],"product_cat":[5206,5205],"product_tag":[],"class_list":{"0":"post-56254","1":"product","2":"type-product","3":"status-publish","4":"has-post-thumbnail","6":"product_brand-bini","7":"product_cat-zubehor","8":"product_cat-outdoor","9":"product_shipping_class-3d-objekte","10":"_wholesalex wsx-wholesalex-product","12":"first","13":"instock","14":"purchasable","15":"product-type-variable"},"acf":[],"jetpack_sharing_enabled":true,"_links":{"self":[{"href":"https:\/\/www.lespaillettesvertes.ch\/de\/wp-json\/wp\/v2\/product\/56254","targetHints":{"allow":["GET"]}}],"collection":[{"href":"https:\/\/www.lespaillettesvertes.ch\/de\/wp-json\/wp\/v2\/product"}],"about":[{"href":"https:\/\/www.lespaillettesvertes.ch\/de\/wp-json\/wp\/v2\/types\/product"}],"replies":[{"embeddable":true,"href":"https:\/\/www.lespaillettesvertes.ch\/de\/wp-json\/wp\/v2\/comments?post=56254"}],"wp:featuredmedia":[{"embeddable":true,"href":"https:\/\/www.lespaillettesvertes.ch\/de\/wp-json\/wp\/v2\/media\/54282"}],"wp:attachment":[{"href":"https:\/\/www.lespaillettesvertes.ch\/de\/wp-json\/wp\/v2\/media?parent=56254"}],"wp:term":[{"taxonomy":"product_brand","embeddable":true,"href":"https:\/\/www.lespaillettesvertes.ch\/de\/wp-json\/wp\/v2\/product_brand?post=56254"},{"taxonomy":"product_cat","embeddable":true,"href":"https:\/\/www.lespaillettesvertes.ch\/de\/wp-json\/wp\/v2\/product_cat?post=56254"},{"taxonomy":"product_tag","embeddable":true,"href":"https:\/\/www.lespaillettesvertes.ch\/de\/wp-json\/wp\/v2\/product_tag?post=56254"}],"curies":[{"name":"wp","href":"https:\/\/api.w.org\/{rel}","templated":true}]}}