{"id":56252,"date":"2024-10-23T15:00:05","date_gmt":"2024-10-23T13:00:05","guid":{"rendered":"https:\/\/www.lespaillettesvertes.ch\/produit\/kamm-mit-holzgriff-sanfte-entwirrung\/"},"modified":"2026-03-04T12:41:07","modified_gmt":"2026-03-04T11:41:07","slug":"kamm-mit-holzgriff-sanfte-entwirrung","status":"publish","type":"product","link":"https:\/\/www.lespaillettesvertes.ch\/de\/produit\/kamm-mit-holzgriff-sanfte-entwirrung\/","title":{"rendered":"Kamm mit Holzgriff &#8211; Sanfte Entwirrung"},"content":{"rendered":"<p>Entdecken Sie den Buchenholzkamm, ein elegantes und effektives Accessoire f\u00fcr die Haarpflege. Nat\u00fcrlich antistatisch, massiert er sanft die Kopfhaut, f\u00f6rdert die Durchblutung und beseitigt Unreinheiten. Hergestellt in Europa nach traditionellen Methoden und mit Bienenwachs behandelt, um die Haltbarkeit zu erh\u00f6hen. Eine nat\u00fcrliche Wahl f\u00fcr gesundes Haar.   <\/p>\n","protected":false},"excerpt":{"rendered":"<p>Entdecken Sie den Buchenholzkamm, ein elegantes und effektives Accessoire f\u00fcr die Haarpflege. Nat\u00fcrlich antistatisch, massiert er sanft die Kopfhaut, f\u00f6rdert die Durchblutung und beseitigt Unreinheiten. Hergestellt in Europa nach traditionellen Methoden und mit Bienenwachs behandelt, um die Haltbarkeit zu erh\u00f6hen. Eine nat\u00fcrliche Wahl f\u00fcr gesundes Haar.<\/p>\n","protected":false},"featured_media":54373,"comment_status":"open","ping_status":"closed","template":"","meta":{"_acf_changed":false},"product_brand":[],"product_cat":[5238,5201],"product_tag":[],"class_list":{"0":"post-56252","1":"product","2":"type-product","3":"status-publish","4":"has-post-thumbnail","6":"product_cat-kosmetika","7":"product_cat-kosmetisches-zubehor","8":"product_shipping_class-3d-objekte","10":"first","11":"instock","12":"purchasable","13":"product-type-simple"},"acf":[],"jetpack_sharing_enabled":true,"_links":{"self":[{"href":"https:\/\/www.lespaillettesvertes.ch\/de\/wp-json\/wp\/v2\/product\/56252","targetHints":{"allow":["GET"]}}],"collection":[{"href":"https:\/\/www.lespaillettesvertes.ch\/de\/wp-json\/wp\/v2\/product"}],"about":[{"href":"https:\/\/www.lespaillettesvertes.ch\/de\/wp-json\/wp\/v2\/types\/product"}],"replies":[{"embeddable":true,"href":"https:\/\/www.lespaillettesvertes.ch\/de\/wp-json\/wp\/v2\/comments?post=56252"}],"wp:featuredmedia":[{"embeddable":true,"href":"https:\/\/www.lespaillettesvertes.ch\/de\/wp-json\/wp\/v2\/media\/54373"}],"wp:attachment":[{"href":"https:\/\/www.lespaillettesvertes.ch\/de\/wp-json\/wp\/v2\/media?parent=56252"}],"wp:term":[{"taxonomy":"product_brand","embeddable":true,"href":"https:\/\/www.lespaillettesvertes.ch\/de\/wp-json\/wp\/v2\/product_brand?post=56252"},{"taxonomy":"product_cat","embeddable":true,"href":"https:\/\/www.lespaillettesvertes.ch\/de\/wp-json\/wp\/v2\/product_cat?post=56252"},{"taxonomy":"product_tag","embeddable":true,"href":"https:\/\/www.lespaillettesvertes.ch\/de\/wp-json\/wp\/v2\/product_tag?post=56252"}],"curies":[{"name":"wp","href":"https:\/\/api.w.org\/{rel}","templated":true}]}}